{"id":410,"date":"2015-11-25T08:42:52","date_gmt":"2015-11-25T08:42:52","guid":{"rendered":"http:\/\/nytt.jrmusic.is\/?post_type=product&#038;p=410"},"modified":"2015-11-25T08:42:52","modified_gmt":"2015-11-25T08:42:52","slug":"thor-breidfjord-a-ljufu-kvoldi","status":"publish","type":"product","link":"https:\/\/jrmusic.is\/en\/product\/thor-breidfjord-a-ljufu-kvoldi\/","title":{"rendered":"\u00de\u00f3r Brei\u00f0fj\u00f6r\u00f0 &#8211; \u00c1 lj\u00fafu kv\u00f6ldi"},"content":{"rendered":"","protected":false},"excerpt":{"rendered":"","protected":false},"featured_media":411,"template":"","meta":[],"product_brand":[],"product_cat":[18],"product_tag":[],"class_list":{"0":"post-410","1":"product","2":"type-product","3":"status-publish","4":"has-post-thumbnail","6":"product_cat-uncategorized","8":"first","9":"instock","10":"shipping-taxable","11":"purchasable","12":"product-type-simple"},"_links":{"self":[{"href":"https:\/\/jrmusic.is\/en\/wp-json\/wp\/v2\/product\/410","targetHints":{"allow":["GET"]}}],"collection":[{"href":"https:\/\/jrmusic.is\/en\/wp-json\/wp\/v2\/product"}],"about":[{"href":"https:\/\/jrmusic.is\/en\/wp-json\/wp\/v2\/types\/product"}],"wp:featuredmedia":[{"embeddable":true,"href":"https:\/\/jrmusic.is\/en\/wp-json\/wp\/v2\/media\/411"}],"wp:attachment":[{"href":"https:\/\/jrmusic.is\/en\/wp-json\/wp\/v2\/media?parent=410"}],"wp:term":[{"taxonomy":"product_brand","embeddable":true,"href":"https:\/\/jrmusic.is\/en\/wp-json\/wp\/v2\/product_brand?post=410"},{"taxonomy":"product_cat","embeddable":true,"href":"https:\/\/jrmusic.is\/en\/wp-json\/wp\/v2\/product_cat?post=410"},{"taxonomy":"product_tag","embeddable":true,"href":"https:\/\/jrmusic.is\/en\/wp-json\/wp\/v2\/product_tag?post=410"}],"curies":[{"name":"wp","href":"https:\/\/api.w.org\/{rel}","templated":true}]}}