{"id":316,"date":"2015-11-23T22:37:22","date_gmt":"2015-11-23T22:37:22","guid":{"rendered":"http:\/\/nytt.jrmusic.is\/?post_type=product&#038;p=316"},"modified":"2015-11-24T12:24:37","modified_gmt":"2015-11-24T12:24:37","slug":"margret-eir-pall-rosinkranz-if-i-needed-you","status":"publish","type":"product","link":"https:\/\/jrmusic.is\/en\/product\/margret-eir-pall-rosinkranz-if-i-needed-you\/","title":{"rendered":"Margr\u00e9t Eir &#038; P\u00e1ll R\u00f3sinkranz &#8211; If I needed you"},"content":{"rendered":"<p>Margr\u00e9t Eir og P\u00e1ll R\u00f3sinkrans lei\u00f0a h\u00e9r saman hesta s\u00edna \u00ed d\u00e1samlegum d\u00faettum.\u00a0B\u00e6\u00f0i eiga \u00feau a\u00f0 baki langan og fars\u00e6lan feril \u00ed \u00edslensku t\u00f3nlistarl\u00edfi og hafa sent fr\u00e1 s\u00e9r \u00f3tal pl\u00f6tur, jafnt sem s\u00f3l\u00f3istar og \u00ed samstarfi vi\u00f0 a\u00f0ra t\u00f3nlistarmenn. Margr\u00e9t Eir og P\u00e1ll hafa unni\u00f0 miki\u00f0 saman \u00ed gegnum \u00e1rin og samstarf \u00feeirra virkilega bl\u00f3mstrar \u00e1 \u00feessari pl\u00f6tu.<br \/>\n<em>\u201cIf I needed you\u201d<\/em> er \u00ferett\u00e1n laga plata \u00fear sem kafa\u00f0 er dj\u00fapt \u00ed r\u00e6tur amer\u00edskrar \u00fej\u00f3\u00f0lagahef\u00f0ar.\u00a0L\u00f6gin hafa flest n\u00e1\u00f0 miklum vins\u00e6ldum \u00e1 veraldarv\u00edsu \u00e1 \u00f3l\u00edkum t\u00edmum.<br \/>\nSagnahef\u00f0in er r\u00edk \u00ed \u00feessari tegund t\u00f3nlistar og \u00fev\u00ed \u00e1skorun g\u00f3\u00f0u s\u00f6ngf\u00f3lki \u00fear sem ekki n\u00e6gir a\u00f0 syngja textann vel heldur segja s\u00f6guna svo \u00e1heyrandinn hr\u00edfist me\u00f0.<\/p>\n<div>\n<p>\u00dea\u00f0 er hlj\u00f3msveitin Thin Jim sem s\u00e9r um undirspili\u00f0, en Thin Jim skipa \u00feeir J\u00f6kull J\u00f6rgensen \u00e1 bassa, Andr\u00e9s \u00de\u00f3r Gunnlaugsson \u00e1 g\u00edtara, Kjartan Gu\u00f0nason \u00e1 trommur og slagverk og P\u00e9tur Hjaltested \u00e1 hlj\u00f3mbor\u00f0, en einnig koma vi\u00f0 s\u00f6gu \u00feeir Matth\u00edas Stef\u00e1nsson \u00e1 fi\u00f0lu, Stef\u00e1n \u00d3mar Jakobsson \u00e1 b\u00e1s\u00fanu, Eir\u00edkur Rafn Stef\u00e1nsson \u00e1 tompet og \u00c1sgeir \u00c1sgeirsson, sem leikur \u00e1 g\u00edtar \u00ed laginu If I needed you.<\/p>\n<p>kaupa \u00e1\u00a0<a href=\"http:\/\/www.tonlist.is\/Music\/Album\/1325345\/margret_eir_og_pall_rosinkranz\/if_i_needed_you\/\">tonlist.is<\/a><\/p>\n<\/div>\n","protected":false},"excerpt":{"rendered":"<p>Margr\u00e9t Eir og P\u00e1ll R\u00f3sinkrans lei\u00f0a h\u00e9r saman hesta s\u00edna \u00ed d\u00e1samlegum d\u00faettum.\u00a0B\u00e6\u00f0i eiga \u00feau a\u00f0 baki langan og fars\u00e6lan feril \u00ed \u00edslensku t\u00f3nlistarl\u00edfi og hafa sent fr\u00e1 s\u00e9r \u00f3tal pl\u00f6tur, jafnt sem s\u00f3l\u00f3istar og \u00ed samstarfi vi\u00f0 a\u00f0ra t\u00f3nlistarmenn. Margr\u00e9t Eir og P\u00e1ll hafa unni\u00f0 miki\u00f0 saman \u00ed gegnum \u00e1rin og samstarf \u00feeirra virkilega &hellip; <a href=\"https:\/\/jrmusic.is\/en\/product\/margret-eir-pall-rosinkranz-if-i-needed-you\/\" class=\"more-link\">Continue reading <span class=\"screen-reader-text\">Margr\u00e9t Eir &#038; P\u00e1ll R\u00f3sinkranz &#8211; If I needed you<\/span> <span class=\"meta-nav\">&rarr;<\/span><\/a><\/p>\n","protected":false},"featured_media":317,"template":"","meta":[],"product_brand":[],"product_cat":[18],"product_tag":[],"class_list":{"0":"post-316","1":"product","2":"type-product","3":"status-publish","4":"has-post-thumbnail","6":"product_cat-uncategorized","8":"first","9":"instock","10":"shipping-taxable","11":"purchasable","12":"product-type-simple"},"_links":{"self":[{"href":"https:\/\/jrmusic.is\/en\/wp-json\/wp\/v2\/product\/316","targetHints":{"allow":["GET"]}}],"collection":[{"href":"https:\/\/jrmusic.is\/en\/wp-json\/wp\/v2\/product"}],"about":[{"href":"https:\/\/jrmusic.is\/en\/wp-json\/wp\/v2\/types\/product"}],"wp:featuredmedia":[{"embeddable":true,"href":"https:\/\/jrmusic.is\/en\/wp-json\/wp\/v2\/media\/317"}],"wp:attachment":[{"href":"https:\/\/jrmusic.is\/en\/wp-json\/wp\/v2\/media?parent=316"}],"wp:term":[{"taxonomy":"product_brand","embeddable":true,"href":"https:\/\/jrmusic.is\/en\/wp-json\/wp\/v2\/product_brand?post=316"},{"taxonomy":"product_cat","embeddable":true,"href":"https:\/\/jrmusic.is\/en\/wp-json\/wp\/v2\/product_cat?post=316"},{"taxonomy":"product_tag","embeddable":true,"href":"https:\/\/jrmusic.is\/en\/wp-json\/wp\/v2\/product_tag?post=316"}],"curies":[{"name":"wp","href":"https:\/\/api.w.org\/{rel}","templated":true}]}}