{"id":314,"date":"2015-11-23T22:36:02","date_gmt":"2015-11-23T22:36:02","guid":{"rendered":"http:\/\/nytt.jrmusic.is\/?post_type=product&#038;p=314"},"modified":"2015-11-24T12:25:47","modified_gmt":"2015-11-24T12:25:47","slug":"gulli-briem-earth-affair-liberte","status":"publish","type":"product","link":"https:\/\/jrmusic.is\/en\/product\/gulli-briem-earth-affair-liberte\/","title":{"rendered":"Gulli Briem Earth Affair &#8211; Libert\u00e9"},"content":{"rendered":"<p>Gulli Briem, trommuleikari Mezzoforte s\u00fdnir h\u00e9r n\u00fdja hli\u00f0 \u00e1 s\u00e9r me\u00f0 n\u00fdrri pl\u00f6tu \u201cLibert\u00e9\u201d, \u00a0sem er full af sk\u00f6punargle\u00f0i og n\u00fdjum hlj\u00f3mi. Hann n\u00fdtur a\u00f0sto\u00f0ar \u00feekktra t\u00f3nlistarmanna \u00e1 bor\u00f0 vi\u00f0 J\u00f6kul J\u00f6rgensen bassaleikara og textah\u00f6fundar, Frank Aarnink slagverksleikara, Arnars Gu\u00f0j\u00f3nssonar g\u00edtarleikara \u00far Leaves, Sebastian Studnitsky \u00e1 trompet &amp; hlj\u00f3mbor\u00f0 og Joo Kraus trompetleikara, \u00e1samt su\u00f0ur-afr\u00edskum og \u00edslenskum barnak\u00f3r. Gulli syngur sj\u00e1lfur \u00ferj\u00fa l\u00f6g og leikur \u00e1 p\u00edan\u00f3 sem og \u00e1 trommur. Strengja\u00fatsetningar anna\u00f0ist Simon Hale (Bj\u00f6rk, Jamiroquai, Josh Groban). T\u00f3nlistin er sei\u00f0andi en \u00e1 sama t\u00edma kraftmikil og \u00f3venjuleg og dregur \u00e1heyrandann me\u00f0 s\u00e9r strax fr\u00e1 byrjun.<\/p>\n<p>\u201cLibert\u00e9\u201d er st\u00f3rkostlegt verk, fallegur, melank\u00f3l\u00edskur hlj\u00f3mur me\u00f0 st\u00f3rbrotnu hugmyndaflugi. Sannkalla\u00f0 H\u00f6fu\u00f0leikh\u00fas og greinilegt a\u00f0 \u00edslenska landslagi\u00f0 hefur gr\u00ed\u00f0arleg \u00e1hrif \u00e1 h\u00f6fundinn. Hlustun kallar fram \u00ed hugann \u00f3teljandi hughrif af fj\u00f6lbreytileika \u00cdslands, eldfj\u00f6ll og kraft.\u00a0<em>Velkomin \u00ed heim Earth Affair<\/em><br \/>\n(Tom Schafer)<\/p>\n<p>kaupa \u00e1\u00a0<a href=\"http:\/\/www.tonlist.is\/Music\/Album\/1298867\/gulli_briem\/liberte\/\">tonlist.is<\/a><\/p>\n","protected":false},"excerpt":{"rendered":"<p>Gulli Briem, trommuleikari Mezzoforte s\u00fdnir h\u00e9r n\u00fdja hli\u00f0 \u00e1 s\u00e9r me\u00f0 n\u00fdrri pl\u00f6tu \u201cLibert\u00e9\u201d, \u00a0sem er full af sk\u00f6punargle\u00f0i og n\u00fdjum hlj\u00f3mi. Hann n\u00fdtur a\u00f0sto\u00f0ar \u00feekktra t\u00f3nlistarmanna \u00e1 bor\u00f0 vi\u00f0 J\u00f6kul J\u00f6rgensen bassaleikara og textah\u00f6fundar, Frank Aarnink slagverksleikara, Arnars Gu\u00f0j\u00f3nssonar g\u00edtarleikara \u00far Leaves, Sebastian Studnitsky \u00e1 trompet &amp; hlj\u00f3mbor\u00f0 og Joo Kraus trompetleikara, \u00e1samt su\u00f0ur-afr\u00edskum &hellip; <a href=\"https:\/\/jrmusic.is\/en\/product\/gulli-briem-earth-affair-liberte\/\" class=\"more-link\">Continue reading <span class=\"screen-reader-text\">Gulli Briem Earth Affair &#8211; Libert\u00e9<\/span> <span class=\"meta-nav\">&rarr;<\/span><\/a><\/p>\n","protected":false},"featured_media":315,"template":"","meta":[],"product_brand":[],"product_cat":[18],"product_tag":[],"class_list":{"0":"post-314","1":"product","2":"type-product","3":"status-publish","4":"has-post-thumbnail","6":"product_cat-uncategorized","8":"first","9":"instock","10":"shipping-taxable","11":"purchasable","12":"product-type-simple"},"_links":{"self":[{"href":"https:\/\/jrmusic.is\/en\/wp-json\/wp\/v2\/product\/314","targetHints":{"allow":["GET"]}}],"collection":[{"href":"https:\/\/jrmusic.is\/en\/wp-json\/wp\/v2\/product"}],"about":[{"href":"https:\/\/jrmusic.is\/en\/wp-json\/wp\/v2\/types\/product"}],"wp:featuredmedia":[{"embeddable":true,"href":"https:\/\/jrmusic.is\/en\/wp-json\/wp\/v2\/media\/315"}],"wp:attachment":[{"href":"https:\/\/jrmusic.is\/en\/wp-json\/wp\/v2\/media?parent=314"}],"wp:term":[{"taxonomy":"product_brand","embeddable":true,"href":"https:\/\/jrmusic.is\/en\/wp-json\/wp\/v2\/product_brand?post=314"},{"taxonomy":"product_cat","embeddable":true,"href":"https:\/\/jrmusic.is\/en\/wp-json\/wp\/v2\/product_cat?post=314"},{"taxonomy":"product_tag","embeddable":true,"href":"https:\/\/jrmusic.is\/en\/wp-json\/wp\/v2\/product_tag?post=314"}],"curies":[{"name":"wp","href":"https:\/\/api.w.org\/{rel}","templated":true}]}}