{"id":312,"date":"2015-11-23T22:34:56","date_gmt":"2015-11-23T22:34:56","guid":{"rendered":"http:\/\/nytt.jrmusic.is\/?post_type=product&#038;p=312"},"modified":"2016-01-13T12:40:30","modified_gmt":"2016-01-13T12:40:30","slug":"birkir-freyr-matthiasson-a-lonely-sight","status":"publish","type":"product","link":"https:\/\/jrmusic.is\/en\/product\/birkir-freyr-matthiasson-a-lonely-sight\/","title":{"rendered":"Birkir Freyr Matth\u00edasson &#8211; A lonely Sight"},"content":{"rendered":"<p><em>A Lonely Sight<\/em> er upptaka fr\u00e1 Su\u00f0ur K\u00f3reu \u00fear sem trompet- og flygilhornleikarinn Birkir Freyr Matth\u00edasson, \u00e1samt g\u00edtarleikaranum Jean Oh og kontrabassaleikaranum Wonsool Lee leika frumsami\u00f0 efni \u00ed bland vi\u00f0 sitthva\u00f0 fleira. \u00deetta er t\u00f3nlistarleg samr\u00e6\u00f0a milli \u00feriggja f\u00e9laga sem er afsl\u00f6ppu\u00f0 og lj\u00faf \u00e1heyrnar.<\/p>\n<p>Birkir Freyr Matth\u00edasson &#8211; Flugelhorn<br \/>\nJean Oh &#8211; Guitar<br \/>\nWonsool Lee &#8211; Double Bass<\/p>\n<ol>\n<li>A Day\u00b4s Journey (Wonsool Lee)<\/li>\n<li>Homecomming (Birkir Freyr)<\/li>\n<li>Trio (Jean Oh)<\/li>\n<li>The Love, the Lonely (Byungwoo Lee)<\/li>\n<li>Gentle Breeze (Birkir Freyr)<\/li>\n<li>A Lonely Sight (Wonsool Lee)<\/li>\n<li>Free for Free (Wonsool Lee)<\/li>\n<li>Beautiful Person (Minki Kim)<\/li>\n<li>Throughout (Bill Frisell)<\/li>\n<\/ol>\n","protected":false},"excerpt":{"rendered":"<p>A Lonely Sight er upptaka fr\u00e1 Su\u00f0ur K\u00f3reu \u00fear sem trompet- og flygilhornleikarinn Birkir Freyr Matth\u00edasson, \u00e1samt g\u00edtarleikaranum Jean Oh og kontrabassaleikaranum Wonsool Lee leika frumsami\u00f0 efni \u00ed bland vi\u00f0 sitthva\u00f0 fleira. \u00deetta er t\u00f3nlistarleg samr\u00e6\u00f0a milli \u00feriggja f\u00e9laga sem er afsl\u00f6ppu\u00f0 og lj\u00faf \u00e1heyrnar. Birkir Freyr Matth\u00edasson &#8211; Flugelhorn Jean Oh &#8211; Guitar Wonsool &hellip; <a href=\"https:\/\/jrmusic.is\/en\/product\/birkir-freyr-matthiasson-a-lonely-sight\/\" class=\"more-link\">Continue reading <span class=\"screen-reader-text\">Birkir Freyr Matth\u00edasson &#8211; A lonely Sight<\/span> <span class=\"meta-nav\">&rarr;<\/span><\/a><\/p>\n","protected":false},"featured_media":333,"template":"","meta":[],"product_brand":[],"product_cat":[18],"product_tag":[],"class_list":{"0":"post-312","1":"product","2":"type-product","3":"status-publish","4":"has-post-thumbnail","6":"product_cat-uncategorized","8":"first","9":"instock","10":"shipping-taxable","11":"purchasable","12":"product-type-simple"},"_links":{"self":[{"href":"https:\/\/jrmusic.is\/en\/wp-json\/wp\/v2\/product\/312","targetHints":{"allow":["GET"]}}],"collection":[{"href":"https:\/\/jrmusic.is\/en\/wp-json\/wp\/v2\/product"}],"about":[{"href":"https:\/\/jrmusic.is\/en\/wp-json\/wp\/v2\/types\/product"}],"wp:featuredmedia":[{"embeddable":true,"href":"https:\/\/jrmusic.is\/en\/wp-json\/wp\/v2\/media\/333"}],"wp:attachment":[{"href":"https:\/\/jrmusic.is\/en\/wp-json\/wp\/v2\/media?parent=312"}],"wp:term":[{"taxonomy":"product_brand","embeddable":true,"href":"https:\/\/jrmusic.is\/en\/wp-json\/wp\/v2\/product_brand?post=312"},{"taxonomy":"product_cat","embeddable":true,"href":"https:\/\/jrmusic.is\/en\/wp-json\/wp\/v2\/product_cat?post=312"},{"taxonomy":"product_tag","embeddable":true,"href":"https:\/\/jrmusic.is\/en\/wp-json\/wp\/v2\/product_tag?post=312"}],"curies":[{"name":"wp","href":"https:\/\/api.w.org\/{rel}","templated":true}]}}