{"id":309,"date":"2015-11-23T19:06:20","date_gmt":"2015-11-23T19:06:20","guid":{"rendered":"http:\/\/nytt.jrmusic.is\/?post_type=product&#038;p=309"},"modified":"2022-07-22T11:17:29","modified_gmt":"2022-07-22T11:17:29","slug":"thorsteinn-magnusson-leit","status":"publish","type":"product","link":"https:\/\/jrmusic.is\/en\/product\/thorsteinn-magnusson-leit\/","title":{"rendered":"\u00deorsteinn Magn\u00fasson &#8211; Leit"},"content":{"rendered":"<p><em>Leit<\/em> er n\u00fdr diskur me\u00f0 l\u00f6gum eftir \u00deorstein Magn\u00fasson. \u00deorsteinn hefur um \u00e1rabil veri\u00f0 talinn einn albesti g\u00edtarleikari \u00cdslandss\u00f6gunnar og \u00fearna f\u00e6r hann til li\u00f0s vi\u00f0 sig lands\u00feekkta hlj\u00f3\u00f0f\u00e6raleikara og \u00fatkoman f\u00f6nk me\u00f0 bl\u00fas og rokk \u00edvafi sem enginn unnandi g\u00f3\u00f0rar g\u00edtart\u00f3nlistar \u00e6tti a\u00f0 l\u00e1ta fram hj\u00e1 s\u00e9r fara.<br \/>\nKaupa \u00e1 <a href=\"https:\/\/www.tonlist.is\/#album\/1668712\">t\u00f3nlist.is<\/a><\/p>\n<p>\u00deorsteinn Magn\u00fassson is without a doubt one of the giants in Icelandic guitar-history. On this CD, \u00a0<em>Leit<\/em> (<em>Search<\/em>), he is joined by long time friends and music-fellows and the result is high class Guitar-Funk with a heavy taste of Blues &amp; Rock. \u00a0\u00deorsteinn was nominated to the Icelandic Music Awards for his outstanding performance on the this CD.<br \/>\nBuy as <a href=\"http:\/\/www.icelandicmusic.com\/Music\/Album\/1668712\/thorsteinn_magnusson\/leit\/\">download<\/a><\/p>\n<ol>\n<li>\u00d3f\u00e6r\u00f0<\/li>\n<li>Hei\u00f0in<\/li>\n<li>Draumur<\/li>\n<li>Hra\u00f0braut<\/li>\n<li>Dans<\/li>\n<li>Eikin<\/li>\n<li>Langisandur<\/li>\n<li>Vegam\u00f3t<\/li>\n<li>Str\u00f6nd<\/li>\n<li>Sigling<\/li>\n<li>Leit<\/li>\n<\/ol>\n<p>\u00deorsteinn Magn\u00fasson &#8211; g\u00edtar \/ guitar<br \/>\nHaraldur \u00deorsteinsson &#8211; bassi \/ bass<br \/>\n\u00c1sgeir \u00d3skarsson &#8211; trommur, slagverk, synth, clavinett \/ drums, perc, synth and clavinett<br \/>\nJakob F. Magn\u00fasson &#8211; hlj\u00f3mbor\u00f0, hammond, synth \/ keyboards, hammond and synth<br \/>\nJ\u00f3n \u00d3lafsson &#8211; hammond, wurlizer \/ hammond and wurlizer<br \/>\nMatth\u00edas Stef\u00e1nsson &#8211; fi\u00f0lur \/ violins<br \/>\nKjartan Valdemarsson &#8211; orgel, rafp\u00edan\u00f3 \/ organ and el-piano<br \/>\nL\u00e1rus H. Gr\u00edmsson &#8211; \u00feverflauta \/ flute<\/p>\n","protected":false},"excerpt":{"rendered":"<p>Leit er n\u00fdr diskur me\u00f0 l\u00f6gum eftir \u00deorstein Magn\u00fasson. \u00deorsteinn hefur um \u00e1rabil veri\u00f0 talinn einn albesti g\u00edtarleikari \u00cdslandss\u00f6gunnar og \u00fearna f\u00e6r hann til li\u00f0s vi\u00f0 sig lands\u00feekkta hlj\u00f3\u00f0f\u00e6raleikara og \u00fatkoman f\u00f6nk me\u00f0 bl\u00fas og rokk \u00edvafi sem enginn unnandi g\u00f3\u00f0rar g\u00edtart\u00f3nlistar \u00e6tti a\u00f0 l\u00e1ta fram hj\u00e1 s\u00e9r fara. Kaupa \u00e1 t\u00f3nlist.is \u00deorsteinn Magn\u00fassson is &hellip; <a href=\"https:\/\/jrmusic.is\/en\/product\/thorsteinn-magnusson-leit\/\" class=\"more-link\">Continue reading <span class=\"screen-reader-text\">\u00deorsteinn Magn\u00fasson &#8211; Leit<\/span> <span class=\"meta-nav\">&rarr;<\/span><\/a><\/p>\n","protected":false},"featured_media":310,"template":"","meta":[],"product_brand":[],"product_cat":[18],"product_tag":[],"class_list":{"0":"post-309","1":"product","2":"type-product","3":"status-publish","4":"has-post-thumbnail","6":"product_cat-uncategorized","8":"first","9":"instock","10":"shipping-taxable","11":"purchasable","12":"product-type-simple"},"_links":{"self":[{"href":"https:\/\/jrmusic.is\/en\/wp-json\/wp\/v2\/product\/309","targetHints":{"allow":["GET"]}}],"collection":[{"href":"https:\/\/jrmusic.is\/en\/wp-json\/wp\/v2\/product"}],"about":[{"href":"https:\/\/jrmusic.is\/en\/wp-json\/wp\/v2\/types\/product"}],"wp:featuredmedia":[{"embeddable":true,"href":"https:\/\/jrmusic.is\/en\/wp-json\/wp\/v2\/media\/310"}],"wp:attachment":[{"href":"https:\/\/jrmusic.is\/en\/wp-json\/wp\/v2\/media?parent=309"}],"wp:term":[{"taxonomy":"product_brand","embeddable":true,"href":"https:\/\/jrmusic.is\/en\/wp-json\/wp\/v2\/product_brand?post=309"},{"taxonomy":"product_cat","embeddable":true,"href":"https:\/\/jrmusic.is\/en\/wp-json\/wp\/v2\/product_cat?post=309"},{"taxonomy":"product_tag","embeddable":true,"href":"https:\/\/jrmusic.is\/en\/wp-json\/wp\/v2\/product_tag?post=309"}],"curies":[{"name":"wp","href":"https:\/\/api.w.org\/{rel}","templated":true}]}}