{"id":302,"date":"2015-11-23T18:46:45","date_gmt":"2015-11-23T18:46:45","guid":{"rendered":"http:\/\/nytt.jrmusic.is\/?post_type=product&#038;p=302"},"modified":"2022-07-22T11:17:29","modified_gmt":"2022-07-22T11:17:29","slug":"thor-breidfjord-jol-i-stofunni","status":"publish","type":"product","link":"https:\/\/jrmusic.is\/en\/product\/thor-breidfjord-jol-i-stofunni\/","title":{"rendered":"\u00de\u00f3r Brei\u00f0fj\u00f6r\u00f0 &#8211; J\u00f3l \u00ed stofunni"},"content":{"rendered":"","protected":false},"excerpt":{"rendered":"","protected":false},"featured_media":303,"template":"","meta":[],"product_brand":[],"product_cat":[18],"product_tag":[],"class_list":{"0":"post-302","1":"product","2":"type-product","3":"status-publish","4":"has-post-thumbnail","6":"product_cat-uncategorized","8":"first","9":"instock","10":"shipping-taxable","11":"purchasable","12":"product-type-simple"},"_links":{"self":[{"href":"https:\/\/jrmusic.is\/en\/wp-json\/wp\/v2\/product\/302","targetHints":{"allow":["GET"]}}],"collection":[{"href":"https:\/\/jrmusic.is\/en\/wp-json\/wp\/v2\/product"}],"about":[{"href":"https:\/\/jrmusic.is\/en\/wp-json\/wp\/v2\/types\/product"}],"wp:featuredmedia":[{"embeddable":true,"href":"https:\/\/jrmusic.is\/en\/wp-json\/wp\/v2\/media\/303"}],"wp:attachment":[{"href":"https:\/\/jrmusic.is\/en\/wp-json\/wp\/v2\/media?parent=302"}],"wp:term":[{"taxonomy":"product_brand","embeddable":true,"href":"https:\/\/jrmusic.is\/en\/wp-json\/wp\/v2\/product_brand?post=302"},{"taxonomy":"product_cat","embeddable":true,"href":"https:\/\/jrmusic.is\/en\/wp-json\/wp\/v2\/product_cat?post=302"},{"taxonomy":"product_tag","embeddable":true,"href":"https:\/\/jrmusic.is\/en\/wp-json\/wp\/v2\/product_tag?post=302"}],"curies":[{"name":"wp","href":"https:\/\/api.w.org\/{rel}","templated":true}]}}