{"id":299,"date":"2015-11-23T18:44:28","date_gmt":"2015-11-23T18:44:28","guid":{"rendered":"http:\/\/nytt.jrmusic.is\/?post_type=product&#038;p=299"},"modified":"2015-11-23T18:44:28","modified_gmt":"2015-11-23T18:44:28","slug":"hatidarnott","status":"publish","type":"product","link":"https:\/\/jrmusic.is\/en\/product\/hatidarnott\/","title":{"rendered":"H\u00e1t\u00ed\u00f0arn\u00f3tt"},"content":{"rendered":"","protected":false},"excerpt":{"rendered":"","protected":false},"featured_media":300,"template":"","meta":[],"product_brand":[],"product_cat":[18],"product_tag":[],"class_list":{"0":"post-299","1":"product","2":"type-product","3":"status-publish","4":"has-post-thumbnail","6":"product_cat-uncategorized","8":"first","9":"instock","10":"shipping-taxable","11":"purchasable","12":"product-type-simple"},"_links":{"self":[{"href":"https:\/\/jrmusic.is\/en\/wp-json\/wp\/v2\/product\/299","targetHints":{"allow":["GET"]}}],"collection":[{"href":"https:\/\/jrmusic.is\/en\/wp-json\/wp\/v2\/product"}],"about":[{"href":"https:\/\/jrmusic.is\/en\/wp-json\/wp\/v2\/types\/product"}],"wp:featuredmedia":[{"embeddable":true,"href":"https:\/\/jrmusic.is\/en\/wp-json\/wp\/v2\/media\/300"}],"wp:attachment":[{"href":"https:\/\/jrmusic.is\/en\/wp-json\/wp\/v2\/media?parent=299"}],"wp:term":[{"taxonomy":"product_brand","embeddable":true,"href":"https:\/\/jrmusic.is\/en\/wp-json\/wp\/v2\/product_brand?post=299"},{"taxonomy":"product_cat","embeddable":true,"href":"https:\/\/jrmusic.is\/en\/wp-json\/wp\/v2\/product_cat?post=299"},{"taxonomy":"product_tag","embeddable":true,"href":"https:\/\/jrmusic.is\/en\/wp-json\/wp\/v2\/product_tag?post=299"}],"curies":[{"name":"wp","href":"https:\/\/api.w.org\/{rel}","templated":true}]}}