{"id":93,"date":"2015-11-19T12:41:36","date_gmt":"2015-11-19T12:41:36","guid":{"rendered":"http:\/\/nytt.jrmusic.is\/?page_id=93"},"modified":"2022-07-31T07:47:26","modified_gmt":"2022-07-31T07:47:26","slug":"thor-breidfjord","status":"publish","type":"page","link":"https:\/\/jrmusic.is\/en\/jr-verkefni\/thor-breidfjord\/","title":{"rendered":"Thor Brei\u00f0fj\u00f6r\u00f0"},"content":{"rendered":"<p dir=\"ltr\"><img loading=\"lazy\" decoding=\"async\" class=\"alignleft\" src=\"https:\/\/encrypted-tbn0.gstatic.com\/images?q=tbn:ANd9GcTHmjME0nGOv-Lu6hQUFrl589Rtv0QG1Q72Kqbm0TOCa_z84Ud0\" alt=\"Myndani\u00f0ursta\u00f0a fyrir \u00fe\u00f3r brei\u00f0fj\u00f6r\u00f0\" width=\"259\" height=\"194\" \/>\u00de\u00f3r Brei\u00f0fj\u00f6r\u00f0 er leikari, s\u00f6ngvari og lagasmi\u00f0ur me\u00f0 fars\u00e6lan feril a\u00f0 baki \u00ed Evr\u00f3pu og \u00e1 \u00cdslandi. Hann hefur gefi\u00f0 \u00fat tv\u00e6r s\u00f3l\u00f3pl\u00f6tur, a\u00f0ra frumsamda, &#8220;Running Naked&#8221; (2008) og &#8220;\u00c1 lj\u00fafu kv\u00f6ldi&#8221; (2013), me\u00f0 18 manna st\u00f3rsveit, en \u00fear m\u00e1 heyra s\u00f6ngleikjaar\u00edur og s\u00edgild &#8220;crooner&#8221; l\u00f6g. \u00de\u00f3r vakti mikla athygli fyrir s\u00f6ng sinn sem Jean Valjean \u00ed uppf\u00e6rslu \u00dej\u00f3\u00f0leikh\u00fassins \u00e1 Vesalingunum \u00ed H\u00f6rpu \u00e1ri\u00f0 2012, en fyrir \u00fea\u00f0 hlutverk hlaut hann &#8220;Gr\u00edmuna 2012&#8221;. \u00a0Einnig hlaut hann miki\u00f0 lof fyrir \u00a0hlutverk sitt sem J\u00fadas \u00ed t\u00f3nleikauppf\u00e6rslunni \u00e1 s\u00f6ngleiknum S\u00faperstar \u00ed H\u00f6rpu og Hofi vori\u00f0 2015. \u00a0Me\u00f0al annarra verkefna \u00de\u00f3rs eftir heimflutning til \u00cdslands, m\u00e1 m.a. nefna t\u00f3nleikana\/pl\u00f6tuna Yndislega eyjan m\u00edn, Frostr\u00f3sir, L\u00f6gin \u00far teiknimyndunum, Kv\u00f6ldstund me\u00f0 \u00de\u00f3r Brei\u00f0fj\u00f6r\u00f0, Piano Man (t\u00f3nleikar\u00f6\u00f0) og fullyr\u00f0a m\u00e1 a\u00f0 s\u00f6ngur og t\u00falkun hans, er einkennist af hl\u00fdju, \u00e1str\u00ed\u00f0u og einl\u00e6gni, hefur skipa\u00f0 honum \u00ed flokk okkar \u00e1sts\u00e6lustu s\u00f6ngvara.<\/p>\n<p><img loading=\"lazy\" decoding=\"async\" class=\"alignleft\" src=\"https:\/\/encrypted-tbn3.gstatic.com\/images?q=tbn:ANd9GcSY4h326X0MOI-wAcSJDmU_S0wwpQhtRXraT6eKnJS0Abng34dA\" alt=\"Myndani\u00f0ursta\u00f0a fyrir \u00fe\u00f3r brei\u00f0fj\u00f6r\u00f0\" width=\"176\" height=\"124\" \/>\u00de\u00f3r hefur gjarnan m\u00f6rg j\u00e1rn \u00ed eldinum og m\u00e1 \u00fear m.a. nefna s.k.\u00a0<em>veislutr\u00ed\u00f3<\/em>; s\u00f6ngur, p\u00edan\u00f3 og kontrabassi, en \u00fear er a\u00f0al\u00e1herslan \u00e1 l\u00f6g \u00ed anda flauelsbarkanna (Dean Martin, Frank Sinatra, Nat King Cole, Michael Bubl\u00e9 &#8230;), me\u00f0 \u00edslenskum l\u00f6gum \u00ed bland (Haukur Morthens, Vilhj\u00e1lmur Vilhj\u00e1lmsson o.fl.) og \u00ed lokin er hra\u00f0inn gjarnan aukinn a\u00f0eins ef f\u00f3lk vill byrja a\u00f0 dilla s\u00e9r me\u00f0 l\u00f6gum \u00ed anda Elvis Presley, Tom Jones o.s.frv&#8230;\u00a0og h\u00e6gur leikur er a\u00f0 gera \u00feetta a\u00f0eins veglegra me\u00f0 \u00fev\u00ed a\u00f0 b\u00e6ta vi\u00f0 hlj\u00f3\u00f0f\u00e6rum, s.s. g\u00edtar og\/e\u00f0a bl\u00e1surum.<\/p>\n<p><strong>N\u00e1nari uppl\u00fdsingar og b\u00f3kanir:<\/strong><br \/>\n\u00de\u00f3r Brei\u00f0fj\u00f6r\u00f0 s: 6188814 og\u00a0<a href=\"mailto:thor@breidfjord.net\">thor@breidfjord.net<\/a><br \/>\nJR Music \/ J\u00f3n Rafnsson s: 8633177 og\u00a0<a href=\"mailto:jon@jrmusic.is\">jon@jrmusic.is<\/a><\/p>\n","protected":false},"excerpt":{"rendered":"<p>\u00de\u00f3r Brei\u00f0fj\u00f6r\u00f0 er leikari, s\u00f6ngvari og lagasmi\u00f0ur me\u00f0 fars\u00e6lan feril a\u00f0 baki \u00ed Evr\u00f3pu og \u00e1 \u00cdslandi. Hann hefur gefi\u00f0 \u00fat tv\u00e6r s\u00f3l\u00f3pl\u00f6tur, a\u00f0ra frumsamda, &#8220;Running Naked&#8221; (2008) og &#8220;\u00c1 lj\u00fafu kv\u00f6ldi&#8221; (2013), me\u00f0 18 manna st\u00f3rsveit, en \u00fear m\u00e1 heyra s\u00f6ngleikjaar\u00edur og s\u00edgild &#8220;crooner&#8221; l\u00f6g. \u00de\u00f3r vakti mikla athygli fyrir s\u00f6ng sinn sem Jean &hellip; <a href=\"https:\/\/jrmusic.is\/en\/jr-verkefni\/thor-breidfjord\/\" class=\"more-link\">Continue reading <span class=\"screen-reader-text\">Thor Brei\u00f0fj\u00f6r\u00f0<\/span> <span class=\"meta-nav\">&rarr;<\/span><\/a><\/p>\n","protected":false},"author":3,"featured_media":0,"parent":1297,"menu_order":12,"comment_status":"closed","ping_status":"closed","template":"","meta":{"footnotes":""},"class_list":["post-93","page","type-page","status-publish","hentry"],"_links":{"self":[{"href":"https:\/\/jrmusic.is\/en\/wp-json\/wp\/v2\/pages\/93","targetHints":{"allow":["GET"]}}],"collection":[{"href":"https:\/\/jrmusic.is\/en\/wp-json\/wp\/v2\/pages"}],"about":[{"href":"https:\/\/jrmusic.is\/en\/wp-json\/wp\/v2\/types\/page"}],"author":[{"embeddable":true,"href":"https:\/\/jrmusic.is\/en\/wp-json\/wp\/v2\/users\/3"}],"replies":[{"embeddable":true,"href":"https:\/\/jrmusic.is\/en\/wp-json\/wp\/v2\/comments?post=93"}],"version-history":[{"count":7,"href":"https:\/\/jrmusic.is\/en\/wp-json\/wp\/v2\/pages\/93\/revisions"}],"predecessor-version":[{"id":2968,"href":"https:\/\/jrmusic.is\/en\/wp-json\/wp\/v2\/pages\/93\/revisions\/2968"}],"up":[{"embeddable":true,"href":"https:\/\/jrmusic.is\/en\/wp-json\/wp\/v2\/pages\/1297"}],"wp:attachment":[{"href":"https:\/\/jrmusic.is\/en\/wp-json\/wp\/v2\/media?parent=93"}],"curies":[{"name":"wp","href":"https:\/\/api.w.org\/{rel}","templated":true}]}}