{"id":83,"date":"2015-11-19T12:38:03","date_gmt":"2015-11-19T12:38:03","guid":{"rendered":"http:\/\/nytt.jrmusic.is\/?page_id=83"},"modified":"2022-07-31T07:48:37","modified_gmt":"2022-07-31T07:48:37","slug":"svare-thoroddsen-trio","status":"publish","type":"page","link":"https:\/\/jrmusic.is\/en\/jr-verkefni\/svare-thoroddsen-trio\/","title":{"rendered":"Svare \/ Thoroddsen Trio"},"content":{"rendered":"<p><img decoding=\"async\" class=\"alignleft\" src=\"http:\/\/jonrafnsson.com\/wp-content\/themes\/twentyten\/images\/S_T_Trio.jpg\" alt=\"\" \/><br \/>\nJ\u00f8rgen Svare \u2013 clarinett<br \/>\nBj\u00f6rn Thoroddsen \u2013 g\u00edtar<br \/>\nJ\u00f3n Rafnsson \u2013 kontrabassi<\/p>\n<p><strong>Svare \/ Thoroddsen<\/strong> tr\u00ed\u00f3i\u00f0 var stofna\u00f0 \u00e1ri\u00f0 2002 \u00feegar J\u00f8rgen Svare kom til \u00cdslands og l\u00e9k me\u00f0 \u00feeim Birni og J\u00f3ni \u00e1 t\u00f3nleikum sem haldnir voru \u00e1 Akureyri og tileinka\u00f0ir minningu Finns Eydal, klarinettuleikara. J\u00f8rgen Svare haf\u00f0i leiki\u00f0 me\u00f0 \u00feeim nokkrum sinnu \u00e1\u00f0ur, m.a. sem gestur me\u00f0 tr\u00ed\u00f3inu Guitar Islancio \u00e1 Jazzh\u00e1t\u00ed\u00f0 Reykjav\u00edkur \u00e1ri\u00f0 2000. T\u00f3nlistarstefnan var strax mj\u00f6g \u00e1kve\u00f0in, &#8211; swing jazz \u00ed anda g\u00f6mlu meistaranna \u00ed bland vi\u00f0 frumsamin l\u00f6g auk laga eftir Django Reinhardt. Fyrsti diskurinn, Jazz Airs, kom \u00e1ri\u00f0 2003 og f\u00e9kk feiknag\u00f3\u00f0ar vi\u00f0t\u00f6kur, b\u00e6\u00f0i \u00e1 \u00cdslandi og \u00ed Danm\u00f6rku, auk \u00feess a\u00f0 f\u00e1 s\u00e9rlega g\u00f3\u00f0a d\u00f3ma vestanhafs og \u00fear a\u00f0 auki mikla spilun \u00e1 \u00fatvarpsst\u00f6\u00f0vum \u00fear. \u00cd framhaldinu kom svo \u201cSweet and Lovely\u201d og f\u00e9kk hann ekki s\u00ed\u00f0ri d\u00f3ma. \u00a0\u00c1ri\u00f0 2008 kom svo \u00fat safndiskurinn \u201cRadio Jazz\u201d \u00e1 vegum Global e. Rack S.A. de C.V. \u00ed Mex\u00edk\u00f3.\u00a0Tr\u00ed\u00f3i\u00f0 l\u00e9k fj\u00f6lda t\u00f3nleika \u00e1 me\u00f0an \u00fea\u00f0 starfa\u00f0i og kom fram \u00e1 jazzh\u00e1t\u00ed\u00f0um \u00e1 \u00cdslandi, \u00ed Danm\u00f6rku og \u00ed N-Amer\u00edku.<\/p>\n<p>Tr\u00ed\u00f3i\u00f0 starfar ekki lengur en til er \u00f3\u00fatgefi\u00f0 efni, m.a. t\u00f3nleikar \u00e1 Jazzh\u00e1t\u00ed\u00f0 Kaupmannahafnar 16.j\u00fal\u00ed 2006 og vonandi ver\u00f0ur m\u00f6guleiki \u00e1 a\u00f0 gefa \u00fea\u00f0 \u00fat \u00ed framt\u00ed\u00f0inni. \u00a0Einnig er \u00e1 d\u00f6finni a\u00f0 endur\u00fatgefa &#8220;Sweet and Lovely&#8221; sem hefur veri\u00f0 \u00f3f\u00e1anlegur \u00ed nokkur \u00e1r og safn laga \u00e1 vinyl &#8211; sj\u00e1 <a href=\"https:\/\/jrmusic.is\/en\/jr-utgafa\/coffee-and-cinnamon-lp-vinyl\/\">Coffee and Cinnamon<\/a> (JRLP007)<\/p>\n<p>Geisladiskurinn JAZZ AIRS er f\u00e1anlegur hj\u00e1 JR Music <a href=\"mailto:jon@jrmusic.is\">jon@jrmusic.is<\/a><\/p>\n<p><a href=\"https:\/\/open.spotify.com\/album\/4J2h4aUzrD3uBWTUFypLB0\"><img loading=\"lazy\" decoding=\"async\" class=\"\" src=\"https:\/\/m.media-amazon.com\/images\/I\/71ELXlZCnvL._SS500_.jpg\" alt=\"Jazz Airs\" width=\"187\" height=\"187\" \/><\/a> \u00a0 \u00a0<a href=\"https:\/\/open.spotify.com\/album\/4IfXteym6IpV7IVZnJg7lC\"><img decoding=\"async\" src=\"http:\/\/jonrafnsson.com\/wp-content\/themes\/twentyten\/images\/Sweet.jpg\" alt=\"\" \/><\/a>\u00a0 <a href=\"https:\/\/open.spotify.com\/album\/4lAzzMxRVzyLIRKnEGsEY4\"><img loading=\"lazy\" decoding=\"async\" class=\"\" src=\"https:\/\/m.media-amazon.com\/images\/I\/51q3FzkDjFL._AC_UY218_.jpg\" alt=\"Sweet And Lovely\" width=\"185\" height=\"186\" \/><\/a><\/p>\n<p>Smelli\u00f0 \u00e1 disk til a\u00f0 hlusta \u00e1 Spotify<\/p>\n<p>Sj\u00e1 \u00e1\u00a0<a href=\"http:\/\/www.youtube.com\/watch?v=upYFJe63VZQ\" target=\"_blank\" rel=\"noopener noreferrer\">YouTube<\/a><\/p>\n<p><strong>Radio Jazz &#8211; Retro Standard Jazz \/ Svare &#8211; Thoroddsen &#8211; Rafnsson<br \/>\n<\/strong>\u00deessi diskur var gefinn \u00fat \u00ed Mex\u00edk\u00f3 2008 og er ekki f\u00e1anlegur<br \/>\n\u00fatgfandi: Global e. Rack S.A. de C.V.<br \/>\n1. Moonglow<br \/>\n2. Tea for two<br \/>\n3. Lady be good<br \/>\n4. Smoke gets in your eyes<br \/>\n5. The nearness of you<br \/>\n6. Mood Indigo<br \/>\n7. Caravan<br \/>\n8. Over the Rainbow<br \/>\n9. September Song<br \/>\n10. Sweet and Lovely<br \/>\n11. Tango<br \/>\n12. Coffee and Cinnamon<\/p>\n<p>J\u00f8rgen Svare \u2013 Clarinet<br \/>\nBj\u00f6rn Thoroddsen \u2013 Guitar<br \/>\nJ\u00f3n Rafnsson \u2013 Double Bass<\/p>\n<p>The <strong>Svare\/Thoroddsen Trio<\/strong> was formed in the fall of 2002 when Danish clarinettist J\u00f8rgen Svare arrived to Iceland to perform with Bj\u00f6rn Thoroddsen and J\u00f3n Rafnsson, with whom he had played several times before. They immediately decided to focus on one genre in particular: swing jazz inspired by the old masters, mixed with original compositions as well as songs by Django Reinhardt. Their first album, Jazz Airs, was released in 2003 to great acclaim both in Iceland and Danmark, as well as receiving terrific reviews and extensive radio play in North-American territories. They followed it up with \u201c<a href=\"http:\/\/jonrafnsson.com\/?page_id=99\">Sweet and Lovely<\/a>\u201d, also to great acclaim. In 2008 they released a compilation album, \u201cRadio Jazz\u201d, through Global e. Rack S.A. de C.V. in Mexico. This album has unfortunately been unavailble in Europe.<\/p>\n<p lang=\"is-IS\">The Trio has headlined a number of concerts and played at jazzfestivals in Iceland, Denmark and in the United States.<\/p>\n<p lang=\"is-IS\">Svare \/ Thoroddsen on\u00a0<a href=\"http:\/\/www.youtube.com\/watch?v=upYFJe63VZQ\" target=\"_blank\" rel=\"noopener noreferrer\">You Tube<\/a><\/p>\n<p><strong>Umsagnir \/ reviews:<\/strong><\/p>\n<p><a href=\"https:\/\/www.mbl.is\/greinasafn\/grein\/1080701\/\">Morgunbla\u00f0i\u00f0<\/a><\/p>\n<p><strong>JazzTimes Critics\u00b4 Picks 2004<br \/>\n<\/strong><strong><em>Steve Rubin<br \/>\n<\/em><\/strong>Top Reissue(s)<br \/>\n1) \u00a0<em>Monk \u2018Round the World<\/em>\u00a0(Thelonious) by Thelonious Monk<br \/>\n2)\u00a0<em>Virtuoso in New York<\/em>\u00a0(Pablo) by Joe Pass<br \/>\n<strong>Top CDs<\/strong><br \/>\n1) \u00a0<em>Land of the Sun<\/em>\u00a0(Verve) by Charlie Haden<br \/>\n2) \u00a0<em>American Song<\/em>\u00a0(Savoy) by Andy Bey<br \/>\n3) \u00a0<em>The Real Deal<\/em>\u00a0(Hep Jazz) by Jessica Williams<br \/>\n4) \u00a0<em>Small World<\/em>\u00a0(Resonant) by Terje Gewalt<br \/>\n5) \u00a0<em>Rhythms and Rhymes<\/em>\u00a0(Jazz \u2018n Pulz) by Fay Claassen<br \/>\n<strong>6)\u00a0<em>Jazz Airs<\/em>\u00a0(Sonet) by Jorgen Svare\/Bjorn Thoroddsen<br \/>\n<\/strong>7) \u00a0<em>The Great Divide<\/em>\u00a0(Premonition) by Von Freeman<br \/>\n8) \u00a0<em>Buzz<\/em>\u00a0(Palmetto) by Ben Allison<br \/>\n9) \u00a0<em>Eternal<\/em>\u00a0(Marsalis) by Branford Marsalis<br \/>\n10) \u00a0<em>Cookin\u2019 the Books<\/em>\u00a0(Arbors Jazz) by Buddy DeFranco<\/p>\n<p><em><strong>The Cadence Magazine<\/strong><\/em>\u00a0\u2013 July 2004 (p.121)<br \/>\n<strong>JAZZ AIRS<br \/>\n<\/strong>This satisfying trio is more evidence, if anyone still needs it, of the internationalism of Jazz. Svare, the senior member, has a long association with Danish Swing\/traditional Jazz as a veteran of Papa Bue\u2019s band; his sound hints at Edmund Hall or Lester Young, but his playing isn\u00b4t a set of historical gestures and clich\u00e9s. He is thoughtful and quietly soulful. Thoroddsen\u00a0 can toss off gypsy repartee as well as any of Django\u00b4s off-spring, but he\u00b4s also happy bending notes in bluesy commentaries, and his rhythmic work would support a much larger ensemble. His introductions suggest a rhapsodic Eddie Lang, but he has also heard Wes Montgomery. Bassist Rafnsson can emulate Walter Page or Michael Moore without strain. Hearing this trio, the listener is never waiting for the rest of the\u00a0 band to come in. The disc begins auspiciously with a medium-tempo original based on \u201cAutumn Leaves\u201d (hence the witty title) that harks back to Reinhardt but more to the Thirties Basie tradition that took unorthodox material, trimmed it down, picked a rocking tempo, and transformed \u201cWillow Weep For Me\u201d into \u201cTaxi War Dance\u201d. The trio\u00b4s repertoire is often familiar but happily varied: \u201cOver The Rainbow\u201d and \u201cA Nightingale Sang in Berkeley Square\u201d are pretty without being mawkish; \u201cCaravan\u201d is free from melodrama (note its brief visit to \u201cSweet Georgia Brown\u201d).\u00a0 \u201cTango\u201d is bluesy and lilting ; \u201cBlues for Omer\u201d, a line evoking both \u201cBlue Monk\u201d and \u201cApex Blues\u201d, brims with moody emotion; \u201cA Jazz Air\u201d seems\u00a0 a fine folk melody given modern sophistication. \u201cMoonglow\u201d suggest early Goodman, as \u201cMood Indigo\u201d recalls Bigard and 1930 Ellington. Even \u201cTea for Two\u201d and \u201cThe Nearness of You\u201d played forthrightly as themselves, sound fresh. \u201cLady Be Good\u201d, taken at slow-drag tempo, regains all of her original splendor. The overall ambiance of this disc is rare and refreshing, as if this polished trio was performing on the front porch for an audience of friends.<br \/>\nCADENCE \u2013 July 2004<\/p>\n<p><strong>SWEET AND LOVELY<\/strong><br \/>\n<em>&#8211;<\/em>\u00a0taken from<strong><em>\u00a0cdklassisk.dk<\/em><\/strong><br \/>\nThe Clarinet player Jorgen Svare will be 70 this December (2005) but is still going strong and on this new CD, in fact he has never been better. Good taste, sublime technique and lots of curiosity characterize him and his Icelandic soul brothers, guitarist Bj\u00f6rn Thoroddsen and bass player J\u00f3n Rafnsson. The CD consists of numbers such as September song, Smoke gets in your eyes, Willow weep for me and Rosetta + new compositions like Undercover swing, Blue lagoon and Coffee and Cinnamon. Great laid back jazz.<\/p>\n","protected":false},"excerpt":{"rendered":"<p>J\u00f8rgen Svare \u2013 clarinett Bj\u00f6rn Thoroddsen \u2013 g\u00edtar J\u00f3n Rafnsson \u2013 kontrabassi Svare \/ Thoroddsen tr\u00ed\u00f3i\u00f0 var stofna\u00f0 \u00e1ri\u00f0 2002 \u00feegar J\u00f8rgen Svare kom til \u00cdslands og l\u00e9k me\u00f0 \u00feeim Birni og J\u00f3ni \u00e1 t\u00f3nleikum sem haldnir voru \u00e1 Akureyri og tileinka\u00f0ir minningu Finns Eydal, klarinettuleikara. J\u00f8rgen Svare haf\u00f0i leiki\u00f0 me\u00f0 \u00feeim nokkrum sinnu \u00e1\u00f0ur, &hellip; <a href=\"https:\/\/jrmusic.is\/en\/jr-verkefni\/svare-thoroddsen-trio\/\" class=\"more-link\">Continue reading <span class=\"screen-reader-text\">Svare \/ Thoroddsen Trio<\/span> <span class=\"meta-nav\">&rarr;<\/span><\/a><\/p>\n","protected":false},"author":3,"featured_media":0,"parent":1297,"menu_order":20,"comment_status":"closed","ping_status":"closed","template":"","meta":{"footnotes":""},"class_list":["post-83","page","type-page","status-publish","hentry"],"_links":{"self":[{"href":"https:\/\/jrmusic.is\/en\/wp-json\/wp\/v2\/pages\/83","targetHints":{"allow":["GET"]}}],"collection":[{"href":"https:\/\/jrmusic.is\/en\/wp-json\/wp\/v2\/pages"}],"about":[{"href":"https:\/\/jrmusic.is\/en\/wp-json\/wp\/v2\/types\/page"}],"author":[{"embeddable":true,"href":"https:\/\/jrmusic.is\/en\/wp-json\/wp\/v2\/users\/3"}],"replies":[{"embeddable":true,"href":"https:\/\/jrmusic.is\/en\/wp-json\/wp\/v2\/comments?post=83"}],"version-history":[{"count":28,"href":"https:\/\/jrmusic.is\/en\/wp-json\/wp\/v2\/pages\/83\/revisions"}],"predecessor-version":[{"id":2970,"href":"https:\/\/jrmusic.is\/en\/wp-json\/wp\/v2\/pages\/83\/revisions\/2970"}],"up":[{"embeddable":true,"href":"https:\/\/jrmusic.is\/en\/wp-json\/wp\/v2\/pages\/1297"}],"wp:attachment":[{"href":"https:\/\/jrmusic.is\/en\/wp-json\/wp\/v2\/media?parent=83"}],"curies":[{"name":"wp","href":"https:\/\/api.w.org\/{rel}","templated":true}]}}