{"id":68,"date":"2015-11-19T12:31:43","date_gmt":"2015-11-19T12:31:43","guid":{"rendered":"http:\/\/nytt.jrmusic.is\/?page_id=68"},"modified":"2022-07-30T10:20:36","modified_gmt":"2022-07-30T10:20:36","slug":"guitar-islancio-2","status":"publish","type":"page","link":"https:\/\/jrmusic.is\/en\/jr-utgafa\/guitar-islancio-2\/","title":{"rendered":"Folksongs (CD)"},"content":{"rendered":"<p><img loading=\"lazy\" decoding=\"async\" class=\"alignleft\" src=\"https:\/\/www.penninn.is\/sites\/penninn.is\/files\/styles\/product_single\/public\/photoware\/jrmjrcd018.jpg?itok=PiBjH9Mv\" width=\"289\" height=\"289\" \/><br \/>\n<strong>\u00dej\u00f3\u00f0l\u00f6g \/ Folksongs \/ Volkslieder (JRCD018)<br \/>\n&#8211; Guitar Islancio\u00a0<\/strong><\/p>\n<p>Order direct from JR Music:\u00a0 <a href=\"mailto:jon@jrmusic.is\">jon@jrmusic.is<\/a><\/p>\n<p>Price ISK.2.500,- + Shipping<\/p>\n<div class=\"wpb_text_column wpb_content_element vc_custom_1641222167700\">\n<div class=\"wpb_wrapper\">\n<p>Listen on <a href=\"https:\/\/open.spotify.com\/album\/5oP20n1QJ4tXZKPrS4qchr\">Spotify<\/a><\/p>\n<\/div>\n<\/div>\n<p>&nbsp;<\/p>\n<p><u>The CD is available at the following stores<\/u><\/p>\n<p>ICELAND<br \/>\nPl\u00f6tub\u00fa\u00f0in, Tr\u00f6nuhraun 6, Hafnarfir\u00f0i \u2013 WEBSTORE<br \/>\nLucky Records, Rau\u00f0ar\u00e1rst\u00edgur 10, Reykjavik \u2013 WEBSTORE<br \/>\nSmekkleysa, Hverfisgata 32, Reykjavik \u2013 WEBSTORE<br \/>\n12 t\u00f3nar, Sk\u00f3lav\u00f6r\u00f0ust\u00edgUR 15, ReykjavIk \u2013 WEBSTORE<br \/>\nPenninn Eymundsson, Hafnarstr\u00e6ti 91, Akureyri<\/p>\n<p>GERMANY<br \/>\nPankebuch, Berlin \u2013 WEBSTORE<br \/>\nHr\u00edmnir, Frankfurt \u2013\u00a0<a href=\"https:\/\/www.hrimnir.shop\/icelandic-folk-songs-arranged-by-guitar-islancio-music-disk\">WEBSTORE<\/a><\/p>\n<div class=\"wpb_text_column wpb_content_element vc_custom_1641222167700\">\n<div class=\"wpb_wrapper\">\n<p>14 folk songs from Guitar Islancio\u2019s previous albums and a previously unreleased recording of \u201c\u00c1 Sprengisandi \u2013 Riding over the Desert\u201d by Sigvaldi Kaldal\u00f3ns.<\/p>\n<\/div>\n<\/div>\n<div class=\"wpb_text_column wpb_content_element\">\n<div class=\"wpb_wrapper\">\n<ol>\n<li>G\u00f3\u00f0a veislu gj\u00f6ra skal \u2013 A Merry Feast Shall Now Be Made<\/li>\n<li>Krummi svaf \u00ed klettagj\u00e1 \u2013 The Raven Slept in a Ravine<\/li>\n<li>\u00deorra\u00fer\u00e6ll \u2013 Close of Winter Hardship<\/li>\n<li>V\u00edsur Vatnsenda-R\u00f3su \u2013 The Rhymes of Vatnsenda-R\u00f3sa<\/li>\n<li>Kindur jarma \u00ed kofunum \u2013 Sheep are Bleating in their Pens<\/li>\n<li>H\u00e6ttu a\u00f0 gr\u00e1ta hringan\u00e1 \u2013 Stop Crying Now, My Dear Girl<\/li>\n<li>\u00c1 Sprengisandi \u2013 Riding over the Desert<\/li>\n<li>V\u00edsur \u2013 Rhymes<\/li>\n<li>Gu\u00f0 gaf m\u00e9r eyra \u2013 God Gave Me Ears<\/li>\n<li>Krummi krunkar \u00fati \u2013 Outside Cronks the Raven<\/li>\n<li>St\u00f3\u00f0 \u00e9g \u00fati \u00ed tunglslj\u00f3si \u2013 As I Stood in the Moonlight<\/li>\n<li>D\u00fdrav\u00edsur \u2013 Animal Verses<\/li>\n<li>\u00d3lafur liljur\u00f3s \u2013 Olafur Lilyrose<\/li>\n<li>S\u00e6ll Jes\u00fas s\u00e6ti \u2013 All Hail Sweet Jesus<\/li>\n<li>Sof\u00f0u unga \u00e1stin m\u00edn \u2013 Sleep My Tiny Dear<\/li>\n<\/ol>\n<\/div>\n<\/div>\n<div id=\"wd-61d36fa86fd20\" class=\" wd-rs-61d36fa86fd20 wd-button-wrapper text-left\"><\/div>\n<div class=\"wpb_text_column wpb_content_element vc_custom_1642076471785\">\n<div class=\"wpb_wrapper\">\n<p>Bj\u00f6rn Thoroddsen, Gunnar Th\u00f3rdarson and J\u00f3n Rafnsson founded the trio Guitar Islancio in 1998. They have devoted themselves to folksongs that people have played and sung through the centuries. Folksongs are an inseparable part of cultural heritage that the trio approaches attentively and respectfully. While performing the songs, the threesome improvises. Simple tunes take on a modern nuance that is at once Icelandic and international. The trio has been very popular. It has performed at concerts and music festivals in many parts of the world.<\/p>\n<\/div>\n<\/div>\n<p><a href=\"https:\/\/guitarislancio.is\/\">Guitar Islancio <\/a>homepage<\/p>\n<p>&nbsp;<\/p>\n<p>&nbsp;<\/p>\n","protected":false},"excerpt":{"rendered":"<p>\u00dej\u00f3\u00f0l\u00f6g \/ Folksongs \/ Volkslieder (JRCD018) &#8211; Guitar Islancio\u00a0 Order direct from JR Music:\u00a0 jon@jrmusic.is Price ISK.2.500,- + Shipping Listen on Spotify &nbsp; The CD is available at the following stores ICELAND Pl\u00f6tub\u00fa\u00f0in, Tr\u00f6nuhraun 6, Hafnarfir\u00f0i \u2013 WEBSTORE Lucky Records, Rau\u00f0ar\u00e1rst\u00edgur 10, Reykjavik \u2013 WEBSTORE Smekkleysa, Hverfisgata 32, Reykjavik \u2013 WEBSTORE 12 t\u00f3nar, Sk\u00f3lav\u00f6r\u00f0ust\u00edgUR 15, &hellip; <a href=\"https:\/\/jrmusic.is\/en\/jr-utgafa\/guitar-islancio-2\/\" class=\"more-link\">Continue reading <span class=\"screen-reader-text\">Folksongs (CD)<\/span> <span class=\"meta-nav\">&rarr;<\/span><\/a><\/p>\n","protected":false},"author":3,"featured_media":0,"parent":17,"menu_order":18,"comment_status":"closed","ping_status":"closed","template":"","meta":{"footnotes":""},"class_list":["post-68","page","type-page","status-publish","hentry"],"_links":{"self":[{"href":"https:\/\/jrmusic.is\/en\/wp-json\/wp\/v2\/pages\/68","targetHints":{"allow":["GET"]}}],"collection":[{"href":"https:\/\/jrmusic.is\/en\/wp-json\/wp\/v2\/pages"}],"about":[{"href":"https:\/\/jrmusic.is\/en\/wp-json\/wp\/v2\/types\/page"}],"author":[{"embeddable":true,"href":"https:\/\/jrmusic.is\/en\/wp-json\/wp\/v2\/users\/3"}],"replies":[{"embeddable":true,"href":"https:\/\/jrmusic.is\/en\/wp-json\/wp\/v2\/comments?post=68"}],"version-history":[{"count":42,"href":"https:\/\/jrmusic.is\/en\/wp-json\/wp\/v2\/pages\/68\/revisions"}],"predecessor-version":[{"id":2925,"href":"https:\/\/jrmusic.is\/en\/wp-json\/wp\/v2\/pages\/68\/revisions\/2925"}],"up":[{"embeddable":true,"href":"https:\/\/jrmusic.is\/en\/wp-json\/wp\/v2\/pages\/17"}],"wp:attachment":[{"href":"https:\/\/jrmusic.is\/en\/wp-json\/wp\/v2\/media?parent=68"}],"curies":[{"name":"wp","href":"https:\/\/api.w.org\/{rel}","templated":true}]}}