{"id":604,"date":"2016-03-17T09:44:31","date_gmt":"2016-03-17T09:44:31","guid":{"rendered":"https:\/\/jrmusic.is\/en\/?page_id=604"},"modified":"2024-12-15T10:13:31","modified_gmt":"2024-12-15T10:13:31","slug":"bokanirbookings","status":"publish","type":"page","link":"https:\/\/jrmusic.is\/en\/bokanirbookings\/","title":{"rendered":"Bookings"},"content":{"rendered":"<p><strong>DJ\u00c4SS<br \/>\n<\/strong> &#8211; J\u00f3n Rafnsson : 8633177 &#8211; <a href=\"mailto:jon@jrmusic.is\">jon@jrmusic.is<br \/>\n<\/a> &#8211; Karl Olgeirsson : 8225347 &#8211;\u00a0<a href=\"mailto:kolgeirsson@gmail.com\">kolgeirsson@gmail.com<\/a><br \/>\n&#8211; Kristinn Sn\u00e6r Agnarsson : 8462486 &#8211;\u00a0<a href=\"mailto:kiddinator@gmail.com\">kiddinator@gmail.com<\/a><\/p>\n<p><strong>The Christmas Trio &#8211; H\u00e1t\u00ed\u00f0arn\u00f3tt\u00a0<\/strong><br \/>\n&#8211; J\u00f3n Rafnsson : 8633177 &#8211; <a href=\"mailto:jon@jrmusic.is\">jon@jrmusic.is<br \/>\n<\/a> &#8211; Karl Olgeirsson : 8225347 &#8211;\u00a0<a href=\"mailto:kolgeirsson@gmail.com\">kolgeirsson@gmail.com<\/a><br \/>\n&#8211; Andr\u00e9s \u00de\u00f3r : 6996327 &#8211;\u00a0<a href=\"mailto:andresthorjazz@gmail.com\">andresthorjazz@gmail.com<\/a><\/p>\n<p><strong>Stebbi \u00d3 Jazz Trio<\/strong><br \/>\n&#8211; J\u00f3n Rafnsson :\u00a0 8633177 &#8211; <a href=\"mailto:jon@jrmusic.is\">jon@jrmusic.is<\/a><br \/>\n&#8211; Stef\u00e1n \u00d3mar Jakobsson : 6645884 &#8211;\u00a0<a href=\"mailto:tbone@hive.is\">tbone@hive.is<\/a>\u00a0 \u00a0\/ \u00a0<a href=\"mailto:stefanj@tonhaf.is\">stefanj@tonhaf.is<\/a><\/p>\n<p><strong>Guitar Islancio &#8211; Bj\u00f6rn Thoroddsen \/ J\u00f3n Rafnsson<br \/>\n<\/strong>&#8211; J\u00f3n Rafnsson :\u00a0 8633177 &#8211; <a href=\"mailto:jon@jrmusic.is\">jon@jrmusic.is<\/a><br \/>\n&#8211; Bj\u00f6rn Thoroddsen :\u00a08921483 \u2013 <a href=\"mailto:bjornthoroddsen@gmail.com\">bjornthoroddsen@gmail.com<\/a><\/p>\n<p><strong>Delizie Italiane<\/strong><br \/>\n&#8211; J\u00f3n Rafnsson :\u00a0 8633177 &#8211; <a href=\"mailto:jon@jrmusic.is\">jon@jrmusic.is<\/a><br \/>\n&#8211; Leone Tinganelli : 8981661 &#8211;\u00a0<a href=\"mailto:leonetinga@simnet.is\">leone.tinganelli@gmail.com<\/a><br \/>\n&#8211; J\u00f3n Elfar Hafsteinsson : 8247050 &#8211;\u00a0<a href=\"mailto:jonelvar@simnet.is\">jonelvar@simnet.is<\/a>\u00a0 \/ \u00a0<a href=\"mailto:jonsi@veritas.is\">jonsi@veritas.is<\/a><\/p>\n<p><strong>\u00d3mar Einarsson \/ J\u00f3n Rafnsson DUO &#8211; Trio<br \/>\n<\/strong>\u2013 J\u00f3n Rafnsson :\u00a0 8633177 \u2013\u00a0<a href=\"mailto:jon@jrmusic.is\">jon@jrmusic.is<\/a><br \/>\n\u2013 \u00d3mar Einarsson : 8220716 \u2013\u00a0<a href=\"mailto:omar@nyva.is\">omar@nyva.is<\/a><\/p>\n<p><strong>Kristjana Arngr\u00edmsd\u00f3ttir<\/strong><br \/>\n&#8211; J\u00f3n Rafnsson :\u00a0 8633177 &#8211; <a href=\"mailto:jon@jrmusic.is\">jon@jrmusic.is<\/a><br \/>\n&#8211; Kristjana Arngr\u00edmsd\u00f3ttir : 8626155 &#8211;\u00a0<a href=\"mailto:k_arngrims@hotmail.com\">k_arngrims@hotmail.com<\/a><br \/>\n&#8211; Kristj\u00e1n Hjartarson : 8463390<br \/>\n&#8211; \u00d6rn Eldj\u00e1rn : 8211362 &#8211;\u00a0<a href=\"mailto:o.eldjarn@gmail.com\">o.eldjarn@gmail.com<\/a><\/p>\n<p><strong>Thor Brei\u00f0fj\u00f6r\u00f0<\/strong><br \/>\n&#8211; J\u00f3n Rafnsson :\u00a0 8633177 &#8211; <a href=\"mailto:jon@jrmusic.is\">jon@jrmusic.is<\/a><br \/>\n&#8211; \u00de\u00f3r Brei\u00f0fj\u00f6r\u00f0 : 6188814 &#8211;\u00a0<a href=\"mailto:thorkristinsson@gmail.com\">thorkristinsson@gmail.com<\/a><\/p>\n<p>&nbsp;<\/p>\n","protected":false},"excerpt":{"rendered":"<p>DJ\u00c4SS &#8211; J\u00f3n Rafnsson : 8633177 &#8211; jon@jrmusic.is &#8211; Karl Olgeirsson : 8225347 &#8211;\u00a0kolgeirsson@gmail.com &#8211; Kristinn Sn\u00e6r Agnarsson : 8462486 &#8211;\u00a0kiddinator@gmail.com The Christmas Trio &#8211; H\u00e1t\u00ed\u00f0arn\u00f3tt\u00a0 &#8211; J\u00f3n Rafnsson : 8633177 &#8211; jon@jrmusic.is &#8211; Karl Olgeirsson : 8225347 &#8211;\u00a0kolgeirsson@gmail.com &#8211; Andr\u00e9s \u00de\u00f3r : 6996327 &#8211;\u00a0andresthorjazz@gmail.com Stebbi \u00d3 Jazz Trio &#8211; J\u00f3n Rafnsson :\u00a0 8633177 &#8211; &hellip; <a href=\"https:\/\/jrmusic.is\/en\/bokanirbookings\/\" class=\"more-link\">Continue reading <span class=\"screen-reader-text\">Bookings<\/span> <span class=\"meta-nav\">&rarr;<\/span><\/a><\/p>\n","protected":false},"author":3,"featured_media":0,"parent":0,"menu_order":15,"comment_status":"closed","ping_status":"closed","template":"","meta":{"footnotes":""},"class_list":["post-604","page","type-page","status-publish","hentry"],"_links":{"self":[{"href":"https:\/\/jrmusic.is\/en\/wp-json\/wp\/v2\/pages\/604","targetHints":{"allow":["GET"]}}],"collection":[{"href":"https:\/\/jrmusic.is\/en\/wp-json\/wp\/v2\/pages"}],"about":[{"href":"https:\/\/jrmusic.is\/en\/wp-json\/wp\/v2\/types\/page"}],"author":[{"embeddable":true,"href":"https:\/\/jrmusic.is\/en\/wp-json\/wp\/v2\/users\/3"}],"replies":[{"embeddable":true,"href":"https:\/\/jrmusic.is\/en\/wp-json\/wp\/v2\/comments?post=604"}],"version-history":[{"count":28,"href":"https:\/\/jrmusic.is\/en\/wp-json\/wp\/v2\/pages\/604\/revisions"}],"predecessor-version":[{"id":3170,"href":"https:\/\/jrmusic.is\/en\/wp-json\/wp\/v2\/pages\/604\/revisions\/3170"}],"wp:attachment":[{"href":"https:\/\/jrmusic.is\/en\/wp-json\/wp\/v2\/media?parent=604"}],"curies":[{"name":"wp","href":"https:\/\/api.w.org\/{rel}","templated":true}]}}