{"id":55,"date":"2015-11-19T11:57:56","date_gmt":"2015-11-19T11:57:56","guid":{"rendered":"http:\/\/nytt.jrmusic.is\/?page_id=55"},"modified":"2022-07-30T09:04:30","modified_gmt":"2022-07-30T09:04:30","slug":"we-ride-polar-bears","status":"publish","type":"page","link":"https:\/\/jrmusic.is\/en\/jr-utgafa\/we-ride-polar-bears\/","title":{"rendered":"We Ride Polar Bears (CD)"},"content":{"rendered":"<p><img loading=\"lazy\" decoding=\"async\" class=\"alignleft\" src=\"http:\/\/nytt.jrmusic.is\/wp-content\/uploads\/2015\/11\/Frontur-Hot-Eskimos-JRCD013-300x300.jpg\" alt=\"Frontur Hot Eskimos JRCD013\" width=\"227\" height=\"227\" \/><\/p>\n<p><strong>We Ride Polar Bears (JRCD013)<\/strong> <strong><br \/>\n&#8211; DJ\u00c4SS (Hot Eskimos)<\/strong><\/p>\n<p>Order CD direct from JR Music: <a href=\"mailto:jon@jrmusic.is\">jon@jrmusic.is<br \/>\n<\/a>Price ISK 2.500,-<\/p>\n<p>Listen on <a href=\"https:\/\/open.spotify.com\/album\/2lxku7C14K09OzXK1yQIZ4\">Spotify<\/a><\/p>\n<p>&nbsp;<\/p>\n<p>CD available at, &#8211; store and webstore:<br \/>\nPl\u00f6tub\u00fa\u00f0in, Tr\u00f6nuhraun 6 \u2013 <a href=\"https:\/\/plotubudin.is\/products\/hot-eskimos-we-ride-polar-bears\">webstore<\/a><br \/>\nLucky Records, Rau\u00f0ar\u00e1rst\u00edgur 10 \u2013 <a href=\"https:\/\/luckyrecords.is\/product\/hot-eskimos-we-ride-polar-bears-cd\/\">webstore<\/a><br \/>\nSmekkleysa, Hverfisgata 32 \u2013 webstore<br \/>\n12 t\u00f3nar, Sk\u00f3lav\u00f6r\u00f0ust\u00edgur 15 \u2013 webstore<br \/>\nHlj\u00f3ms\u00fdn, \u00c1rm\u00fali 38<\/p>\n<p class=\"sqsrte-small\">\u201cWe Ride Polar Bears\u201d is the trio\u00b4s second CD and here the song collection is a blend of well-known Icelandic tunes in jazz arrangements, like Of Monsters and Men\u00b4s Lakehouse, Sumargestur\/Summerguest by \u00c1sgeir Trausti and Icelandic Eurovision hit Nina, two songs by Paul McCartney and Winston Tong, two originals by Karl Olgeirsson and a funny version of \u201cVertu ekki a\u00f0 horfa svona alltaf \u00e1 mig \u2013 What Do You Wanna Make Those Eyes at Me For\u201d which is almost an Icelandic song as it became a super-hit in Iceland with Icelandic lyrics in the late 50\u00b4s as performed by Icelandic Rock-Icon Raggi Bjarna\/Ragnar Bjarnason.<\/p>\n<p>Karl Olgeirsson \u2013 Piano<br \/>\nKristinn Sn\u00e6r Agnarsson \u2013 Drums<br \/>\nJ\u00f3n Rafnsson \u2013 Double Bass<\/p>\n<p class=\"sqsrte-small\">01. Sn\u00fa\u00f0ur, minn Sn\u00fa\u00f0ur (Karl Olgeirsson)<br \/>\n02. In a Manner of Speaking (Winston Tong)<br \/>\n03. Jenny Wren (Paul McCartney)<br \/>\n04. Krummabl\u00fas (\u00edslenskt \u00fej\u00f3\u00f0lag \/ Icelandic folk melody)<br \/>\n05. Lakehouse (B.Leifsson, R.\u00de\u00f3rhallsson, Nanna B.Hilmarsd\u00f3ttir)<br \/>\n06. Sumargestur (\u00c1sgeir Trausti Einarsson)<br \/>\n07. Vertu ekki a\u00f0 horfa svona alltaf \u00e1 mig (J.McCarthy, H.Johnson, J.V.Monaco)<br \/>\n08. Fr\u00e9ttaauki (Arn\u00fe\u00f3r Helgason)<br \/>\n09. Draumur um N\u00ednu (Eyj\u00f3lfur Kristj\u00e1nsson)<br \/>\n10. Hvers vegna varst\u00b4ekki kyrr (J\u00f3hann G. J\u00f3hannsson)<br \/>\n11. Lokalag (Karl Olgeirsson)<\/p>\n<p class=\"\">Original title of track 7 \u201cWhat Do You Wanna Make Those Eyes at Me For\u201d<\/p>\n<p class=\"\">\n","protected":false},"excerpt":{"rendered":"<p>We Ride Polar Bears (JRCD013) &#8211; DJ\u00c4SS (Hot Eskimos) Order CD direct from JR Music: jon@jrmusic.is Price ISK 2.500,- Listen on Spotify &nbsp; CD available at, &#8211; store and webstore: Pl\u00f6tub\u00fa\u00f0in, Tr\u00f6nuhraun 6 \u2013 webstore Lucky Records, Rau\u00f0ar\u00e1rst\u00edgur 10 \u2013 webstore Smekkleysa, Hverfisgata 32 \u2013 webstore 12 t\u00f3nar, Sk\u00f3lav\u00f6r\u00f0ust\u00edgur 15 \u2013 webstore Hlj\u00f3ms\u00fdn, \u00c1rm\u00fali 38 &hellip; <a href=\"https:\/\/jrmusic.is\/en\/jr-utgafa\/we-ride-polar-bears\/\" class=\"more-link\">Continue reading <span class=\"screen-reader-text\">We Ride Polar Bears (CD)<\/span> <span class=\"meta-nav\">&rarr;<\/span><\/a><\/p>\n","protected":false},"author":3,"featured_media":0,"parent":17,"menu_order":13,"comment_status":"closed","ping_status":"closed","template":"","meta":{"footnotes":""},"class_list":["post-55","page","type-page","status-publish","hentry"],"_links":{"self":[{"href":"https:\/\/jrmusic.is\/en\/wp-json\/wp\/v2\/pages\/55","targetHints":{"allow":["GET"]}}],"collection":[{"href":"https:\/\/jrmusic.is\/en\/wp-json\/wp\/v2\/pages"}],"about":[{"href":"https:\/\/jrmusic.is\/en\/wp-json\/wp\/v2\/types\/page"}],"author":[{"embeddable":true,"href":"https:\/\/jrmusic.is\/en\/wp-json\/wp\/v2\/users\/3"}],"replies":[{"embeddable":true,"href":"https:\/\/jrmusic.is\/en\/wp-json\/wp\/v2\/comments?post=55"}],"version-history":[{"count":36,"href":"https:\/\/jrmusic.is\/en\/wp-json\/wp\/v2\/pages\/55\/revisions"}],"predecessor-version":[{"id":2904,"href":"https:\/\/jrmusic.is\/en\/wp-json\/wp\/v2\/pages\/55\/revisions\/2904"}],"up":[{"embeddable":true,"href":"https:\/\/jrmusic.is\/en\/wp-json\/wp\/v2\/pages\/17"}],"wp:attachment":[{"href":"https:\/\/jrmusic.is\/en\/wp-json\/wp\/v2\/media?parent=55"}],"curies":[{"name":"wp","href":"https:\/\/api.w.org\/{rel}","templated":true}]}}