{"id":53,"date":"2015-11-19T11:56:14","date_gmt":"2015-11-19T11:56:14","guid":{"rendered":"http:\/\/nytt.jrmusic.is\/?page_id=53"},"modified":"2024-12-02T17:33:21","modified_gmt":"2024-12-02T17:33:21","slug":"stjarnanna-fjold","status":"publish","type":"page","link":"https:\/\/jrmusic.is\/en\/jr-utgafa\/stjarnanna-fjold\/","title":{"rendered":"Stjarnanna fj\u00f6ld \/ Plurality of the Stars (CD)"},"content":{"rendered":"<p><strong><img loading=\"lazy\" decoding=\"async\" class=\"alignleft\" src=\"https:\/\/static.heimkaup.is\/images\/products\/96\/42496\/42496-kristjana-arngrimsdottir-stjarnanna-fjold_670x400.jpg\" width=\"252\" height=\"227\" \/>Stjarnanna fj\u00f6ld (JRCD012)<\/strong><br \/>\n<strong>Kristjana Arngr\u00edmsd\u00f3ttir<\/strong><\/p>\n<p>Order CD direct from JR Music: <a href=\"mailto:jon@jrmusic.is\">jon@jrmusic.is<br \/>\n<\/a>Price ISK 2.500,-<\/p>\n<p>Listen on <a href=\"https:\/\/open.spotify.com\/album\/6jSSu6ponsFba0rgff3Ah6\">Spotify<\/a><\/p>\n<p>Listen on <a href=\"https:\/\/listen.tidal.com\/album\/235384237\">Tidal<\/a><\/p>\n<p>CD available at &#8211; Store and Web store:<br \/>\nPl\u00f6tub\u00fa\u00f0in, Tr\u00f6nuhraun 6, Hafnarfir\u00f0i &#8211; <a href=\"https:\/\/plotubudin.is\/products\/kristjana-arngrimsdottir-stjarnanna-fjold\">netverslun<\/a><br \/>\nLucky Records, Rau\u00f0ar\u00e1rst\u00edgur 10 &#8211; <a href=\"https:\/\/luckyrecords.is\/product\/kristjana-arngrimsdottir-sjarnanna-fjold-cd\/\">netverslun<\/a><br \/>\nSmekkleysa, Hverfisgata 32<br \/>\n12 t\u00f3nar, Sk\u00f3lav\u00f6r\u00f0ust\u00edgur 15<br \/>\nLitla j\u00f3lab\u00fa\u00f0in, Laugarvegur 8<br \/>\nJ\u00f3lagar\u00f0urinn \/ The Christmas Garden at Sl\u00e9tta in Eyjafjar\u00f0arsveit, Akureyri<\/p>\n<p>On this Christmas CD you will hear several well-known Christmas Songs as well as the title song written by Kristjana Arngr\u00edmsd\u00f3ttir.<\/p>\n<p>1. \u00a0 Stjarnanna fj\u00f6ld<br \/>\n2. \u00a0H\u00e1t\u00ed\u00f0 \u00ed b\u00e6<br \/>\n3. \u00a0J\u00f3l, j\u00f3l sk\u00ednandi\u00a0sk\u00e6r<br \/>\n4. \u00a0J\u00f3lagj\u00f6fin<br \/>\n5. \u00a0J\u00f3lin alls sta\u00f0ar<br \/>\n6. \u00a0V\u00e9r lyftum hug \u00ed h\u00e6\u00f0ir<br \/>\n7. \u00a0Litli<strong>\u00a0<\/strong>trommuleikarinn<br \/>\n8. \u00a0H\u00e1t\u00ed\u00f0 fer a\u00f0 h\u00f6ndum ein<br \/>\n9. \u00a0Hv\u00edt j\u00f3l<br \/>\n10. \u00cd dag\u00a0er glatt \u00ed d\u00f6prum hj\u00f6rtum<br \/>\n11. \u00dea\u00f0 aldin \u00fat er sprungi\u00f0<\/p>\n<p>&nbsp;<\/p>\n","protected":false},"excerpt":{"rendered":"<p>Stjarnanna fj\u00f6ld (JRCD012) Kristjana Arngr\u00edmsd\u00f3ttir Order CD direct from JR Music: jon@jrmusic.is Price ISK 2.500,- Listen on Spotify Listen on Tidal CD available at &#8211; Store and Web store: Pl\u00f6tub\u00fa\u00f0in, Tr\u00f6nuhraun 6, Hafnarfir\u00f0i &#8211; netverslun Lucky Records, Rau\u00f0ar\u00e1rst\u00edgur 10 &#8211; netverslun Smekkleysa, Hverfisgata 32 12 t\u00f3nar, Sk\u00f3lav\u00f6r\u00f0ust\u00edgur 15 Litla j\u00f3lab\u00fa\u00f0in, Laugarvegur 8 J\u00f3lagar\u00f0urinn \/ The &hellip; <a href=\"https:\/\/jrmusic.is\/en\/jr-utgafa\/stjarnanna-fjold\/\" class=\"more-link\">Continue reading <span class=\"screen-reader-text\">Stjarnanna fj\u00f6ld \/ Plurality of the Stars (CD)<\/span> <span class=\"meta-nav\">&rarr;<\/span><\/a><\/p>\n","protected":false},"author":3,"featured_media":0,"parent":17,"menu_order":12,"comment_status":"closed","ping_status":"closed","template":"","meta":{"footnotes":""},"class_list":["post-53","page","type-page","status-publish","hentry"],"_links":{"self":[{"href":"https:\/\/jrmusic.is\/en\/wp-json\/wp\/v2\/pages\/53","targetHints":{"allow":["GET"]}}],"collection":[{"href":"https:\/\/jrmusic.is\/en\/wp-json\/wp\/v2\/pages"}],"about":[{"href":"https:\/\/jrmusic.is\/en\/wp-json\/wp\/v2\/types\/page"}],"author":[{"embeddable":true,"href":"https:\/\/jrmusic.is\/en\/wp-json\/wp\/v2\/users\/3"}],"replies":[{"embeddable":true,"href":"https:\/\/jrmusic.is\/en\/wp-json\/wp\/v2\/comments?post=53"}],"version-history":[{"count":38,"href":"https:\/\/jrmusic.is\/en\/wp-json\/wp\/v2\/pages\/53\/revisions"}],"predecessor-version":[{"id":3132,"href":"https:\/\/jrmusic.is\/en\/wp-json\/wp\/v2\/pages\/53\/revisions\/3132"}],"up":[{"embeddable":true,"href":"https:\/\/jrmusic.is\/en\/wp-json\/wp\/v2\/pages\/17"}],"wp:attachment":[{"href":"https:\/\/jrmusic.is\/en\/wp-json\/wp\/v2\/media?parent=53"}],"curies":[{"name":"wp","href":"https:\/\/api.w.org\/{rel}","templated":true}]}}