{"id":51,"date":"2015-11-19T11:55:03","date_gmt":"2015-11-19T11:55:03","guid":{"rendered":"http:\/\/nytt.jrmusic.is\/?page_id=51"},"modified":"2022-07-30T08:51:06","modified_gmt":"2022-07-30T08:51:06","slug":"songs-from-the-top-of-the-world","status":"publish","type":"page","link":"https:\/\/jrmusic.is\/en\/jr-utgafa\/songs-from-the-top-of-the-world\/","title":{"rendered":"Songs from the top of the world (CD)"},"content":{"rendered":"<p><strong><img loading=\"lazy\" decoding=\"async\" class=\"alignleft\" src=\"https:\/\/jrmusic.is\/en\/wp-content\/uploads\/2015\/11\/songs-from-the-top-of-the-world-frontur-300x300.jpg\" alt=\"songs from the top of the world - frontur\" width=\"228\" height=\"228\" \/>Songs from the top of the world (JRCD011)<br \/>\n&#8211; DJ\u00c4SS (Hot Eskimos)<\/strong><\/p>\n<p>Order CD direct from JR Music: <a href=\"mailto:jon@jrmusic.is\">jon@jrmusic.is<\/a><br \/>\nPrice ISK ver\u00f0 2.500,-<\/p>\n<p>Listen on <a href=\"https:\/\/open.spotify.com\/album\/5ThyC2v87mVbjoUSc7HjWL\">Spotify<\/a><\/p>\n<p>&nbsp;<\/p>\n<p class=\"\">CD and vinyl available at, &#8211; store and webstore:<br \/>\nPl\u00f6tub\u00fa\u00f0in, Tr\u00f6nuhraun 6 \u2013 <a href=\"https:\/\/plotubudin.is\/products\/djass-hot-eskimos-songs-from-the-top-of-the-world\">webstore<\/a><br \/>\nLucky Records, Rau\u00f0ar\u00e1rst\u00edgur 10 \u2013 <a href=\"https:\/\/luckyrecords.is\/?post_type=product&amp;s=Songs%20from%20the%20top%20of%20the%20world\">webstore<\/a><br \/>\nSmekkleysa, Hverfisgata 32 \u2013 <a href=\"https:\/\/smekkleysa.net\/shop\/more-music\/vinyl-more-music\/hot-eskimos-songs-from-the-top-of-the-world\/\">webstore<\/a><br \/>\n12 t\u00f3nar, Sk\u00f3lav\u00f6r\u00f0ust\u00edgur 15 \u2013 webstore<br \/>\nReykjav\u00edk Record shop, Klapparst\u00edg 35 \u2013 webstore (just vinyl)<br \/>\nHlj\u00f3ms\u00fdn, \u00c1rm\u00fala 38<\/p>\n<p style=\"background: white; margin: 0in 0in .25in 0in;\"><span style=\"font-family: 'Georgia',serif; color: #333333;\">An original and curious collection of Icelandic songs of the last 40 years in hip jazz arrangements. A mixture of evergreens, folk, punk and alternative music as well as successful international hits like Emiliana Torrini\u2019s Jungle Drum, J\u00f3nsi\u2019s (of Sigur R\u00f3s) Animal Arithmetic and Bj\u00f6rk\u2019s Army of me. A great glimpse into today\u2019s Icelandic jazz scene as well as a great overview of the Icelandic popular song tradition.<\/span><\/p>\n<p>Karl Olgeirsson &#8211; piano<br \/>\nJ\u00f3n Rafnsson &#8211; double bass<br \/>\nKristinn Sn\u00e6r Agnarsson &#8211; drums<\/p>\n<p style=\"background: white; margin: 0in 0in .25in 0in;\"><span style=\"font-family: 'Georgia',serif; color: #333333;\">01. Birthday \/ Amm\u00e6li (originally performed by The Sugarcubes)<br \/>\n02. Jungle Drum \u00a0(originally performed by Emiliana Torrini)\u00a0 \u00a0 \u00a0 \u00a0 \u00a0 \u00a0 \u00a0 \u00a0 \u00a0 \u00a0 \u00a0 \u00a0 \u00a0 \u00a0 \u00a0 \u00a0 \u00a0 \u00a0 \u00a0 \u00a0 \u00a0 \u00a0 03. Is It True? (originally performed by Yohanna)<br \/>\n04. R\u00fadolf \u00a0(originally performed by \u00deeyr)<br \/>\n05. \u00de\u00fa komst vi\u00f0 hjarta\u00f0 \u00ed m\u00e9r (originally performed by P\u00e1ll \u00d3skar Hj\u00e1lmt\u00fdsson)<br \/>\n06. Stolt siglir fleyi\u00f0 mitt (originally performed by \u00c1h\u00f6fnin \u00e1 Halastj\u00f6rnunni)<br \/>\n07. Animal Arithmetic (originally performed by J\u00f3nsi)<br \/>\n08. Fatlaf\u00f3l (originally performed by Megas &amp; Bubbi)<br \/>\n09. Army of Me \u00a0(originally performed by Bj\u00f6rk)<br \/>\n10. \u00dat \u00e1 stoppust\u00f6\u00f0 \u00a0(originally performed by Stu\u00f0menn)<br \/>\n11. Can\u2019t Walk Away \u00a0(originally performed by Herbert Gu\u00f0mundsson)<br \/>\n12. Fj\u00f6llin hafa vaka\u00f0 (originally performed by Eg\u00f3)<br \/>\n13. \u00c1lfar \u00a0(originally performed by Magn\u00fas \u00de\u00f3r Sigmundsson)<\/span><\/p>\n","protected":false},"excerpt":{"rendered":"<p>Songs from the top of the world (JRCD011) &#8211; DJ\u00c4SS (Hot Eskimos) Order CD direct from JR Music: jon@jrmusic.is Price ISK ver\u00f0 2.500,- Listen on Spotify &nbsp; CD and vinyl available at, &#8211; store and webstore: Pl\u00f6tub\u00fa\u00f0in, Tr\u00f6nuhraun 6 \u2013 webstore Lucky Records, Rau\u00f0ar\u00e1rst\u00edgur 10 \u2013 webstore Smekkleysa, Hverfisgata 32 \u2013 webstore 12 t\u00f3nar, Sk\u00f3lav\u00f6r\u00f0ust\u00edgur &hellip; <a href=\"https:\/\/jrmusic.is\/en\/jr-utgafa\/songs-from-the-top-of-the-world\/\" class=\"more-link\">Continue reading <span class=\"screen-reader-text\">Songs from the top of the world (CD)<\/span> <span class=\"meta-nav\">&rarr;<\/span><\/a><\/p>\n","protected":false},"author":3,"featured_media":0,"parent":17,"menu_order":11,"comment_status":"closed","ping_status":"closed","template":"","meta":{"footnotes":""},"class_list":["post-51","page","type-page","status-publish","hentry"],"_links":{"self":[{"href":"https:\/\/jrmusic.is\/en\/wp-json\/wp\/v2\/pages\/51","targetHints":{"allow":["GET"]}}],"collection":[{"href":"https:\/\/jrmusic.is\/en\/wp-json\/wp\/v2\/pages"}],"about":[{"href":"https:\/\/jrmusic.is\/en\/wp-json\/wp\/v2\/types\/page"}],"author":[{"embeddable":true,"href":"https:\/\/jrmusic.is\/en\/wp-json\/wp\/v2\/users\/3"}],"replies":[{"embeddable":true,"href":"https:\/\/jrmusic.is\/en\/wp-json\/wp\/v2\/comments?post=51"}],"version-history":[{"count":35,"href":"https:\/\/jrmusic.is\/en\/wp-json\/wp\/v2\/pages\/51\/revisions"}],"predecessor-version":[{"id":2899,"href":"https:\/\/jrmusic.is\/en\/wp-json\/wp\/v2\/pages\/51\/revisions\/2899"}],"up":[{"embeddable":true,"href":"https:\/\/jrmusic.is\/en\/wp-json\/wp\/v2\/pages\/17"}],"wp:attachment":[{"href":"https:\/\/jrmusic.is\/en\/wp-json\/wp\/v2\/media?parent=51"}],"curies":[{"name":"wp","href":"https:\/\/api.w.org\/{rel}","templated":true}]}}