{"id":46,"date":"2015-11-19T11:52:14","date_gmt":"2015-11-19T11:52:14","guid":{"rendered":"http:\/\/nytt.jrmusic.is\/?page_id=46"},"modified":"2023-05-10T09:57:12","modified_gmt":"2023-05-10T09:57:12","slug":"la-vita-con-te","status":"publish","type":"page","link":"https:\/\/jrmusic.is\/en\/jr-utgafa\/la-vita-con-te\/","title":{"rendered":"La vita con te \/ The life with you(CD)"},"content":{"rendered":"<p><strong><img loading=\"lazy\" decoding=\"async\" class=\"alignleft\" src=\"https:\/\/jrmusic.is\/wp-content\/uploads\/2015\/11\/La-Vita-con-te-frontur.jpg\" alt=\"Delizie Italiane \u2013 La vita con te | JR Music\" width=\"259\" height=\"232\" \/>La vita con te \/ L\u00edfi\u00f0 me\u00f0 \u00fe\u00e9r (JRCD009)<br \/>\n<\/strong><strong>&#8211; Delizie Italiane<br \/>\n<\/strong><strong><img decoding=\"async\" class=\"alignleft\" src=\"http:\/\/jonrafnsson.com\/wp-content\/themes\/twentyten\/images\/Delizie_laVita.jpg\" alt=\"\" \/><\/strong><\/p>\n<p>Order CD direct from JR Music: <a href=\"mailto:jon@jrmusic.is\">jon@jrmusic.is<br \/>\n<\/a>Price ISK\u00a0 2.500,-<\/p>\n<p>Listen on <a href=\"https:\/\/open.spotify.com\/album\/3GN7qdHjo7ROsZN0eLNFJF\">Spotify<\/a><\/p>\n<p>On this album, the main focus is on Icelandic songs that have been given Italian lyrics. Some of them are translations from the Icelandic original, but most are completely new, although the lyrical content is usually the same \u2013 i.e. love and life. Two Italian songs are also on the album; Innamorati and Che sar\u00e1, as both have become popular in Iceland with Icelandic lyrics. Here they are performed in the original Italian. The trio\u2019s lead singer, Leone Tinganelli, also contributes three of his own songs.<\/p>\n<p>Leone Tinganelli &#8211; vocal and guitar<br \/>\nElvar Hafsteinsson &#8211; guitar and vocal<br \/>\nJ\u00f3n Rafnsson &#8211; double bass and vocal<\/p>\n<p>1. \u00a0\u00b4O BLUES \u00b4E LOLA (Braggabl\u00fas)<br \/>\n2. \u00a0 RASSEGNATI (\u00dea\u00f0 s\u00fdnir sig)<br \/>\n3. \u00a0 COME DUE STELLE IN CIELO (Tv\u00e6r stj\u00f6rnur)<br \/>\n4. \u00a0 CHE SAR\u00c1 (G\u00f3\u00f0a fer\u00f0)<br \/>\n5. \u00a0 DONNA (Kona)<br \/>\n6. \u00a0 LA VITA CON TE (\u00dea\u00f0 er gott a\u00f0 elska)<br \/>\n7. \u00a0 VENGO STANOTTE (Komdu \u00ed kv\u00f6ld)<br \/>\n8. \u00a0 NINA (N\u00edna)<br \/>\n9. \u00a0 QUEL TUO AMORE IMMENSO (Hjartas\u00f3l)<br \/>\n10. INNAMORATI (\u00c9g fer \u00ed fr\u00edi\u00f0)<br \/>\n11. I TUOI OCCHI BLU (Bl\u00e1u augun \u00fe\u00edn)<br \/>\n12. H\u00c1LFUR \u00cdSLENDINGUR<\/p>\n<p>&nbsp;<\/p>\n","protected":false},"excerpt":{"rendered":"<p>La vita con te \/ L\u00edfi\u00f0 me\u00f0 \u00fe\u00e9r (JRCD009) &#8211; Delizie Italiane Order CD direct from JR Music: jon@jrmusic.is Price ISK\u00a0 2.500,- Listen on Spotify On this album, the main focus is on Icelandic songs that have been given Italian lyrics. Some of them are translations from the Icelandic original, but most are completely new, &hellip; <a href=\"https:\/\/jrmusic.is\/en\/jr-utgafa\/la-vita-con-te\/\" class=\"more-link\">Continue reading <span class=\"screen-reader-text\">La vita con te \/ The life with you(CD)<\/span> <span class=\"meta-nav\">&rarr;<\/span><\/a><\/p>\n","protected":false},"author":3,"featured_media":0,"parent":17,"menu_order":9,"comment_status":"closed","ping_status":"closed","template":"","meta":{"footnotes":""},"class_list":["post-46","page","type-page","status-publish","hentry"],"_links":{"self":[{"href":"https:\/\/jrmusic.is\/en\/wp-json\/wp\/v2\/pages\/46","targetHints":{"allow":["GET"]}}],"collection":[{"href":"https:\/\/jrmusic.is\/en\/wp-json\/wp\/v2\/pages"}],"about":[{"href":"https:\/\/jrmusic.is\/en\/wp-json\/wp\/v2\/types\/page"}],"author":[{"embeddable":true,"href":"https:\/\/jrmusic.is\/en\/wp-json\/wp\/v2\/users\/3"}],"replies":[{"embeddable":true,"href":"https:\/\/jrmusic.is\/en\/wp-json\/wp\/v2\/comments?post=46"}],"version-history":[{"count":26,"href":"https:\/\/jrmusic.is\/en\/wp-json\/wp\/v2\/pages\/46\/revisions"}],"predecessor-version":[{"id":3060,"href":"https:\/\/jrmusic.is\/en\/wp-json\/wp\/v2\/pages\/46\/revisions\/3060"}],"up":[{"embeddable":true,"href":"https:\/\/jrmusic.is\/en\/wp-json\/wp\/v2\/pages\/17"}],"wp:attachment":[{"href":"https:\/\/jrmusic.is\/en\/wp-json\/wp\/v2\/media?parent=46"}],"curies":[{"name":"wp","href":"https:\/\/api.w.org\/{rel}","templated":true}]}}