{"id":44,"date":"2015-11-19T11:51:14","date_gmt":"2015-11-19T11:51:14","guid":{"rendered":"http:\/\/nytt.jrmusic.is\/?page_id=44"},"modified":"2022-07-30T09:39:46","modified_gmt":"2022-07-30T09:39:46","slug":"fusi-halldors","status":"publish","type":"page","link":"https:\/\/jrmusic.is\/en\/jr-utgafa\/fusi-halldors\/","title":{"rendered":"F\u00fasi Halld\u00f3rs &#8220;The Most Popular Songs&#8221; (CD)"},"content":{"rendered":"<p><img loading=\"lazy\" decoding=\"async\" class=\"alignleft\" src=\"https:\/\/i.scdn.co\/image\/ab67616d0000b27377323b23f102df94da90ef4e\" alt=\"F\u00fasi Halld\u00f3rs - Vins\u00e6lustu l\u00f6gin - Compilation by Bjorn Thoroddsen, Sigf\u00fas Halld\u00f3rsson | Spotify\" width=\"250\" height=\"250\" \/><strong>Bj\u00f6rn Thoroddsen <\/strong><\/p>\n<p><strong>F\u00fasi Halld\u00f3rs \u2013 Vins\u00e6lustu l\u00f6gin (JRCD008)<\/strong><\/p>\n<p><strong>Currently unavailable <\/strong><\/p>\n<p>Listen on\u00a0<a href=\"https:\/\/open.spotify.com\/album\/70lbyMAbi1fCmRL9jmOEjC\">Spotify<\/a><\/p>\n<p>&nbsp;<\/p>\n<p style=\"background: white; margin: 0in 0in .25in 0in;\"><span style=\"font-family: 'Georgia',serif; color: #333333; background: white;\">An incredible amount of songs by Sigf\u00fas Halld\u00f3rsson \u2013 or F\u00fasi as he is known by most \u2013 have become a part of the popular Icelandic culture. These songs, so effortlessly sung by the Icelandic people for years, have made F\u00fasi a national treasure. On this album, the highlights of F\u00fasi\u2019s song writing are performed by some of Iceland\u2019s best known singers, and Bj\u00f6rn Thoroddsen orchestrates a terrific band that makes the songs sound more relevant than ever.<\/span><\/p>\n<p>Bj\u00f6rn Thoroddsen &#8211; guitar<br \/>\nP\u00e1lmi Sigurhjartarson &#8211; piano<br \/>\nJ\u00f3n Rafnsson &#8211; double bass<br \/>\nJ\u00f3hann Hj\u00f6rleifsson &#8211; drums<\/p>\n<p>vocals by:<br \/>\nEgill \u00d3lafsson<br \/>\nAndrea Gylfad\u00f3ttir<br \/>\nHera Bj\u00f6rk \u00de\u00f3rhalldsd\u00f3ttir<br \/>\nStef\u00e1n Hilmarsson<\/p>\n<p>1. \u00a0 Tondeley\u00f3 \u00a0(vocal &#8211; Egill)<br \/>\n2. \u00a0 Vi\u00f0 Vatnsm\u00fdrina \u00a0(vocal &#8211; Andrea)<br \/>\n3. \u00a0 \u00cd gr\u00e6num m\u00f3 \u00a0(vocal &#8211; Stef\u00e1n)<br \/>\n4. \u00a0 Litla flugan \u00a0(vocal &#8211; Egill)<br \/>\n5. \u00a0 Dagny \u00a0 (vocal &#8211; Stef\u00e1n og Hera Bj\u00f6rk)<br \/>\n6. \u00a0 J\u00e1tning \u00a0(vocal &#8211; Hera Bj\u00f6rk)<br \/>\n7. \u00a0 Sommerens sidste blomster \u00a0 (vocal &#8211; Andrea)<br \/>\n8. \u00a0 Hvers vegna? \u00a0 (vocal &#8211; Stef\u00e1n)<br \/>\n9. \u00a0 \u00de\u00edn hv\u00edta mynd \u00a0(vocal &#8211; Hera Bj\u00f6rk)<br \/>\n10. \u00cdslenskt \u00e1starlj\u00f3\u00f0 \u00a0 (vocal &#8211; Egill)<br \/>\n11 .L\u00edtill fugl \u00a0 (vocal &#8211; Hera Bj\u00f6rk)<br \/>\n12. Vi\u00f0 eigum samlei\u00f0 vina m\u00edna \u00a0(vocal &#8211; Hera and Stef\u00e1n)<br \/>\n13. Vegir liggja til allra \u00e1tta \u00a0(vocal &#8211; Stef\u00e1n)<\/p>\n<p>&nbsp;<\/p>\n","protected":false},"excerpt":{"rendered":"<p>Bj\u00f6rn Thoroddsen F\u00fasi Halld\u00f3rs \u2013 Vins\u00e6lustu l\u00f6gin (JRCD008) Currently unavailable Listen on\u00a0Spotify &nbsp; An incredible amount of songs by Sigf\u00fas Halld\u00f3rsson \u2013 or F\u00fasi as he is known by most \u2013 have become a part of the popular Icelandic culture. These songs, so effortlessly sung by the Icelandic people for years, have made F\u00fasi a &hellip; <a href=\"https:\/\/jrmusic.is\/en\/jr-utgafa\/fusi-halldors\/\" class=\"more-link\">Continue reading <span class=\"screen-reader-text\">F\u00fasi Halld\u00f3rs &#8220;The Most Popular Songs&#8221; (CD)<\/span> <span class=\"meta-nav\">&rarr;<\/span><\/a><\/p>\n","protected":false},"author":3,"featured_media":0,"parent":17,"menu_order":8,"comment_status":"closed","ping_status":"closed","template":"","meta":{"footnotes":""},"class_list":["post-44","page","type-page","status-publish","hentry"],"_links":{"self":[{"href":"https:\/\/jrmusic.is\/en\/wp-json\/wp\/v2\/pages\/44","targetHints":{"allow":["GET"]}}],"collection":[{"href":"https:\/\/jrmusic.is\/en\/wp-json\/wp\/v2\/pages"}],"about":[{"href":"https:\/\/jrmusic.is\/en\/wp-json\/wp\/v2\/types\/page"}],"author":[{"embeddable":true,"href":"https:\/\/jrmusic.is\/en\/wp-json\/wp\/v2\/users\/3"}],"replies":[{"embeddable":true,"href":"https:\/\/jrmusic.is\/en\/wp-json\/wp\/v2\/comments?post=44"}],"version-history":[{"count":19,"href":"https:\/\/jrmusic.is\/en\/wp-json\/wp\/v2\/pages\/44\/revisions"}],"predecessor-version":[{"id":2912,"href":"https:\/\/jrmusic.is\/en\/wp-json\/wp\/v2\/pages\/44\/revisions\/2912"}],"up":[{"embeddable":true,"href":"https:\/\/jrmusic.is\/en\/wp-json\/wp\/v2\/pages\/17"}],"wp:attachment":[{"href":"https:\/\/jrmusic.is\/en\/wp-json\/wp\/v2\/media?parent=44"}],"curies":[{"name":"wp","href":"https:\/\/api.w.org\/{rel}","templated":true}]}}