{"id":42,"date":"2015-11-19T11:48:27","date_gmt":"2015-11-19T11:48:27","guid":{"rendered":"http:\/\/nytt.jrmusic.is\/?page_id=42"},"modified":"2025-02-16T17:31:41","modified_gmt":"2025-02-16T17:31:41","slug":"gitarveizla-bjossa-thor","status":"publish","type":"page","link":"https:\/\/jrmusic.is\/en\/jr-utgafa\/gitarveizla-bjossa-thor\/","title":{"rendered":"Bj\u00f6rn Thoroddsen Guitarfest 2009 (CD)"},"content":{"rendered":"<p><strong><img loading=\"lazy\" decoding=\"async\" class=\"alignleft\" src=\"https:\/\/jrmusic.is\/en\/wp-content\/uploads\/2015\/11\/guitarfest-frontur-300x296.jpg\" alt=\"guitarfest - frontur\" width=\"222\" height=\"219\" \/>Bj\u00f6rn Thoroddsen Guitarfest 2009 (JRCD006)<\/strong><\/p>\n<p>Order CD direct from JR Music: <a href=\"mailto:jon@jrmusic.is\">jon@jrmusic.is<br \/>\n<\/a>Price ISK 2.500,-<\/p>\n<p><a href=\"https:\/\/listen.tidal.com\/album\/259782740\">Tidal<\/a><br \/>\n<a href=\"https:\/\/open.spotify.com\/album\/2UQTRjQzpKTAPdWQAiRN2j\">Spotify<\/a><\/p>\n<p style=\"background: white; margin: 0in 0in .25in 0in;\"><span style=\"font-family: 'Georgia',serif; color: #333333;\">Bj\u00f6rn Thoroddsen\u2019s fourth Guitarfest was held in November 2009 and was a huge success. At the concert, Bj\u00f6rn invited several of Iceland\u2019s top guitarists to perform some of their favourite songs. The artists on stage spanned the age range from 22-79, played all possible styles of music, and it safe to say that the festival presented a great overview of Icelandic guitar-playing for the last 50 years. The Guitarfest turned into three sold-out events, and at the first concert, guitarist \u00d3lafur Gaukur \u00de\u00f3rhallsson was awarded the Golden Guitar Pick for his contribution to guitar playing and teaching in Iceland.<\/span><\/p>\n<p>1. \u00a0 Albatros (performed by: Tryggvi Hubner)<br \/>\n2. \u00a0 Guitar Worm (performed by: Bj\u00f6rn Thoroddsen)<br \/>\n3. \u00a0 Atlantis\/ Apache (performed by: \u00de\u00f3r\u00f0ur \u00c1rnason)<br \/>\n4. \u00a0 Hocus Pocus (performed by: Sigurgeir Sigmundsson)<br \/>\n5. \u00a0 Fascinating Rhythm (performed by: J\u00f3n P\u00e1ll Bjarnason)<br \/>\n6. \u00a0 You Really Got Me \u00a0(performed by: Gunnar Ringsted)<br \/>\n7. \u00a0 Vegir liggja til allra \u00e1tta (performed by: \u00d3lafur Gaukur)<br \/>\n8. \u00a0 Funk \u00a0(flytjandi : \u00deorsteinn Magn\u00fasson)<br \/>\n9. \u00a0 Sabre Dance (performed by: Vilhj\u00e1lmur Gu\u00f0j\u00f3nsson)<br \/>\n10. Genf \u00a0(performed by: Hj\u00f6rtur Stephensen og Guitar Islancio)<br \/>\n11. El blues \u00a0(performed by: E\u00f0var\u00f0 L\u00e1russon)<br \/>\n12. Sudden Samba (performed by: S\u00e6var \u00c1rnason)<br \/>\n13. Lenny \u00a0(performed by: Halld\u00f3r Bragason)<br \/>\n14. Blues \u00a0for K \u00a0(solos by: \u00d3lafur, Halld\u00f3r, Gunnar, J\u00f3n P\u00e1ll, \u00de\u00f3r\u00f0ur, Vilhj\u00e1lmur, \u00a0 \u00a0 \u00a0 \u00a0 \u00a0 \u00a0 \u00a0 \u00a0\u00deorsteinn, Tryggvi, E\u00f0var\u00f0, S\u00e6var, \u00a0Hj\u00f6rtur, Sigurgeir, Bj\u00f6rn)<\/p>\n<p>&nbsp;<\/p>\n","protected":false},"excerpt":{"rendered":"<p>Bj\u00f6rn Thoroddsen Guitarfest 2009 (JRCD006) Order CD direct from JR Music: jon@jrmusic.is Price ISK 2.500,- Tidal Spotify Bj\u00f6rn Thoroddsen\u2019s fourth Guitarfest was held in November 2009 and was a huge success. At the concert, Bj\u00f6rn invited several of Iceland\u2019s top guitarists to perform some of their favourite songs. The artists on stage spanned the age &hellip; <a href=\"https:\/\/jrmusic.is\/en\/jr-utgafa\/gitarveizla-bjossa-thor\/\" class=\"more-link\">Continue reading <span class=\"screen-reader-text\">Bj\u00f6rn Thoroddsen Guitarfest 2009 (CD)<\/span> <span class=\"meta-nav\">&rarr;<\/span><\/a><\/p>\n","protected":false},"author":3,"featured_media":0,"parent":17,"menu_order":6,"comment_status":"closed","ping_status":"closed","template":"","meta":{"footnotes":""},"class_list":["post-42","page","type-page","status-publish","hentry"],"_links":{"self":[{"href":"https:\/\/jrmusic.is\/en\/wp-json\/wp\/v2\/pages\/42","targetHints":{"allow":["GET"]}}],"collection":[{"href":"https:\/\/jrmusic.is\/en\/wp-json\/wp\/v2\/pages"}],"about":[{"href":"https:\/\/jrmusic.is\/en\/wp-json\/wp\/v2\/types\/page"}],"author":[{"embeddable":true,"href":"https:\/\/jrmusic.is\/en\/wp-json\/wp\/v2\/users\/3"}],"replies":[{"embeddable":true,"href":"https:\/\/jrmusic.is\/en\/wp-json\/wp\/v2\/comments?post=42"}],"version-history":[{"count":20,"href":"https:\/\/jrmusic.is\/en\/wp-json\/wp\/v2\/pages\/42\/revisions"}],"predecessor-version":[{"id":3195,"href":"https:\/\/jrmusic.is\/en\/wp-json\/wp\/v2\/pages\/42\/revisions\/3195"}],"up":[{"embeddable":true,"href":"https:\/\/jrmusic.is\/en\/wp-json\/wp\/v2\/pages\/17"}],"wp:attachment":[{"href":"https:\/\/jrmusic.is\/en\/wp-json\/wp\/v2\/media?parent=42"}],"curies":[{"name":"wp","href":"https:\/\/api.w.org\/{rel}","templated":true}]}}