{"id":40,"date":"2015-11-19T11:47:13","date_gmt":"2015-11-19T11:47:13","guid":{"rendered":"http:\/\/nytt.jrmusic.is\/?page_id=40"},"modified":"2022-07-30T09:38:22","modified_gmt":"2022-07-30T09:38:22","slug":"heidanna-ro","status":"publish","type":"page","link":"https:\/\/jrmusic.is\/en\/jr-utgafa\/heidanna-ro\/","title":{"rendered":"Hei\u00f0anna r\u00f3 \/ Serenity of the Highland Moors (CD)"},"content":{"rendered":"<p><strong><img loading=\"lazy\" decoding=\"async\" class=\"alignleft\" src=\"https:\/\/jrmusic.is\/en\/wp-content\/uploads\/2015\/11\/Hei%C3%B0anna-r%C3%B3-frontur-300x300.jpg\" alt=\"Hei\u00f0anna r\u00f3 - frontur\" width=\"193\" height=\"193\" \/>Hei\u00f0anna r\u00f3\u00a0 (JRCD005)<br \/>\n\u2013 Bj\u00f6rn Thoroddsen Trio &amp;\u00a0 Andrea Gylfad\u00f3ttir<br \/>\n<\/strong><br \/>\nOrder CD direct from JR Music: <a href=\"mailto:jon@jrmusic.is\">jon@jrmusic.is<br \/>\n<\/a>Price ISK 2.500,-<\/p>\n<p>Listen on <a href=\"https:\/\/open.spotify.com\/album\/64wsXiT6K5lbMT8ssID9bL\">Spotify<\/a><\/p>\n<p style=\"margin: 0in; background: white;\"><span style=\"font-family: 'Georgia',serif; color: #333333;\"><br \/>\nFamiliar songs and poems, mixed with popular songs reflecting the spirit of rural life in Iceland in the last century.<\/span><\/p>\n<p>&nbsp;<\/p>\n<p style=\"background: white; margin: 0in 0in .25in 0in;\"><span style=\"font-family: 'Georgia',serif; color: #333333;\">Bj\u00f6rn Thoroddsen \u2013 guitar<br \/>\nAndrea Gylfad\u00f3ttir \u2013 vocal<br \/>\nJ\u00f3n Rafnsson \u2013 bass<br \/>\nJ\u00f3hann Hj\u00f6rleifsson \u2013 drums<\/span><\/p>\n<p>1. \u00a0 Hei\u00f0arb\u00fdli\u00f0 \/ Fram \u00ed hei\u00f0anna r\u00f3<br \/>\n2. \u00a0 \u00c9g er kominn heim \/ H\u00e9r st\u00f3\u00f0 b\u00e6r<br \/>\n3. \u00a0 \u00c9g man \u00fea\u00f0 enn<br \/>\n4. \u00a0 \u00d3li rokkari<br \/>\n5. \u00a0 Kv\u00f6ldi\u00f0 er fagurt<br \/>\n6. \u00a0 R\u00e9ttarsamba<br \/>\n7. \u00a0 Sestu h\u00e9rna hj\u00e1 m\u00e9r \u00e1stin m\u00edn<br \/>\n8. \u00a0 Trygg\u00f0arei\u00f0inn t\u00f3kstu<br \/>\n9. \u00a0 \u00cd gr\u00e6num m\u00f3<br \/>\n10. V\u00edsur \u00cdslendinga \/ Hva\u00f0 er svo glatt<br \/>\n11. Upp til fjalla<br \/>\n12. \u00cdsland \/ \u00d3, f\u00f6gur er vor f\u00f3sturj\u00f6r\u00f0<br \/>\n13. Sveitin m\u00edn \/ Blessu\u00f0 s\u00e9rtu sveitin m\u00edn<\/p>\n<p>Other CDs from this series<\/p>\n<p><img loading=\"lazy\" decoding=\"async\" class=\"\" src=\"https:\/\/m.media-amazon.com\/images\/I\/71k5MQTeQnL._AC_UY218_.jpg\" alt=\"Vorvindar\" width=\"132\" height=\"128\" \/><br \/>\nVorvindar \/ Spring Winds\u00a0 (2006) Released by Alda Music (Sena)<br \/>\nOut of stock &#8211; listen on <a href=\"https:\/\/open.spotify.com\/album\/64wsXiT6K5lbMT8ssID9bL\">Spotify<\/a><\/p>\n<p><img loading=\"lazy\" decoding=\"async\" class=\"\" src=\"https:\/\/www.mbl.is\/myndir\/gagnasafn\/2007\/06\/28\/G2FFNO1D.jpg\" alt=\"Mynd \u00far Gagnasafni (grein 1152745\" width=\"132\" height=\"118\" \/><br \/>\nVorv\u00edsur \/ Ryhmes of Spring (2007) Released by Alda Music (Sena)<br \/>\nOut of stock &#8211; listen on <a href=\"https:\/\/open.spotify.com\/album\/37j8coWqR5LWmvvKWQVTE2\">Spotify<\/a><\/p>\n","protected":false},"excerpt":{"rendered":"<p>Hei\u00f0anna r\u00f3\u00a0 (JRCD005) \u2013 Bj\u00f6rn Thoroddsen Trio &amp;\u00a0 Andrea Gylfad\u00f3ttir Order CD direct from JR Music: jon@jrmusic.is Price ISK 2.500,- Listen on Spotify Familiar songs and poems, mixed with popular songs reflecting the spirit of rural life in Iceland in the last century. &nbsp; Bj\u00f6rn Thoroddsen \u2013 guitar Andrea Gylfad\u00f3ttir \u2013 vocal J\u00f3n Rafnsson \u2013 &hellip; <a href=\"https:\/\/jrmusic.is\/en\/jr-utgafa\/heidanna-ro\/\" class=\"more-link\">Continue reading <span class=\"screen-reader-text\">Hei\u00f0anna r\u00f3 \/ Serenity of the Highland Moors (CD)<\/span> <span class=\"meta-nav\">&rarr;<\/span><\/a><\/p>\n","protected":false},"author":3,"featured_media":0,"parent":17,"menu_order":5,"comment_status":"closed","ping_status":"closed","template":"","meta":{"footnotes":""},"class_list":["post-40","page","type-page","status-publish","hentry"],"_links":{"self":[{"href":"https:\/\/jrmusic.is\/en\/wp-json\/wp\/v2\/pages\/40","targetHints":{"allow":["GET"]}}],"collection":[{"href":"https:\/\/jrmusic.is\/en\/wp-json\/wp\/v2\/pages"}],"about":[{"href":"https:\/\/jrmusic.is\/en\/wp-json\/wp\/v2\/types\/page"}],"author":[{"embeddable":true,"href":"https:\/\/jrmusic.is\/en\/wp-json\/wp\/v2\/users\/3"}],"replies":[{"embeddable":true,"href":"https:\/\/jrmusic.is\/en\/wp-json\/wp\/v2\/comments?post=40"}],"version-history":[{"count":31,"href":"https:\/\/jrmusic.is\/en\/wp-json\/wp\/v2\/pages\/40\/revisions"}],"predecessor-version":[{"id":2911,"href":"https:\/\/jrmusic.is\/en\/wp-json\/wp\/v2\/pages\/40\/revisions\/2911"}],"up":[{"embeddable":true,"href":"https:\/\/jrmusic.is\/en\/wp-json\/wp\/v2\/pages\/17"}],"wp:attachment":[{"href":"https:\/\/jrmusic.is\/en\/wp-json\/wp\/v2\/media?parent=40"}],"curies":[{"name":"wp","href":"https:\/\/api.w.org\/{rel}","templated":true}]}}