{"id":277,"date":"2015-11-23T08:15:41","date_gmt":"2015-11-23T08:15:41","guid":{"rendered":"http:\/\/nytt.jrmusic.is\/?page_id=277"},"modified":"2021-11-17T14:47:15","modified_gmt":"2021-11-17T14:47:15","slug":"bjorn-thoroddsen","status":"publish","type":"page","link":"https:\/\/jrmusic.is\/en\/jr-verkefni\/bjorn-thoroddsen\/","title":{"rendered":"Bj\u00f6rn Thoroddsen"},"content":{"rendered":"<p><img decoding=\"async\" class=\"alignleft\" src=\"https:\/\/encrypted-tbn0.gstatic.com\/images?q=tbn:ANd9GcSpMiUbRFcjPmD22sf6kZ1GCH0JUIj39jmcfPilrQNuC62eK1wK\" alt=\"Image result for bj\u00f6rn thoroddsen\" \/><strong>Bj\u00f6rn Thoroddsen<\/strong> hefur sl. 30 \u00e1r veri\u00f0 einn af atkv\u00e6\u00f0amestu djasst\u00f3nlistarm\u00f6nnum \u00cdslands. Hann hefur gefi\u00f0 \u00fat fj\u00f6lda diska undir eigin nafni auk fj\u00f6lda samstarfsverkefna s.s. Guitar Islancio, Svare\/Thoroddsen Trio og Cold Front, \u00e1samt \u00fev\u00ed a\u00f0 hafa leiki\u00f0 me\u00f0 fj\u00f6lda \u00feekktra evr\u00f3pskra t\u00f3nlistarmanna, s.s. Ole Kock Hansen, Mads Vinding, Niels-Henning \u00d6rsted Pedersen, Nigel Kennedy, Alex Riel, Philip Catherine, Silvain Luc, Didier Lockwood, Doug Raney, Ulf Wakenius og J\u00f8rgen Svare. Bj\u00f6rn leikur me\u00f0 j\u00f6fnu millibili \u00fat um allan heim og hefur t\u00f3nlist hans veri\u00f0 gefin \u00fat \u00ed Evr\u00f3pu, \u00ed Nor\u00f0ur- og Su\u00f0ur Amer\u00edku og As\u00edu. Me\u00f0al listamanna \u00ed Amer\u00edku og As\u00edu sem Bj\u00f6rn hefur unni\u00f0 me\u00f0 eru Robben Ford, Al Di Meola, Tommy Emmanuel, Kazumi Watanabe, Richard Gillis, Leni Stern, Steve Kirby, P.J. Perry, James Carter, Prudence Johnson, Tim Butler og Larry Coryell. <img class=\"alignleft\" alt=\"\" \/>Bj\u00f6rn hefur hloti\u00f0 \u00fdmsar vi\u00f0urkenningar, s.s. Jazzt\u00f3nlistama\u00f0ur \u00e1rsins 2003\u00a0\u00e1 \u00cdslensku T\u00f3nlistarver\u00f0laununum, B\u00e6jarlistama\u00f0ur Gar\u00f0ab\u00e6jar 2002 og Jazzt\u00f3nsk\u00e1ld \u00e1rsins 2005 \u00e1 \u00cdTV.<\/p>\n<p><img decoding=\"async\" class=\"alignleft\" src=\"https:\/\/encrypted-tbn0.gstatic.com\/images?q=tbn:ANd9GcRoL_iMvzzB-x_sCc86Sw1v6rSYuRURGdtzwOzWfEEuztQpPTIl\" alt=\"Image result for bj\u00f6rn thoroddsen\" \/><\/p>\n<p>&nbsp;<\/p>\n<p>Bj\u00f6rn Thoroddsen \u00e1\u00a0<a href=\"http:\/\/www.youtube.com\/results?search_query=bjorn+thoroddsen&amp;aq=f\" target=\"_blank\" rel=\"noopener noreferrer\">youtube <\/a><\/p>\n<p><a href=\"https:\/\/www.bjornthoroddsen.org\/\">www.bjornthoroddsen.org\u00a0<\/a><\/p>\n<p>&nbsp;<\/p>\n<p>&nbsp;<\/p>\n<p>&nbsp;<\/p>\n<p><a href=\"https:\/\/www.tonlist.is\/#album\/4437\"><img loading=\"lazy\" decoding=\"async\" class=\"\" src=\"https:\/\/i.tonlist.is\/0\/1\/0\/4437.jpg\" alt=\"\" width=\"141\" height=\"141\" \/><\/a><\/p>\n<p><a href=\"https:\/\/www.tonlist.is\/#album\/5345\"><img loading=\"lazy\" decoding=\"async\" class=\"\" src=\"https:\/\/i.tonlist.is\/0\/1\/0\/5345.jpg\" alt=\"\" width=\"152\" height=\"152\" \/><\/a><\/p>\n<p><a href=\"https:\/\/www.tonlist.is\/#album\/781452\"><img loading=\"lazy\" decoding=\"async\" class=\"\" src=\"https:\/\/i.tonlist.is\/0\/1\/0\/781452.jpg\" alt=\"\" width=\"157\" height=\"157\" \/><\/a><\/p>\n","protected":false},"excerpt":{"rendered":"<p>Bj\u00f6rn Thoroddsen hefur sl. 30 \u00e1r veri\u00f0 einn af atkv\u00e6\u00f0amestu djasst\u00f3nlistarm\u00f6nnum \u00cdslands. Hann hefur gefi\u00f0 \u00fat fj\u00f6lda diska undir eigin nafni auk fj\u00f6lda samstarfsverkefna s.s. Guitar Islancio, Svare\/Thoroddsen Trio og Cold Front, \u00e1samt \u00fev\u00ed a\u00f0 hafa leiki\u00f0 me\u00f0 fj\u00f6lda \u00feekktra evr\u00f3pskra t\u00f3nlistarmanna, s.s. Ole Kock Hansen, Mads Vinding, Niels-Henning \u00d6rsted Pedersen, Nigel Kennedy, Alex Riel, &hellip; <a href=\"https:\/\/jrmusic.is\/en\/jr-verkefni\/bjorn-thoroddsen\/\" class=\"more-link\">Continue reading <span class=\"screen-reader-text\">Bj\u00f6rn Thoroddsen<\/span> <span class=\"meta-nav\">&rarr;<\/span><\/a><\/p>\n","protected":false},"author":3,"featured_media":0,"parent":1297,"menu_order":5,"comment_status":"closed","ping_status":"closed","template":"","meta":{"footnotes":""},"class_list":["post-277","page","type-page","status-publish","hentry"],"_links":{"self":[{"href":"https:\/\/jrmusic.is\/en\/wp-json\/wp\/v2\/pages\/277","targetHints":{"allow":["GET"]}}],"collection":[{"href":"https:\/\/jrmusic.is\/en\/wp-json\/wp\/v2\/pages"}],"about":[{"href":"https:\/\/jrmusic.is\/en\/wp-json\/wp\/v2\/types\/page"}],"author":[{"embeddable":true,"href":"https:\/\/jrmusic.is\/en\/wp-json\/wp\/v2\/users\/3"}],"replies":[{"embeddable":true,"href":"https:\/\/jrmusic.is\/en\/wp-json\/wp\/v2\/comments?post=277"}],"version-history":[{"count":30,"href":"https:\/\/jrmusic.is\/en\/wp-json\/wp\/v2\/pages\/277\/revisions"}],"predecessor-version":[{"id":2379,"href":"https:\/\/jrmusic.is\/en\/wp-json\/wp\/v2\/pages\/277\/revisions\/2379"}],"up":[{"embeddable":true,"href":"https:\/\/jrmusic.is\/en\/wp-json\/wp\/v2\/pages\/1297"}],"wp:attachment":[{"href":"https:\/\/jrmusic.is\/en\/wp-json\/wp\/v2\/media?parent=277"}],"curies":[{"name":"wp","href":"https:\/\/api.w.org\/{rel}","templated":true}]}}