{"id":273,"date":"2015-11-23T08:15:10","date_gmt":"2015-11-23T08:15:10","guid":{"rendered":"http:\/\/nytt.jrmusic.is\/?page_id=273"},"modified":"2023-11-13T07:46:01","modified_gmt":"2023-11-13T07:46:01","slug":"kristjana-arngrimsdottir","status":"publish","type":"page","link":"https:\/\/jrmusic.is\/en\/jr-verkefni\/kristjana-arngrimsdottir\/","title":{"rendered":"Kristjana Arngr\u00edmsd\u00f3ttir"},"content":{"rendered":"<p><img decoding=\"async\" class=\"alignleft\" src=\"https:\/\/encrypted-tbn1.gstatic.com\/images?q=tbn:ANd9GcT9F9wUuxzVSp_EMpDsAp05ijVoUk-Lm94jqBnPJmOnzzMxVh54\" alt=\"Myndani\u00f0ursta\u00f0a fyrir kristjana arngr\u00edmsd\u00f3ttir s\u00f6ngkona\" \/>The singer Kristjana Arngr\u00edmsd\u00f3ttir has a diverse musical style, everything from folk songs to tangos and popular songs. She has held numerous concerts in Iceland and abroad and released five solo albums;<br \/>\n&#8220;<a href=\"https:\/\/open.spotify.com\/album\/2sjsjuEsvlDHI1r2gjqvGh\">\u00dev\u00edl\u00edk er \u00e1stin<\/a>&#8221; (2000)<br \/>\n&#8220;<a href=\"https:\/\/open.spotify.com\/album\/3Q2vNCQHBogBcFkiT0IVG1\">\u00cd h\u00faminu<\/a>&#8221; (2005)<br \/>\n&#8220;<a href=\"https:\/\/open.spotify.com\/album\/6eV3sOyTsJz3CdotaZ8j8s\">Tango fyrir l\u00edfi\u00f0<\/a>&#8221; (2011)<br \/>\n&#8220;<a href=\"https:\/\/open.spotify.com\/album\/6jSSu6ponsFba0rgff3Ah6\">Stjarnanna fj\u00f6ld<\/a>&#8221; \/ Christmas CD (2014)<br \/>\n&#8220;<a href=\"https:\/\/open.spotify.com\/album\/3wZjSNGQDyZ1O9uaA4mbGC\">\u00c9g hitti \u00feig<\/a>&#8221; (2023)<\/p>\n<p>Kristjana\u00b4s fifth solo album, <em>\u00c9g hitti \u00feig<\/em>, which includes her own compositions with lyrics written by 6 Icelandic poets, has just been released and available in Icelandic music stores and web-stores.<\/p>\n<p>&nbsp;<\/p>\n","protected":false},"excerpt":{"rendered":"<p>The singer Kristjana Arngr\u00edmsd\u00f3ttir has a diverse musical style, everything from folk songs to tangos and popular songs. She has held numerous concerts in Iceland and abroad and released five solo albums; &#8220;\u00dev\u00edl\u00edk er \u00e1stin&#8221; (2000) &#8220;\u00cd h\u00faminu&#8221; (2005) &#8220;Tango fyrir l\u00edfi\u00f0&#8221; (2011) &#8220;Stjarnanna fj\u00f6ld&#8221; \/ Christmas CD (2014) &#8220;\u00c9g hitti \u00feig&#8221; (2023) Kristjana\u00b4s fifth &hellip; <a href=\"https:\/\/jrmusic.is\/en\/jr-verkefni\/kristjana-arngrimsdottir\/\" class=\"more-link\">Continue reading <span class=\"screen-reader-text\">Kristjana Arngr\u00edmsd\u00f3ttir<\/span> <span class=\"meta-nav\">&rarr;<\/span><\/a><\/p>\n","protected":false},"author":3,"featured_media":0,"parent":1297,"menu_order":1,"comment_status":"closed","ping_status":"closed","template":"","meta":{"footnotes":""},"class_list":["post-273","page","type-page","status-publish","hentry"],"_links":{"self":[{"href":"https:\/\/jrmusic.is\/en\/wp-json\/wp\/v2\/pages\/273","targetHints":{"allow":["GET"]}}],"collection":[{"href":"https:\/\/jrmusic.is\/en\/wp-json\/wp\/v2\/pages"}],"about":[{"href":"https:\/\/jrmusic.is\/en\/wp-json\/wp\/v2\/types\/page"}],"author":[{"embeddable":true,"href":"https:\/\/jrmusic.is\/en\/wp-json\/wp\/v2\/users\/3"}],"replies":[{"embeddable":true,"href":"https:\/\/jrmusic.is\/en\/wp-json\/wp\/v2\/comments?post=273"}],"version-history":[{"count":38,"href":"https:\/\/jrmusic.is\/en\/wp-json\/wp\/v2\/pages\/273\/revisions"}],"predecessor-version":[{"id":3094,"href":"https:\/\/jrmusic.is\/en\/wp-json\/wp\/v2\/pages\/273\/revisions\/3094"}],"up":[{"embeddable":true,"href":"https:\/\/jrmusic.is\/en\/wp-json\/wp\/v2\/pages\/1297"}],"wp:attachment":[{"href":"https:\/\/jrmusic.is\/en\/wp-json\/wp\/v2\/media?parent=273"}],"curies":[{"name":"wp","href":"https:\/\/api.w.org\/{rel}","templated":true}]}}