{"id":2664,"date":"2022-05-15T10:29:05","date_gmt":"2022-05-15T10:29:05","guid":{"rendered":"https:\/\/jrmusic.is\/en\/?page_id=2664"},"modified":"2022-07-31T08:27:53","modified_gmt":"2022-07-31T08:27:53","slug":"salmar","status":"publish","type":"page","link":"https:\/\/jrmusic.is\/en\/jr-verkefni\/salmar\/","title":{"rendered":"Psalms"},"content":{"rendered":"<p>Andr\u00e9s Thor \u2013 guitar<br \/>\nKarl Olgeirsson \u2013 piano<br \/>\nJ\u00f3n Rafnsson \u2013 bass<\/p>\n<p>&#8220;Psalmes&#8221; is a continuation of H\u00e1t\u00ed\u00f0arn\u00f3tt, which was published in 2015. Here guitarist Andr\u00e9s Thor Gunnlaugsson, pianist Karl Olgeirsson and double bass player J\u00f3n Rafnsson work with hymns that have accompanied Icelandic church services throughout the decades, including some that are not heard that often in the country&#8217;s churches, but there will also be new hymns, such as Lj\u00f3sfa\u00f0ir by Sigur\u00f0ur Flosason.<\/p>\n<p>They approach the melodies quite accurately, but allow themselves new ways in chord phrases and the form is improvised, so the hymns take on a completely new feel and can thus stand completely as independent jazz compositions.<\/p>\n<ol>\n<li>L\u00fds, milda lj\u00f3s<\/li>\n<li>Eigi stj\u00f6rnum ofar<\/li>\n<li>H\u00e6rra, minn Gu\u00f0, til \u00fe\u00edn<\/li>\n<li>Sj\u00e1, b\u00e1t \u00e1 b\u00e1rum hrakti<\/li>\n<li>N\u00fa br\u00e1\u00f0um vetrar byrja \u00e9l<\/li>\n<li>Fr\u00e6 \u00ed forsti sefur<\/li>\n<li>Gu\u00f0 sem skapar l\u00edf og lj\u00f3s<\/li>\n<li>Haustv\u00edsur til M\u00e1r\u00edu<\/li>\n<li>B\u00e6nin m\u00e1 aldrei bresta \u00feig<\/li>\n<li>V\u00edst ertu Jes\u00fa k\u00f3ngur kl\u00e1r<\/li>\n<li>Lj\u00f3sfa\u00f0ir<\/li>\n<\/ol>\n<p>&nbsp;<\/p>\n","protected":false},"excerpt":{"rendered":"<p>Andr\u00e9s Thor \u2013 guitar Karl Olgeirsson \u2013 piano J\u00f3n Rafnsson \u2013 bass &#8220;Psalmes&#8221; is a continuation of H\u00e1t\u00ed\u00f0arn\u00f3tt, which was published in 2015. Here guitarist Andr\u00e9s Thor Gunnlaugsson, pianist Karl Olgeirsson and double bass player J\u00f3n Rafnsson work with hymns that have accompanied Icelandic church services throughout the decades, including some that are not heard &hellip; <a href=\"https:\/\/jrmusic.is\/en\/jr-verkefni\/salmar\/\" class=\"more-link\">Continue reading <span class=\"screen-reader-text\">Psalms<\/span> <span class=\"meta-nav\">&rarr;<\/span><\/a><\/p>\n","protected":false},"author":3,"featured_media":0,"parent":1297,"menu_order":0,"comment_status":"closed","ping_status":"closed","template":"","meta":{"footnotes":""},"class_list":["post-2664","page","type-page","status-publish","hentry"],"_links":{"self":[{"href":"https:\/\/jrmusic.is\/en\/wp-json\/wp\/v2\/pages\/2664","targetHints":{"allow":["GET"]}}],"collection":[{"href":"https:\/\/jrmusic.is\/en\/wp-json\/wp\/v2\/pages"}],"about":[{"href":"https:\/\/jrmusic.is\/en\/wp-json\/wp\/v2\/types\/page"}],"author":[{"embeddable":true,"href":"https:\/\/jrmusic.is\/en\/wp-json\/wp\/v2\/users\/3"}],"replies":[{"embeddable":true,"href":"https:\/\/jrmusic.is\/en\/wp-json\/wp\/v2\/comments?post=2664"}],"version-history":[{"count":11,"href":"https:\/\/jrmusic.is\/en\/wp-json\/wp\/v2\/pages\/2664\/revisions"}],"predecessor-version":[{"id":2973,"href":"https:\/\/jrmusic.is\/en\/wp-json\/wp\/v2\/pages\/2664\/revisions\/2973"}],"up":[{"embeddable":true,"href":"https:\/\/jrmusic.is\/en\/wp-json\/wp\/v2\/pages\/1297"}],"wp:attachment":[{"href":"https:\/\/jrmusic.is\/en\/wp-json\/wp\/v2\/media?parent=2664"}],"curies":[{"name":"wp","href":"https:\/\/api.w.org\/{rel}","templated":true}]}}