{"id":2638,"date":"2022-04-21T12:22:02","date_gmt":"2022-04-21T12:22:02","guid":{"rendered":"https:\/\/jrmusic.is\/en\/?page_id=2638"},"modified":"2024-12-04T10:31:45","modified_gmt":"2024-12-04T10:31:45","slug":"stefan-omar-jon-rafnsson-duo","status":"publish","type":"page","link":"https:\/\/jrmusic.is\/en\/jr-verkefni\/stefan-omar-jon-rafnsson-duo\/","title":{"rendered":"Stef\u00e1n \u00d3mar \/ J\u00f3n Rafnsson DUO"},"content":{"rendered":"<p>Stef\u00e1n \u00d3mar Jakobsson, trombone player, and J\u00f3n Rafnsson, bass player, have worked together in countless projects over the past 20 years in many different projects but this innovative duo has been working since 2021. Fun arrangements of jazz standards, tangos, popular songs, folk songs and original material get a beautiful sound in the performance of these two bass instruments who share the same soundstage and more often than not play the same lines e.g. in classical music.<\/p>\n<p>Stef\u00e1n \u00d3mar Jakobsson \u2013 trombone<br \/>\nJ\u00f3n Rafnsson \u2013 bass<\/p>\n","protected":false},"excerpt":{"rendered":"<p>Stef\u00e1n \u00d3mar Jakobsson, trombone player, and J\u00f3n Rafnsson, bass player, have worked together in countless projects over the past 20 years in many different projects but this innovative duo has been working since 2021. Fun arrangements of jazz standards, tangos, popular songs, folk songs and original material get a beautiful sound in the performance of &hellip; <a href=\"https:\/\/jrmusic.is\/en\/jr-verkefni\/stefan-omar-jon-rafnsson-duo\/\" class=\"more-link\">Continue reading <span class=\"screen-reader-text\">Stef\u00e1n \u00d3mar \/ J\u00f3n Rafnsson DUO<\/span> <span class=\"meta-nav\">&rarr;<\/span><\/a><\/p>\n","protected":false},"author":3,"featured_media":0,"parent":1297,"menu_order":0,"comment_status":"closed","ping_status":"closed","template":"","meta":{"footnotes":""},"class_list":["post-2638","page","type-page","status-publish","hentry"],"_links":{"self":[{"href":"https:\/\/jrmusic.is\/en\/wp-json\/wp\/v2\/pages\/2638","targetHints":{"allow":["GET"]}}],"collection":[{"href":"https:\/\/jrmusic.is\/en\/wp-json\/wp\/v2\/pages"}],"about":[{"href":"https:\/\/jrmusic.is\/en\/wp-json\/wp\/v2\/types\/page"}],"author":[{"embeddable":true,"href":"https:\/\/jrmusic.is\/en\/wp-json\/wp\/v2\/users\/3"}],"replies":[{"embeddable":true,"href":"https:\/\/jrmusic.is\/en\/wp-json\/wp\/v2\/comments?post=2638"}],"version-history":[{"count":5,"href":"https:\/\/jrmusic.is\/en\/wp-json\/wp\/v2\/pages\/2638\/revisions"}],"predecessor-version":[{"id":2977,"href":"https:\/\/jrmusic.is\/en\/wp-json\/wp\/v2\/pages\/2638\/revisions\/2977"}],"up":[{"embeddable":true,"href":"https:\/\/jrmusic.is\/en\/wp-json\/wp\/v2\/pages\/1297"}],"wp:attachment":[{"href":"https:\/\/jrmusic.is\/en\/wp-json\/wp\/v2\/media?parent=2638"}],"curies":[{"name":"wp","href":"https:\/\/api.w.org\/{rel}","templated":true}]}}