{"id":2244,"date":"2021-09-11T10:49:15","date_gmt":"2021-09-11T10:49:15","guid":{"rendered":"https:\/\/jrmusic.is\/en\/?page_id=2244"},"modified":"2022-07-30T13:39:20","modified_gmt":"2022-07-30T13:39:20","slug":"djass","status":"publish","type":"page","link":"https:\/\/jrmusic.is\/en\/jr-verkefni\/djass\/","title":{"rendered":"DJ\u00c4SS"},"content":{"rendered":"<p><img decoding=\"async\" src=\"https:\/\/hoteskimos.files.wordpress.com\/2012\/09\/eskimos-at-harpa-2012.jpg\" \/><\/p>\n<p>DJ\u00c4SS is an jazz trio from Reykjavik, Iceland, featuring pianist Karl Olgeirsson, bassist J\u00f3n Rafnsson and drummer Kristinn Sn\u00e6r. The trio\u2019s music combines Nordic jazz elements with more bluesy elements and some pop influences. Furthermore some aspects of European classical music can be detected in their style of playing. As well as being jazz musicians the members have all done some session work in pop, folk and rock music. DJ\u00c4SS have named Brad Mehldau, Thelonius Monk, Keith Jarrett, Erik Satie, EST\/Esbj\u00f6rn Svenson trio, Jan Johansson trio and Claude Debussy as influences.<\/p>\n<p>The trio was formed in 2010 as Hot Eskimos and released its first album, Songs From the Top of the World, in 2011. The songs on the album were internationally known Icelandic pop songs as well as more local hits played as jazz standards. The album is considered a best seller in its field, with over 2000 units sold in Iceland. Their follow up album, We Ride Polar Bears was released in 2013. As well as containing some Icelandic pop tunes the trio added songs by international artists such as Paul McCartney (Jenny Wren).<\/p>\n<p>In 2020 the trio changed it\u2019s name to DJ\u00c4SS to reflect on their origin and style of playing, and recorded their third album, a self-titled effort with all original material. The first single, Cr\u00eate de fum\u00e9e, took off on Spotify and has some 60.000 playings to date. The album has already gathered positive reviews.<\/p>\n<p>Click on image for more information<br \/>\n<a href=\"https:\/\/jrmusic.is\/en\/jr-utgafa\/songs-from-the-top-of-the-world\/\"><img loading=\"lazy\" decoding=\"async\" class=\"\" src=\"https:\/\/jrmusic.is\/en\/wp-content\/uploads\/2015\/11\/songs-from-the-top-of-the-world-frontur-300x300.jpg\" alt=\"songs from the top of the world - frontur\" width=\"163\" height=\"163\" \/><\/a><\/p>\n<p><a href=\"https:\/\/jrmusic.is\/en\/jr-utgafa\/we-ride-polar-bears\/\"><img loading=\"lazy\" decoding=\"async\" class=\"\" src=\"http:\/\/nytt.jrmusic.is\/wp-content\/uploads\/2015\/11\/Frontur-Hot-Eskimos-JRCD013-300x300.jpg\" alt=\"Frontur Hot Eskimos JRCD013\" width=\"163\" height=\"163\" \/><\/a><\/p>\n<p><a href=\"https:\/\/jrmusic.is\/en\/jr-utgafa\/djass\/\"><img loading=\"lazy\" decoding=\"async\" class=\"\" src=\"https:\/\/cdn.shopify.com\/s\/files\/1\/0284\/8174\/9051\/products\/DJASS-front-highres_7d21b48a-8f7d-4ea4-b146-5e1e76f7e219_300x300.jpg?v=1641291041\" alt=\"DJ\u00c4SS (Hot Eskimos) \u2013 DJ\u00c4SS\" width=\"166\" height=\"166\" \/><\/a><\/p>\n<p>Heimas\u00ed\u00f0a\u00a0<a href=\"http:\/\/www.hoteskimos.com\/\">DJ\u00c4SS<\/a><\/p>\n<p><a href=\"http:\/\/www.facebook.com\/hoteskimos\">http:\/\/www.facebook.com\/hoteskimos<br \/>\n<\/a><a href=\"http:\/\/hoteskimos.wordpress.com\/\">http:\/\/hoteskimos.wordpress.com\/<br \/>\n<\/a><a href=\"http:\/\/www.youtube.com\/results?search_query=hot+eskimos&amp;oq=hot+eskimos&amp;gs_l=youtube.12...237.2702.0.4945.11.11.0.0.0.0.153.1356.1j10.11.0...0.0...1ac.1.xTIvaVHrnGE\" target=\"_blank\" rel=\"noopener noreferrer\">Hot Eskimos \u00e1 youtube<\/a><\/p>\n<p><strong>Bookings:<\/strong><br \/>\n\u2013 J\u00f3n Rafnsson : 8633177 \u2013\u00a0<a href=\"mailto:jon@jrmusic.is\">jon@jrmusic.is<\/a><br \/>\n\u2013 Karl Olgeirsson : 8225347 \u2013\u00a0<a href=\"mailto:kolgeirsson@gmail.com\">kolgeirsson@gmail.com<\/a><br \/>\n\u2013 Kristinn Sn\u00e6r Agnarsson : 8462486 \u2013\u00a0<a href=\"mailto:kiddinator@gmail.com\">kiddinator@gmail.com<\/a><\/p>\n<p><img loading=\"lazy\" decoding=\"async\" class=\"\" src=\"https:\/\/s.yimg.com\/fz\/api\/res\/1.2\/6HHTwND6TGx9I6d_L79c7g--\/YXBwaWQ9c3JjaGRkO2g9MzUzO3E9OTU7dz01Mjk-\/http:\/\/hoteskimos.files.wordpress.com\/2014\/07\/eskimos.jpg?w=529\" alt=\"Hot Eskimos\" width=\"465\" height=\"310\" \/><\/p>\n<p><img loading=\"lazy\" decoding=\"async\" class=\"\" src=\"https:\/\/reykjavikjazz.is\/wp-content\/uploads\/2021\/06\/DJ%C3%84SS-landscape-1500x1000-c-default.jpg\" width=\"468\" height=\"312\" \/><\/p>\n","protected":false},"excerpt":{"rendered":"<p>DJ\u00c4SS is an jazz trio from Reykjavik, Iceland, featuring pianist Karl Olgeirsson, bassist J\u00f3n Rafnsson and drummer Kristinn Sn\u00e6r. The trio\u2019s music combines Nordic jazz elements with more bluesy elements and some pop influences. Furthermore some aspects of European classical music can be detected in their style of playing. As well as being jazz musicians &hellip; <a href=\"https:\/\/jrmusic.is\/en\/jr-verkefni\/djass\/\" class=\"more-link\">Continue reading <span class=\"screen-reader-text\">DJ\u00c4SS<\/span> <span class=\"meta-nav\">&rarr;<\/span><\/a><\/p>\n","protected":false},"author":3,"featured_media":0,"parent":1297,"menu_order":0,"comment_status":"closed","ping_status":"closed","template":"","meta":{"footnotes":""},"class_list":["post-2244","page","type-page","status-publish","hentry"],"_links":{"self":[{"href":"https:\/\/jrmusic.is\/en\/wp-json\/wp\/v2\/pages\/2244","targetHints":{"allow":["GET"]}}],"collection":[{"href":"https:\/\/jrmusic.is\/en\/wp-json\/wp\/v2\/pages"}],"about":[{"href":"https:\/\/jrmusic.is\/en\/wp-json\/wp\/v2\/types\/page"}],"author":[{"embeddable":true,"href":"https:\/\/jrmusic.is\/en\/wp-json\/wp\/v2\/users\/3"}],"replies":[{"embeddable":true,"href":"https:\/\/jrmusic.is\/en\/wp-json\/wp\/v2\/comments?post=2244"}],"version-history":[{"count":14,"href":"https:\/\/jrmusic.is\/en\/wp-json\/wp\/v2\/pages\/2244\/revisions"}],"predecessor-version":[{"id":2946,"href":"https:\/\/jrmusic.is\/en\/wp-json\/wp\/v2\/pages\/2244\/revisions\/2946"}],"up":[{"embeddable":true,"href":"https:\/\/jrmusic.is\/en\/wp-json\/wp\/v2\/pages\/1297"}],"wp:attachment":[{"href":"https:\/\/jrmusic.is\/en\/wp-json\/wp\/v2\/media?parent=2244"}],"curies":[{"name":"wp","href":"https:\/\/api.w.org\/{rel}","templated":true}]}}