{"id":207,"date":"2015-11-20T11:39:05","date_gmt":"2015-11-20T11:39:05","guid":{"rendered":"http:\/\/nytt.jrmusic.is\/?page_id=207"},"modified":"2024-12-06T14:10:00","modified_gmt":"2024-12-06T14:10:00","slug":"jol-i-stofunni","status":"publish","type":"page","link":"https:\/\/jrmusic.is\/en\/jr-utgafa\/jol-i-stofunni\/","title":{"rendered":"J\u00f3l \u00ed stofunni \/ Christmas in the living room (CD)"},"content":{"rendered":"<p><img loading=\"lazy\" decoding=\"async\" class=\"alignleft\" src=\"https:\/\/luckyrecords.is\/wp-content\/uploads\/2022\/11\/15-JRCD015-NYR-frontur-scaled.jpg\" width=\"314\" height=\"314\" \/><br \/>\n<strong>J\u00f3l \u00ed stofunni (JRCD015)<br \/>\n\u2013 Thor Brei\u00f0fj\u00f6r\u00f0<\/strong><\/p>\n<p>Order CD direct fromJR Music: <a href=\"mailto:jon@jrmusic.is\">jon@jrmusic.is<\/a><br \/>\nPrice ISK ver\u00f0 2.500,-<\/p>\n<p>Listen on <a href=\"https:\/\/open.spotify.com\/album\/5lElR3meNoUbsnnJYl7EcV\">Spotify<\/a><br \/>\nListen on <a href=\"https:\/\/listen.tidal.com\/album\/235950099\">Tidal<\/a><\/p>\n<p>Also available as vinyl \/ LP<\/p>\n<p>&nbsp;<\/p>\n<p>The CD is available at &#8211; Stores and Web stores:<br \/>\nPl\u00f6tub\u00fa\u00f0in, Tr\u00f6nuhraun 6 &#8211; <a href=\"https:\/\/plotubudin.is\/products\/thor-breidfjord-jol-i-stofunni\">netverslun<\/a><br \/>\nLucky Records, Rau\u00f0ar\u00e1rst\u00edgur 10 &#8211; <a href=\"https:\/\/luckyrecords.is\/product\/thor-breidfjord-jol-i-stofunni-cd\/\">netverslun<\/a><br \/>\nSmekkleysa, Hverfisgata 32, entrance from Hjartatorg from Laugavegur<br \/>\n12 t\u00f3nar, Sk\u00f3lav\u00f6r\u00f0ust\u00edgur 15<br \/>\nLitla j\u00f3lab\u00fa\u00f0in \/ The little Christmas store, Laugarvegur 8<br \/>\nJ\u00f3lagar\u00f0urinn \/ The Christmas Garden at Sl\u00e9tta in Eyjafjar\u00f0arsveit, Akureyri<\/p>\n<p>This CD contains well-known Christmas songs as well as two new Christmas songs performed by Thor Brei\u00f0fj\u00f6r\u00f0, who has made a name for himself as one of the country\u00b4s leading &#8220;crooner&#8221; singer. It is nice to mention that the English text &#8220;Beautiful Christmas Time&#8221; by Ingibj\u00f6rg Thorbergs, is the original text of this well-known song of hers, but at that time she was going to America to promote her music. She wrote the English text while she was waiting for Kristj\u00e1n from Dj\u00fapal\u00e6k\u00b4s text. Ingibj\u00f6rg was particularly pleased with Thor\u00b4s performance on this recording.<\/p>\n<ol>\n<li>Stj\u00f6rnubjarta n\u00f3tt<\/li>\n<li>Gle\u00f0ileg j\u00f3l, \u00e1stin m\u00edn<\/li>\n<li>Beautiful Christmas Time<\/li>\n<li>\u00d3skin um gle\u00f0ileg j\u00f3l<\/li>\n<li>Yfir fannhv\u00edta j\u00f6r\u00f0<\/li>\n<li>\u00c9g s\u00e1 m\u00f6mmu kyssa j\u00f3lasvein<\/li>\n<li>Hv\u00edt j\u00f3l<\/li>\n<li>Sagan af Jes\u00fasi<\/li>\n<li>Hin fyrstu j\u00f3l<\/li>\n<li>Gef\u00f0u m\u00e9r gott \u00ed sk\u00f3inn<\/li>\n<li>\u00c1 dimmri n\u00f3ttu<\/li>\n<li>Heims um b\u00f3l<\/li>\n<\/ol>\n<p>&nbsp;<\/p>\n","protected":false},"excerpt":{"rendered":"<p>J\u00f3l \u00ed stofunni (JRCD015) \u2013 Thor Brei\u00f0fj\u00f6r\u00f0 Order CD direct fromJR Music: jon@jrmusic.is Price ISK ver\u00f0 2.500,- Listen on Spotify Listen on Tidal Also available as vinyl \/ LP &nbsp; The CD is available at &#8211; Stores and Web stores: Pl\u00f6tub\u00fa\u00f0in, Tr\u00f6nuhraun 6 &#8211; netverslun Lucky Records, Rau\u00f0ar\u00e1rst\u00edgur 10 &#8211; netverslun Smekkleysa, Hverfisgata 32, entrance &hellip; <a href=\"https:\/\/jrmusic.is\/en\/jr-utgafa\/jol-i-stofunni\/\" class=\"more-link\">Continue reading <span class=\"screen-reader-text\">J\u00f3l \u00ed stofunni \/ Christmas in the living room (CD)<\/span> <span class=\"meta-nav\">&rarr;<\/span><\/a><\/p>\n","protected":false},"author":3,"featured_media":0,"parent":17,"menu_order":15,"comment_status":"closed","ping_status":"closed","template":"","meta":{"footnotes":""},"class_list":["post-207","page","type-page","status-publish","hentry"],"_links":{"self":[{"href":"https:\/\/jrmusic.is\/en\/wp-json\/wp\/v2\/pages\/207","targetHints":{"allow":["GET"]}}],"collection":[{"href":"https:\/\/jrmusic.is\/en\/wp-json\/wp\/v2\/pages"}],"about":[{"href":"https:\/\/jrmusic.is\/en\/wp-json\/wp\/v2\/types\/page"}],"author":[{"embeddable":true,"href":"https:\/\/jrmusic.is\/en\/wp-json\/wp\/v2\/users\/3"}],"replies":[{"embeddable":true,"href":"https:\/\/jrmusic.is\/en\/wp-json\/wp\/v2\/comments?post=207"}],"version-history":[{"count":44,"href":"https:\/\/jrmusic.is\/en\/wp-json\/wp\/v2\/pages\/207\/revisions"}],"predecessor-version":[{"id":3165,"href":"https:\/\/jrmusic.is\/en\/wp-json\/wp\/v2\/pages\/207\/revisions\/3165"}],"up":[{"embeddable":true,"href":"https:\/\/jrmusic.is\/en\/wp-json\/wp\/v2\/pages\/17"}],"wp:attachment":[{"href":"https:\/\/jrmusic.is\/en\/wp-json\/wp\/v2\/media?parent=207"}],"curies":[{"name":"wp","href":"https:\/\/api.w.org\/{rel}","templated":true}]}}