{"id":204,"date":"2015-11-20T11:37:58","date_gmt":"2015-11-20T11:37:58","guid":{"rendered":"http:\/\/nytt.jrmusic.is\/?page_id=204"},"modified":"2024-12-06T14:07:41","modified_gmt":"2024-12-06T14:07:41","slug":"hatidarnott","status":"publish","type":"page","link":"https:\/\/jrmusic.is\/en\/jr-utgafa\/hatidarnott\/","title":{"rendered":"H\u00e1t\u00ed\u00f0arn\u00f3tt \/ Holy Christmas Night (CD)"},"content":{"rendered":"<p><strong>\u00a0<img loading=\"lazy\" decoding=\"async\" class=\"alignleft\" src=\"https:\/\/static.heimkaup.is\/images\/products\/98\/42498\/42498-andres-thor-jon-rafnsson-og-karl-olgeirsson-hatidarnott_670x400.jpg\" width=\"287\" height=\"259\" \/>H\u00e1t\u00ed\u00f0arn\u00f3tt (JRCD014)<br \/>\n<\/strong><strong>\u00a0Andr\u00e9s Thor, Karl Olgeirsson<br \/>\n<\/strong><strong>\u00a0og J\u00f3n Rafnsson\u00a0<\/strong><\/p>\n<p>Order CD direct from JR Music: <a href=\"mailto:jon@jrmusic.is\">jon@jrmusic.is<br \/>\n<\/a>Price ISK 2.500,-<\/p>\n<p>Listen on <a href=\"https:\/\/open.spotify.com\/album\/5v1v35idmesnKlQtigEQua\">Spotify<\/a><br \/>\nListen on <a href=\"https:\/\/listen.tidal.com\/album\/235362842\">Tidal<\/a><\/p>\n<p>&nbsp;<\/p>\n<p>The CD is available at &#8211; Stores and Web stores:<br \/>\nPl\u00f6tub\u00fa\u00f0in, Tr\u00f6nuhraun 6, Hafnarfir\u00f0i &#8211; <a href=\"https:\/\/plotubudin.is\/products\/andres-thor-karl-olgeirsson-jon-rafnsson-hatidarnott\">netverslun<\/a><br \/>\nLucky Records, Rau\u00f0ar\u00e1rst\u00edgur 10 &#8211; <a href=\"https:\/\/luckyrecords.is\/product\/andres-jon-rafn-karl-olgeirs-hatidarnott-cd\/\">netverslun<\/a><br \/>\nSmekkleysa, Hverfisgata 32, entrance from Hjartatorg from Laugavegur<br \/>\n12 t\u00f3nar, Sk\u00f3lav\u00f6r\u00f0ust\u00edgur 15<br \/>\nLitla j\u00f3lab\u00fa\u00f0in, Laugavegur 8<br \/>\nJ\u00f3lagar\u00f0urinn \/ The Christmas Garden at Sl\u00e9tta in Eyjafjar\u00f0arsveit, Akureyri<\/p>\n<p>On this CD, Andr\u00e9s Thor, Karl and J\u00f3n, play Christmas songs and hymns that have accompanied Icelandic Christmas celebrations throughout the decades.<br \/>\n&#8220;Lei\u00f0in til Betlehem&#8221; composed by Karl Olgeirsson.<\/p>\n<p>A beautiful and festive Christmas jazz disc.<\/p>\n<p>Andr\u00e9s Thor &#8211; Guitar<br \/>\nKarl Olgeirsson &#8211; Grand Piano<br \/>\nJ\u00f3n Rafnsson\u00a0 &#8211; Double Bass<\/p>\n<ol>\n<li>H\u00e1t\u00ed\u00f0 fer a\u00f0 h\u00f6ndum ein<\/li>\n<li>Sj\u00e1 himins opnast hli\u00f0<\/li>\n<li>Opin standa himins hli\u00f0<\/li>\n<li>\u00dea\u00f0 \u00e1 a\u00f0 gefa b\u00f6rnum brau\u00f0<\/li>\n<li>F\u00f6gur er foldin<\/li>\n<li>\u00cd dag er glatt \u00ed d\u00f6prum hj\u00f6rtum<\/li>\n<li>N\u00f3ttin var s\u00fa \u00e1g\u00e6t ein<\/li>\n<li>J\u00f3lin alls sta\u00f0ar<\/li>\n<li>Fr\u00e1 lj\u00f3sanna h\u00e1sal<\/li>\n<li>J\u00f3lasveinar ganga um g\u00f3lf<\/li>\n<li>Lei\u00f0in til Betlehem<\/li>\n<li>\u00dea\u00f0 aldin \u00fat er sprungi\u00f0<\/li>\n<li>Heims um b\u00f3l<\/li>\n<\/ol>\n<p>&nbsp;<\/p>\n","protected":false},"excerpt":{"rendered":"<p>\u00a0H\u00e1t\u00ed\u00f0arn\u00f3tt (JRCD014) \u00a0Andr\u00e9s Thor, Karl Olgeirsson \u00a0og J\u00f3n Rafnsson\u00a0 Order CD direct from JR Music: jon@jrmusic.is Price ISK 2.500,- Listen on Spotify Listen on Tidal &nbsp; The CD is available at &#8211; Stores and Web stores: Pl\u00f6tub\u00fa\u00f0in, Tr\u00f6nuhraun 6, Hafnarfir\u00f0i &#8211; netverslun Lucky Records, Rau\u00f0ar\u00e1rst\u00edgur 10 &#8211; netverslun Smekkleysa, Hverfisgata 32, entrance from Hjartatorg from &hellip; <a href=\"https:\/\/jrmusic.is\/en\/jr-utgafa\/hatidarnott\/\" class=\"more-link\">Continue reading <span class=\"screen-reader-text\">H\u00e1t\u00ed\u00f0arn\u00f3tt \/ Holy Christmas Night (CD)<\/span> <span class=\"meta-nav\">&rarr;<\/span><\/a><\/p>\n","protected":false},"author":3,"featured_media":0,"parent":17,"menu_order":14,"comment_status":"closed","ping_status":"closed","template":"","meta":{"footnotes":""},"class_list":["post-204","page","type-page","status-publish","hentry"],"_links":{"self":[{"href":"https:\/\/jrmusic.is\/en\/wp-json\/wp\/v2\/pages\/204","targetHints":{"allow":["GET"]}}],"collection":[{"href":"https:\/\/jrmusic.is\/en\/wp-json\/wp\/v2\/pages"}],"about":[{"href":"https:\/\/jrmusic.is\/en\/wp-json\/wp\/v2\/types\/page"}],"author":[{"embeddable":true,"href":"https:\/\/jrmusic.is\/en\/wp-json\/wp\/v2\/users\/3"}],"replies":[{"embeddable":true,"href":"https:\/\/jrmusic.is\/en\/wp-json\/wp\/v2\/comments?post=204"}],"version-history":[{"count":50,"href":"https:\/\/jrmusic.is\/en\/wp-json\/wp\/v2\/pages\/204\/revisions"}],"predecessor-version":[{"id":3164,"href":"https:\/\/jrmusic.is\/en\/wp-json\/wp\/v2\/pages\/204\/revisions\/3164"}],"up":[{"embeddable":true,"href":"https:\/\/jrmusic.is\/en\/wp-json\/wp\/v2\/pages\/17"}],"wp:attachment":[{"href":"https:\/\/jrmusic.is\/en\/wp-json\/wp\/v2\/media?parent=204"}],"curies":[{"name":"wp","href":"https:\/\/api.w.org\/{rel}","templated":true}]}}