{"id":2,"date":"2015-11-19T09:12:13","date_gmt":"2015-11-19T09:12:13","guid":{"rendered":"http:\/\/nytt.jrmusic.is\/?page_id=2"},"modified":"2026-03-22T16:17:40","modified_gmt":"2026-03-22T16:17:40","slug":"about","status":"publish","type":"page","link":"https:\/\/jrmusic.is\/en\/","title":{"rendered":"News"},"content":{"rendered":"<p><strong>Two new releases from JR Music<\/strong><\/p>\n<p><img loading=\"lazy\" decoding=\"async\" class=\"alignleft\" src=\"https:\/\/netverslun.aldamusic.is\/cdn\/shop\/files\/Djass_300x300.webp?v=1769181906\" alt=\"Djass - Tilbrig\u00f0i um Gunnar \u00de\u00f3r\u00f0arson\" width=\"297\" height=\"304\" \/><\/p>\n<p><strong>Variations on Gunnar Th\u00f3rdarson<br \/>\n\/Tilbrig\u00f0i um Gunnar \u00de\u00f3r\u00f0arson<\/strong><br \/>\n<strong>\u2013 DJ\u00c4SS &amp; Bj\u00f6rn Atle Anfinsen<br \/>\n<\/strong>Double Vinyl (JRLP027)<br \/>\nCD (JRCD028)<\/p>\n<p>Released in December 2025.<br \/>\n11 songs by Gunnar Th\u00f3rdarson in jazz arrangement<\/p>\n<p>Read more about the album <a href=\"https:\/\/www.djass.com\/the-cds\/gunnar-thordarson\">here<\/a><\/p>\n<p>&nbsp;<\/p>\n<p>&nbsp;<\/p>\n<p><img decoding=\"async\" class=\"alignleft\" src=\"https:\/\/netverslun.aldamusic.is\/cdn\/shop\/files\/Friday_e71df01a-3059-4b7d-84fc-335421bb6d4a_300x300.webp?v=1769182117\" alt=\"Bj\u00f6rn Thoroddsen - Friday Night\" \/><\/p>\n<p><strong>Friday Night @ Hringbraut<\/strong><br \/>\n<strong>\u2013 Bj\u00f6rn Thoroddsen <\/strong>\u00a0(JRCD029)<\/p>\n<p>Released in January 2026.<br \/>\nDuring the Covid lockdowns a wave of digtal creativity was flooded over the world. No gigs for musicians made them stay at home and some of them moved their magic to the internet. With his garage-studio and a smartphone as a video recorder, Bjorn started a stream on Facebook. &#8220;IT\u00b4S FRIDAY NIGHT AT HRINGBRAUT&#8221; Bjorn\u00b4s catchphrase before introducing friends to the show &#8211; people heard it and tuned in. On his 43rd album, under the influence of becoming viral on social media during these strange times mentioned above, Bjorn releases these recordings with the help of J\u00f3n Rafnsson on bass and Sigf\u00fas \u00d6rn \u00d3ttarsson on drums.<br \/>\nNice and relaxed versions of eight well known songs and two originals.<\/p>\n<p>Concerts all over Iceland will be announced soon.<\/p>\n<p>Tracklist:<\/p>\n<ol>\n<li>Fix You<\/li>\n<li>Rocket Man<\/li>\n<li>The Winner Takes It All<\/li>\n<li>Hotel California<\/li>\n<li>Chiquitita<\/li>\n<li>Hey Joe<\/li>\n<li>Go Your Own Way<\/li>\n<li>The Hammer<\/li>\n<li>Dancing Queen<\/li>\n<li>Fridaynight@hringbraut<\/li>\n<\/ol>\n<p><a href=\"https:\/\/tidal.com\/album\/491210762\">Tidal<\/a><br \/>\n<a href=\"https:\/\/open.spotify.com\/album\/4CZqJc2MR5whJzJ6RJuu7B\">Spotify<\/a><\/p>\n<p><strong>Previous releases:<\/strong><\/p>\n<p><img loading=\"lazy\" decoding=\"async\" class=\"alignleft\" src=\"https:\/\/luckyrecords.is\/wp-content\/uploads\/2022\/11\/15-JRCD015-NYR-frontur-scaled.jpg\" width=\"298\" height=\"298\" \/><\/p>\n<p><strong><br \/>\nJ\u00f3l \u00ed stofunni \/ Christmas in the living room\u00a0 \u2013 Thor Brei\u00f0fj\u00f6r\u00f0\u00a0<\/strong><br \/>\n\u2013 Vinyl \/ LP\u00a0 (JRLP026)<br \/>\n\u2013 CD <a href=\"https:\/\/jrmusic.is\/en\/jr-utgafa\/jol-i-stofunni\/\">(JRCD015)<\/a><\/p>\n<p>&nbsp;<\/p>\n<p>&nbsp;<\/p>\n<p>&nbsp;<\/p>\n<p>&nbsp;<\/p>\n<p><img decoding=\"async\" class=\"alignleft\" src=\"https:\/\/netverslun.aldamusic.is\/cdn\/shop\/files\/Kristjana_300x300.jpg?v=1695739744\" alt=\"Kristjana Arngr\u00edmsd\u00f3ttir - \u00c9g hitti \u00feig\" \/><\/p>\n<p>&nbsp;<\/p>\n<p>New album by Kristjana Arngr\u00edmsd\u00f3ttir &#8211;\u00a0 her fifth album, &#8220;\u00c9g hitti \u00feig \/ I met You&#8221;, including her own compositions with lyrics written by 6 Icelandic poets.<br \/>\nReleased by JR Music on CD and LP\/vinyl<br \/>\nAvailable in Icelandic music stores and web-stores.<\/p>\n<p>Read more about <a href=\"https:\/\/jrmusic.is\/en\/jr-verkefni\/kristjana-arngrimsdottir\/\">Kristjana\u00a0<\/a><\/p>\n<p>&nbsp;<\/p>\n<p><img loading=\"lazy\" decoding=\"async\" class=\"alignleft\" src=\"https:\/\/guitarislancio.is\/wp-content\/uploads\/2022\/01\/20-JRLP020-frontur-500x511.jpg\" alt=\"20-JRLP020-frontur\" width=\"300\" height=\"306\" \/><\/p>\n<p>&nbsp;<\/p>\n<p>JR Music has released a vinyl record<br \/>\nwith 12 songs from Guitar Islancio\u00b4s previous CD\u00b4s<\/p>\n<p>&#8230;.. \u00a0<a href=\"https:\/\/jrmusic.is\/en\/jr-utgafa\/thjodlog-lp-vinyl\/\">read more<\/a><\/p>\n<p>&nbsp;<\/p>\n<p>&nbsp;<\/p>\n<p>&nbsp;<\/p>\n<p>&nbsp;<\/p>\n<p><img decoding=\"async\" class=\"alignleft\" src=\"https:\/\/cdn.shopify.com\/s\/files\/1\/0284\/8174\/9051\/products\/DJASS-front-highres_7d21b48a-8f7d-4ea4-b146-5e1e76f7e219_300x300.jpg?v=1641291041\" alt=\"DJ\u00c4SS (Hot Eskimos) \u2013 DJ\u00c4SS\" \/><\/p>\n<p>&nbsp;<\/p>\n<p>A new DJ\u00c4SS CD and Vinyl containing 8 new original songs<\/p>\n<p><a href=\"https:\/\/jrmusic.is\/en\/jr-utgafa\/djass\/\">available at Music Stores\u00a0<\/a><\/p>\n<p>&nbsp;<\/p>\n<p>&nbsp;<\/p>\n<p>&nbsp;<\/p>\n<p>&nbsp;<\/p>\n<p><img loading=\"lazy\" decoding=\"async\" class=\"alignleft\" src=\"https:\/\/guitarislancio.is\/wp-content\/uploads\/2021\/11\/islensk-thjodlog-kapa-500x667.jpg\" alt=\"islensk-thjodlog-kapa\" width=\"298\" height=\"398\" \/><\/p>\n<p>JR Music has released the book<br \/>\n<strong>\u201cIcelandic Folk Songs, arranged by Guitar Islancio\u201d<\/strong>. The book has sheet music for 22 Icelandic folksongs with chord diagrams for the guitar and piano. The poetry text under the melody indicates which part of the song is the original folksong and which part is Guitar Islancio\u2019s addition. The users are therefore not restricted to the trio\u2019s arrangement, which provides a source of ideas about the arrangement of the music. Also, this is not just a book of sheet music . You will also find a lot of lore about the songs in the book. It virtually covers everything known about the songs and their likely origin. In addition, all the poems are full-length. The book, therefore, gives you copious information as well as value as a keepsake\u00a0 &#8230;. <a href=\"https:\/\/jrmusic.is\/en\/jr-utgafa\/thjodlog-bok\/\">more<\/a><\/p>\n<p>&nbsp;<\/p>\n<p><img loading=\"lazy\" decoding=\"async\" class=\"alignleft\" src=\"https:\/\/guitarislancio.is\/wp-content\/uploads\/2022\/01\/islensk-thjodlog-cd-500x451.jpg\" alt=\"islensk-thjodlog-cd\" width=\"299\" height=\"270\" \/><\/p>\n<p><strong><br \/>\n\u201cFolksongs\u201d<\/strong><br \/>\n14 folk songs from Guitar Islancio\u2019s previous albums and a previously unreleased recording of \u201c\u00c1 Sprengisandi \u2013 Riding over the Desert\u201d by Sigvaldi Kaldal\u00f3ns. \u2026. <a href=\"https:\/\/jrmusic.is\/en\/jr-utgafa\/guitar-islancio-2\/\">read more<\/a><\/p>\n<p><a href=\"https:\/\/guitarislancio.is\/\">Guitar Islancio\u00b4s <\/a>homepage<\/p>\n","protected":false},"excerpt":{"rendered":"<p>Two new releases from JR Music Variations on Gunnar Th\u00f3rdarson \/Tilbrig\u00f0i um Gunnar \u00de\u00f3r\u00f0arson \u2013 DJ\u00c4SS &amp; Bj\u00f6rn Atle Anfinsen Double Vinyl (JRLP027) CD (JRCD028) Released in December 2025. 11 songs by Gunnar Th\u00f3rdarson in jazz arrangement Read more about the album here &nbsp; &nbsp; Friday Night @ Hringbraut \u2013 Bj\u00f6rn Thoroddsen \u00a0(JRCD029) Released in &hellip; <a href=\"https:\/\/jrmusic.is\/en\/\" class=\"more-link\">Continue reading <span class=\"screen-reader-text\">News<\/span> <span class=\"meta-nav\">&rarr;<\/span><\/a><\/p>\n","protected":false},"author":3,"featured_media":0,"parent":0,"menu_order":0,"comment_status":"closed","ping_status":"closed","template":"","meta":{"footnotes":""},"class_list":["post-2","page","type-page","status-publish","hentry"],"_links":{"self":[{"href":"https:\/\/jrmusic.is\/en\/wp-json\/wp\/v2\/pages\/2","targetHints":{"allow":["GET"]}}],"collection":[{"href":"https:\/\/jrmusic.is\/en\/wp-json\/wp\/v2\/pages"}],"about":[{"href":"https:\/\/jrmusic.is\/en\/wp-json\/wp\/v2\/types\/page"}],"author":[{"embeddable":true,"href":"https:\/\/jrmusic.is\/en\/wp-json\/wp\/v2\/users\/3"}],"replies":[{"embeddable":true,"href":"https:\/\/jrmusic.is\/en\/wp-json\/wp\/v2\/comments?post=2"}],"version-history":[{"count":765,"href":"https:\/\/jrmusic.is\/en\/wp-json\/wp\/v2\/pages\/2\/revisions"}],"predecessor-version":[{"id":3263,"href":"https:\/\/jrmusic.is\/en\/wp-json\/wp\/v2\/pages\/2\/revisions\/3263"}],"wp:attachment":[{"href":"https:\/\/jrmusic.is\/en\/wp-json\/wp\/v2\/media?parent=2"}],"curies":[{"name":"wp","href":"https:\/\/api.w.org\/{rel}","templated":true}]}}