{"id":1920,"date":"2020-10-14T21:26:57","date_gmt":"2020-10-14T21:26:57","guid":{"rendered":"https:\/\/jrmusic.is\/en\/?page_id=1920"},"modified":"2022-07-31T17:39:29","modified_gmt":"2022-07-31T17:39:29","slug":"jazztrio-stebba-o","status":"publish","type":"page","link":"https:\/\/jrmusic.is\/en\/jr-verkefni\/jazztrio-stebba-o\/","title":{"rendered":"Kurt Weill"},"content":{"rendered":"<p>Kurt Weill&#8217;s music in nice arrangements with a mix of classical music and jazz.<\/p>\n<p>Two concerts in September:<br \/>\n\u2013 V\u00ed\u00f0ista\u00f0ir Church, Thursday 8<br \/>\n\u2013 H\u00fas m\u00e1ls og menningar on Laugavegur, Thursday 29<\/p>\n<p>Margr\u00e9t Hrafnsd\u00f3ttir &#8211; vocal<br \/>\nStef\u00e1n \u00d3mar Jakobsson &#8211; trombone and accordion<br \/>\nKjartan Valdemarsson &#8211; piano and accordion<br \/>\nJ\u00f3n Rafnsson &#8211; double bass<br \/>\nErik Qvick &#8211; drums and percussion<\/p>\n<p>Bookings:<br \/>\n\u2013 J\u00f3n Rafnsson :\u00a0 8633177 \u2013\u00a0<a href=\"mailto:jon@jrmusic.is\">jon@jrmusic.is<\/a><br \/>\n\u2013 Stef\u00e1n \u00d3mar Jakobsson : 6645884 \u2013\u00a0<a href=\"mailto:tbone@hive.is\">tbone@hive.is<\/a>\u00a0 \u00a0\/ \u00a0<a href=\"mailto:stefanj@tonhaf.is\">stefanj@tonhaf.is<\/a><\/p>\n","protected":false},"excerpt":{"rendered":"<p>Kurt Weill&#8217;s music in nice arrangements with a mix of classical music and jazz. Two concerts in September: \u2013 V\u00ed\u00f0ista\u00f0ir Church, Thursday 8 \u2013 H\u00fas m\u00e1ls og menningar on Laugavegur, Thursday 29 Margr\u00e9t Hrafnsd\u00f3ttir &#8211; vocal Stef\u00e1n \u00d3mar Jakobsson &#8211; trombone and accordion Kjartan Valdemarsson &#8211; piano and accordion J\u00f3n Rafnsson &#8211; double bass Erik &hellip; <a href=\"https:\/\/jrmusic.is\/en\/jr-verkefni\/jazztrio-stebba-o\/\" class=\"more-link\">Continue reading <span class=\"screen-reader-text\">Kurt Weill<\/span> <span class=\"meta-nav\">&rarr;<\/span><\/a><\/p>\n","protected":false},"author":3,"featured_media":0,"parent":1297,"menu_order":3,"comment_status":"closed","ping_status":"closed","template":"","meta":{"footnotes":""},"class_list":["post-1920","page","type-page","status-publish","hentry"],"_links":{"self":[{"href":"https:\/\/jrmusic.is\/en\/wp-json\/wp\/v2\/pages\/1920","targetHints":{"allow":["GET"]}}],"collection":[{"href":"https:\/\/jrmusic.is\/en\/wp-json\/wp\/v2\/pages"}],"about":[{"href":"https:\/\/jrmusic.is\/en\/wp-json\/wp\/v2\/types\/page"}],"author":[{"embeddable":true,"href":"https:\/\/jrmusic.is\/en\/wp-json\/wp\/v2\/users\/3"}],"replies":[{"embeddable":true,"href":"https:\/\/jrmusic.is\/en\/wp-json\/wp\/v2\/comments?post=1920"}],"version-history":[{"count":9,"href":"https:\/\/jrmusic.is\/en\/wp-json\/wp\/v2\/pages\/1920\/revisions"}],"predecessor-version":[{"id":2998,"href":"https:\/\/jrmusic.is\/en\/wp-json\/wp\/v2\/pages\/1920\/revisions\/2998"}],"up":[{"embeddable":true,"href":"https:\/\/jrmusic.is\/en\/wp-json\/wp\/v2\/pages\/1297"}],"wp:attachment":[{"href":"https:\/\/jrmusic.is\/en\/wp-json\/wp\/v2\/media?parent=1920"}],"curies":[{"name":"wp","href":"https:\/\/api.w.org\/{rel}","templated":true}]}}