{"id":19,"date":"2015-11-19T10:12:02","date_gmt":"2015-11-19T10:12:02","guid":{"rendered":"http:\/\/nytt.jrmusic.is\/?page_id=19"},"modified":"2024-12-02T17:32:10","modified_gmt":"2024-12-02T17:32:10","slug":"jol","status":"publish","type":"page","link":"https:\/\/jrmusic.is\/en\/jr-utgafa\/jol\/","title":{"rendered":"Christmas \/ J\u00f3l (CD)"},"content":{"rendered":"<p><strong><img loading=\"lazy\" decoding=\"async\" class=\"alignleft\" src=\"https:\/\/jrmusic.is\/en\/wp-content\/uploads\/2015\/11\/J%C3%B3l-frontur.jpg\" alt=\"\" width=\"189\" height=\"169\" \/><\/strong><\/p>\n<p><strong>J\u00f3l (JRCD001) &#8211; Bj\u00f6rn Thoroddsen Trio<br \/>\n<\/strong><br \/>\nOrder CD direct from JR Music : <a href=\"mailto:jon@jrmusic.is\">jon@jrmusic.is<\/a><br \/>\nPrice ISK 2.500,-<\/p>\n<p>Also available as <a href=\"https:\/\/jrmusic.is\/jr-utgafa\/jol-lp-vinyl\/\">vinyl \/ LP<\/a><\/p>\n<p>Listen on <a href=\"https:\/\/open.spotify.com\/album\/3kIsGiwCHyRzt6ChYX1yhe\">Spotify<\/a><br \/>\nListen on <a href=\"https:\/\/listen.tidal.com\/album\/235737793\">Tidal<\/a><\/p>\n<p>Available at Music Stores:<br \/>\nPl\u00f6tub\u00fa\u00f0in &#8211; <a href=\"https:\/\/plotubudin.is\/products\/trio-bjorns-thoroddsen-jol\">netverslun<\/a><br \/>\nLucky Records &#8211; <a href=\"https:\/\/luckyrecords.is\/product\/trio-bjorns-thoroddsen-jol-cd\/\">netverslun<\/a><br \/>\nSmekkleysa \/ Badtaste Hverfisgata 32<br \/>\n12 t\u00f3nar, Sk\u00f3lav\u00f6r\u00f0ust\u00edgur 15<br \/>\nLitla j\u00f3lab\u00fa\u00f0in, Laugarvegur 8<br \/>\nJ\u00f3lagar\u00f0urinn \/ The Cristmas Garden at Sl\u00e9tta in Eyjafjar\u00f0arsveit; Akureyri<\/p>\n<p>A holiday album that people look forward to listen to during the month of December.<br \/>\nSeveral classic Christmas songs, performed in a laid-back, acoustic jazz feel ; only guitar, vocal and double bass.<\/p>\n<p>Bj\u00f6rn Thoroddsen \u2013 guitar<br \/>\nKristjana Stef\u00e1nsd\u00f3ttir \u2013 vocal<br \/>\nJ\u00f3n Rafnsson \u2013 double bass<br \/>\nEyj\u00f3lfur \u00deorleifsson \u2013 tenor saxophone on tracks 5 and 11<\/p>\n<p>1. \u00a0 Santa Baby<br \/>\n2. \u00a0 Mary\u2019s Boy Child<br \/>\n3. \u00a0 \u00c9g s\u00e1 m\u00f6mmu kyssa j\u00f3lasvein<br \/>\n4. \u00a0 Sleigh Ride<br \/>\n5. \u00a0 \u00dea\u00f0 \u00e1 a\u00f0 gefa b\u00f6rnum brau\u00f0<br \/>\n6. \u00a0 Jingle Bells<br \/>\n7. \u00a0 Hin fyrstu j\u00f3l<br \/>\n8. \u00a0 Santa Claus Is Coming to Town<br \/>\n9. \u00a0 N\u00f3ttin var s\u00fa \u00e1g\u00e6t ein<br \/>\n10. Winter Wonderland<br \/>\n11. \u00cd Betlehem er barn oss f\u00e6tt<br \/>\n12. The Christmas Song<\/p>\n<p>&nbsp;<\/p>\n","protected":false},"excerpt":{"rendered":"<p>J\u00f3l (JRCD001) &#8211; Bj\u00f6rn Thoroddsen Trio Order CD direct from JR Music : jon@jrmusic.is Price ISK 2.500,- Also available as vinyl \/ LP Listen on Spotify Listen on Tidal Available at Music Stores: Pl\u00f6tub\u00fa\u00f0in &#8211; netverslun Lucky Records &#8211; netverslun Smekkleysa \/ Badtaste Hverfisgata 32 12 t\u00f3nar, Sk\u00f3lav\u00f6r\u00f0ust\u00edgur 15 Litla j\u00f3lab\u00fa\u00f0in, Laugarvegur 8 J\u00f3lagar\u00f0urinn \/ &hellip; <a href=\"https:\/\/jrmusic.is\/en\/jr-utgafa\/jol\/\" class=\"more-link\">Continue reading <span class=\"screen-reader-text\">Christmas \/ J\u00f3l (CD)<\/span> <span class=\"meta-nav\">&rarr;<\/span><\/a><\/p>\n","protected":false},"author":3,"featured_media":0,"parent":17,"menu_order":1,"comment_status":"closed","ping_status":"closed","template":"","meta":{"footnotes":""},"class_list":["post-19","page","type-page","status-publish","hentry"],"_links":{"self":[{"href":"https:\/\/jrmusic.is\/en\/wp-json\/wp\/v2\/pages\/19","targetHints":{"allow":["GET"]}}],"collection":[{"href":"https:\/\/jrmusic.is\/en\/wp-json\/wp\/v2\/pages"}],"about":[{"href":"https:\/\/jrmusic.is\/en\/wp-json\/wp\/v2\/types\/page"}],"author":[{"embeddable":true,"href":"https:\/\/jrmusic.is\/en\/wp-json\/wp\/v2\/users\/3"}],"replies":[{"embeddable":true,"href":"https:\/\/jrmusic.is\/en\/wp-json\/wp\/v2\/comments?post=19"}],"version-history":[{"count":53,"href":"https:\/\/jrmusic.is\/en\/wp-json\/wp\/v2\/pages\/19\/revisions"}],"predecessor-version":[{"id":3130,"href":"https:\/\/jrmusic.is\/en\/wp-json\/wp\/v2\/pages\/19\/revisions\/3130"}],"up":[{"embeddable":true,"href":"https:\/\/jrmusic.is\/en\/wp-json\/wp\/v2\/pages\/17"}],"wp:attachment":[{"href":"https:\/\/jrmusic.is\/en\/wp-json\/wp\/v2\/media?parent=19"}],"curies":[{"name":"wp","href":"https:\/\/api.w.org\/{rel}","templated":true}]}}