{"id":1845,"date":"2020-10-10T12:42:16","date_gmt":"2020-10-10T12:42:16","guid":{"rendered":"https:\/\/jrmusic.is\/en\/?page_id=1845"},"modified":"2022-07-30T10:21:01","modified_gmt":"2022-07-30T10:21:01","slug":"thjodlog-lp-vinyl","status":"publish","type":"page","link":"https:\/\/jrmusic.is\/en\/jr-utgafa\/thjodlog-lp-vinyl\/","title":{"rendered":"Folksongs (Vinyl)"},"content":{"rendered":"<p><img loading=\"lazy\" decoding=\"async\" class=\"alignleft\" src=\"https:\/\/guitarislancio.is\/wp-content\/uploads\/2022\/01\/20-JRLP020-frontur-500x511.jpg\" alt=\"20-JRLP020-frontur\" width=\"288\" height=\"295\" \/><strong>\u00dej\u00f3\u00f0l\u00f6g \/ Folksongs \/ Volkslieder (JRLP020) &#8211; Guitar Islancio<br \/>\n<\/strong><\/p>\n<div class=\"wpb_text_column wpb_content_element vc_custom_1641221940892\">\n<div class=\"wpb_wrapper\">\n<p>Order direct from JR Music\u00a0 <a href=\"mailto:jon@jrmusic.is\">jon@jrmusic.is<\/a><\/p>\n<p>Price ISK 4.500,- + Shipping<\/p>\n<p>Listen on <a href=\"https:\/\/open.spotify.com\/album\/5oP20n1QJ4tXZKPrS4qchr\">Spotify\u00a0<\/a><\/p>\n<p>A vinyl record with 12 songs from the trio\u00b4s previous CD\u00b4s<\/p>\n<p>&nbsp;<\/p>\n<p>A<br \/>\n1. G\u00f3\u00f0a veislu gj\u00f6ra skal \u2013 A Merry Feast Shall Now Be Made<br \/>\n2. \u00deorra\u00fer\u00e6ll \u2013 Close of Winter Hardship<br \/>\n3. Krummi krunkar \u00fati \u2013 Outside Cronks the Raven<br \/>\n4. \u00d3lafur liljur\u00f3s \u2013 Olafur Lilyrose<br \/>\n5. V\u00edsur \u2013 Rhymes<br \/>\n6. H\u00e6ttu a\u00f0 gr\u00e1ta hringan\u00e1 \u2013 Stop Crying Now, My Dear Girl<\/p>\n<\/div>\n<\/div>\n<div class=\"wpb_text_column wpb_content_element\">\n<div class=\"wpb_wrapper\">\n<p>B<br \/>\n1. \u00c1 Sprengisandi \u2013 Riding over the Desert<br \/>\n2. St\u00f3\u00f0 \u00e9g \u00fati \u00ed tunglslj\u00f3si \u2013 As I Stood in the Moonlight<br \/>\n3. D\u00fdrav\u00edsur \u2013 Animal Verses<br \/>\n4. Krummi svaf \u00ed klettagj\u00e1 \u2013 The Raven Slept in a Ravine<br \/>\n5. Gu\u00f0 gaf m\u00e9r eyra \u2013 God Gave Me Ears<br \/>\n6. Sof\u00f0u unga \u00e1stin m\u00edn \u2013 Sleep My Tiny Dear<\/p>\n<\/div>\n<\/div>\n<div id=\"wd-61d37083e1f3f\" class=\" wd-rs-61d37083e1f3f wd-button-wrapper text-left\"><\/div>\n<div class=\"wpb_text_column wpb_content_element vc_custom_1641725064893\">\n<div class=\"wpb_wrapper\">\n<p><u>The vinyl is available at the following stores<\/u><br \/>\nPl\u00f6tub\u00fa\u00f0in, Tr\u00f6nuhraun 6, Hafnarfir\u00f0i \u2013 WEBSTORE<br \/>\nLucky Records, Rau\u00f0ar\u00e1rst\u00edgur 10, Reykjavik \u2013 WEBSTORE<br \/>\nSmekkleysa, Hverfisgata 32, Reykjavik \u2013 WEBSTORE<br \/>\n12 t\u00f3nar, Sk\u00f3lav\u00f6r\u00f0ust\u00edgUR 15, ReykjavIk \u2013 WEBSTORE<br \/>\nReykjav\u00edk Record Shop, Klapparst\u00edgur 35, Reykjav\u00edk<br \/>\nHlj\u00f3ms\u00fdn, \u00c1m\u00fali 38, Reykjav\u00edk<br \/>\nPenninn Eymundsson, Hafnarstr\u00e6ti 91, Akureyri<\/p>\n<p>Bj\u00f6rn Thoroddsen, Gunnar Th\u00f3rdarson and J\u00f3n Rafnsson founded the trio Guitar Islancio in 1998. They have devoted themselves to folksongs that people have played and sung through the centuries. Folksongs are an inseparable part of cultural heritage that the trio approaches attentively and respectfully. While performing the songs, the threesome improvises. Simple tunes take on a modern nuance that is at once Icelandic and international. The trio has been very popular. It has performed at concerts and music festivals in many parts of the world.<\/p>\n<\/div>\n<\/div>\n<p><a href=\"https:\/\/guitarislancio.is\/\">Guitar Islancio <\/a>homepage<\/p>\n","protected":false},"excerpt":{"rendered":"<p>\u00dej\u00f3\u00f0l\u00f6g \/ Folksongs \/ Volkslieder (JRLP020) &#8211; Guitar Islancio Order direct from JR Music\u00a0 jon@jrmusic.is Price ISK 4.500,- + Shipping Listen on Spotify\u00a0 A vinyl record with 12 songs from the trio\u00b4s previous CD\u00b4s &nbsp; A 1. G\u00f3\u00f0a veislu gj\u00f6ra skal \u2013 A Merry Feast Shall Now Be Made 2. \u00deorra\u00fer\u00e6ll \u2013 Close of Winter &hellip; <a href=\"https:\/\/jrmusic.is\/en\/jr-utgafa\/thjodlog-lp-vinyl\/\" class=\"more-link\">Continue reading <span class=\"screen-reader-text\">Folksongs (Vinyl)<\/span> <span class=\"meta-nav\">&rarr;<\/span><\/a><\/p>\n","protected":false},"author":3,"featured_media":0,"parent":17,"menu_order":20,"comment_status":"closed","ping_status":"closed","template":"","meta":{"footnotes":""},"class_list":["post-1845","page","type-page","status-publish","hentry"],"_links":{"self":[{"href":"https:\/\/jrmusic.is\/en\/wp-json\/wp\/v2\/pages\/1845","targetHints":{"allow":["GET"]}}],"collection":[{"href":"https:\/\/jrmusic.is\/en\/wp-json\/wp\/v2\/pages"}],"about":[{"href":"https:\/\/jrmusic.is\/en\/wp-json\/wp\/v2\/types\/page"}],"author":[{"embeddable":true,"href":"https:\/\/jrmusic.is\/en\/wp-json\/wp\/v2\/users\/3"}],"replies":[{"embeddable":true,"href":"https:\/\/jrmusic.is\/en\/wp-json\/wp\/v2\/comments?post=1845"}],"version-history":[{"count":37,"href":"https:\/\/jrmusic.is\/en\/wp-json\/wp\/v2\/pages\/1845\/revisions"}],"predecessor-version":[{"id":2926,"href":"https:\/\/jrmusic.is\/en\/wp-json\/wp\/v2\/pages\/1845\/revisions\/2926"}],"up":[{"embeddable":true,"href":"https:\/\/jrmusic.is\/en\/wp-json\/wp\/v2\/pages\/17"}],"wp:attachment":[{"href":"https:\/\/jrmusic.is\/en\/wp-json\/wp\/v2\/media?parent=1845"}],"curies":[{"name":"wp","href":"https:\/\/api.w.org\/{rel}","templated":true}]}}