{"id":1828,"date":"2020-10-10T11:38:47","date_gmt":"2020-10-10T11:38:47","guid":{"rendered":"https:\/\/jrmusic.is\/en\/?page_id=1828"},"modified":"2022-07-30T10:24:27","modified_gmt":"2022-07-30T10:24:27","slug":"songs-from-the-top-of-the-world-vinyll","status":"publish","type":"page","link":"https:\/\/jrmusic.is\/en\/jr-utgafa\/songs-from-the-top-of-the-world-vinyll\/","title":{"rendered":"Songs from the top of the world (Vinyl)"},"content":{"rendered":"<p><img decoding=\"async\" class=\"alignleft\" src=\"https:\/\/cdn.shopify.com\/s\/files\/1\/0284\/8174\/9051\/products\/21-JRLP021-frontur_300x300.jpg?v=1611917812\" alt=\"DJ\u00c4SS (Hot Eskimos) \u2013 Songs From The Top Of The World\" \/><strong>DJ\u00c4SS &#8211; Songs from the top of the world (JRLP021)<\/strong><\/p>\n<p class=\"sqsrte-large\">Karl Olgeirsson \u2013 Piano<br \/>\nKristinn Sn\u00e6r Agnarsson \u2013 Drums<br \/>\nJ\u00f3n Rafnsson \u2013 Double Bass<\/p>\n<p class=\"\">An original and curious collection of Icelandic songs of the last 40 years in hip jazz arrangements. A mixture of evergreens, folk, punk and alternative music as well as successful international hits like Emiliana Torrini\u2019s Jungle Drum, J\u00f3nsi\u2019s (of Sigur R\u00f3s) Animal Arithmetic and Bj\u00f6rk\u2019s Army of me. A great glimpse into today\u2019s Icelandic jazz scene as well as a great overview of the Icelandic popular song tradition.<\/p>\n<p>Side A:<br \/>\n1. Birthday \/ Amm\u00e6li<br \/>\n2. Jungle Drum<br \/>\n3. R\u00fadolf<br \/>\n4. \u00de\u00fa komst vi\u00f0 hjarta\u00f0 \u00ed m\u00e9r<br \/>\n5. Fj\u00f6llin hafa vaka\u00f0<\/p>\n<p class=\"\">Side B:<br \/>\n1. Stolt siglir fleyi\u00f0 mitt<br \/>\n2. Animal Arithmetic<br \/>\n3. Army of Me<br \/>\n4. \u00dat \u00e1 stoppist\u00f6\u00f0<br \/>\n5. \u00c1lfar<\/p>\n<p>Listen on <a href=\"https:\/\/open.spotify.com\/album\/5ThyC2v87mVbjoUSc7HjWL\">Spotify<\/a><\/p>\n<p class=\"\">CD and vinyl available at, &#8211; store and webstore:<br \/>\nPl\u00f6tub\u00fa\u00f0in, Tr\u00f6nuhraun 6 \u2013 <a href=\"https:\/\/plotubudin.is\/products\/djass-hot-eskimos-songs-from-the-top-of-the-world\">webstore<\/a><br \/>\nLucky Records, Rau\u00f0ar\u00e1rst\u00edgur 10 \u2013 <a href=\"https:\/\/luckyrecords.is\/?post_type=product&amp;s=Songs%20from%20the%20top%20of%20the%20world\">webstore<\/a><br \/>\nSmekkleysa, Hverfisgata 32 \u2013 <a href=\"https:\/\/smekkleysa.net\/shop\/more-music\/vinyl-more-music\/hot-eskimos-songs-from-the-top-of-the-world\/\">webstore<\/a><br \/>\n12 t\u00f3nar, Sk\u00f3lav\u00f6r\u00f0ust\u00edgur 15 \u2013 webstore<br \/>\nReykjav\u00edk Record shop, Klapparst\u00edgur 35\u00a0 (just vinyl)<br \/>\nHlj\u00f3ms\u00fdn, \u00c1rm\u00fali 38<\/p>\n<p class=\"\">\u00a0Order direct from JR Music: <a href=\"mailto:jon@jrmusic.is\">jon@jrmusic<\/a>.is<\/p>\n","protected":false},"excerpt":{"rendered":"<p>DJ\u00c4SS &#8211; Songs from the top of the world (JRLP021) Karl Olgeirsson \u2013 Piano Kristinn Sn\u00e6r Agnarsson \u2013 Drums J\u00f3n Rafnsson \u2013 Double Bass An original and curious collection of Icelandic songs of the last 40 years in hip jazz arrangements. A mixture of evergreens, folk, punk and alternative music as well as successful international &hellip; <a href=\"https:\/\/jrmusic.is\/en\/jr-utgafa\/songs-from-the-top-of-the-world-vinyll\/\" class=\"more-link\">Continue reading <span class=\"screen-reader-text\">Songs from the top of the world (Vinyl)<\/span> <span class=\"meta-nav\">&rarr;<\/span><\/a><\/p>\n","protected":false},"author":3,"featured_media":0,"parent":17,"menu_order":21,"comment_status":"closed","ping_status":"closed","template":"","meta":{"footnotes":""},"class_list":["post-1828","page","type-page","status-publish","hentry"],"_links":{"self":[{"href":"https:\/\/jrmusic.is\/en\/wp-json\/wp\/v2\/pages\/1828","targetHints":{"allow":["GET"]}}],"collection":[{"href":"https:\/\/jrmusic.is\/en\/wp-json\/wp\/v2\/pages"}],"about":[{"href":"https:\/\/jrmusic.is\/en\/wp-json\/wp\/v2\/types\/page"}],"author":[{"embeddable":true,"href":"https:\/\/jrmusic.is\/en\/wp-json\/wp\/v2\/users\/3"}],"replies":[{"embeddable":true,"href":"https:\/\/jrmusic.is\/en\/wp-json\/wp\/v2\/comments?post=1828"}],"version-history":[{"count":16,"href":"https:\/\/jrmusic.is\/en\/wp-json\/wp\/v2\/pages\/1828\/revisions"}],"predecessor-version":[{"id":2927,"href":"https:\/\/jrmusic.is\/en\/wp-json\/wp\/v2\/pages\/1828\/revisions\/2927"}],"up":[{"embeddable":true,"href":"https:\/\/jrmusic.is\/en\/wp-json\/wp\/v2\/pages\/17"}],"wp:attachment":[{"href":"https:\/\/jrmusic.is\/en\/wp-json\/wp\/v2\/media?parent=1828"}],"curies":[{"name":"wp","href":"https:\/\/api.w.org\/{rel}","templated":true}]}}