{"id":1807,"date":"2020-08-13T09:09:26","date_gmt":"2020-08-13T09:09:26","guid":{"rendered":"https:\/\/jrmusic.is\/en\/?page_id=1807"},"modified":"2024-12-02T17:31:45","modified_gmt":"2024-12-02T17:31:45","slug":"jol-lp-vinyl","status":"publish","type":"page","link":"https:\/\/jrmusic.is\/en\/jr-utgafa\/jol-lp-vinyl\/","title":{"rendered":"Christmas \/ J\u00f3l (Vinyl)"},"content":{"rendered":"<p><img loading=\"lazy\" decoding=\"async\" class=\"alignleft\" src=\"https:\/\/cdn.shopify.com\/s\/files\/1\/0284\/8174\/9051\/products\/3-JRLP003-frontur_300x300.jpg?v=1606141445\" alt=\"Tr\u00ed\u00f3 Bj\u00f6rns Thoroddsen - J\u00f3l\" width=\"255\" height=\"252\" \/><strong>J\u00f3l \u2013 Bj\u00f6rn Thoroddsen Trio (JRLP003) Vinyl\u00a0<\/strong><\/p>\n<p>Order LP direct from JR Music : <a href=\"mailto:jon@jrmusic.is\">jon@jrmusic.is<\/a><br \/>\nprice ISK 4.000,-<\/p>\n<p>Listen on <a href=\"https:\/\/open.spotify.com\/album\/3kIsGiwCHyRzt6ChYX1yhe\">Spotify<\/a><\/p>\n<p>Listen on <a href=\"https:\/\/listen.tidal.com\/album\/235737793\">Tidal<\/a><\/p>\n<p>Also available as <a href=\"https:\/\/jrmusic.is\/jr-utgafa\/jol\/\">CD<\/a><\/p>\n<p>Available at Music Stores:<br \/>\nPl\u00f6tub\u00fa\u00f0in &#8211; <a href=\"https:\/\/plotubudin.is\/products\/trio-bjorns-thoroddsen-jol\">netverslun<\/a><br \/>\nLucky Records &#8211; <a href=\"https:\/\/luckyrecords.is\/product\/trio-bjorns-thoroddsen-jol-cd\/\">netverslun<\/a><br \/>\nSmekkleysa \/ Badtaste Hverfisgata 32<br \/>\n12 t\u00f3nar, Sk\u00f3lav\u00f6r\u00f0ust\u00edgur 15<br \/>\nLitla j\u00f3lab\u00fa\u00f0in, Laugarvegur 8<br \/>\nJ\u00f3lagar\u00f0urinn \/ The Cristmas Garden at Sl\u00e9tta in Eyjafjar\u00f0arsveit; Akureyri<br \/>\nHlj\u00f3ms\u00fdn, \u00c1rm\u00fali 38<br \/>\nReykjav\u00edk Record Shop, Klapparst\u00edgur 35<\/p>\n<p>A holiday album that people look forward to listen to during the month of December.<br \/>\nSeveral classic Christmas songs, performed in a laid-back, acoustic jazz feel ; only guitar, vocal and double bass.<\/p>\n<p>Bj\u00f6rn Thoroddsen \u2013 guitar<br \/>\nKristjana Stef\u00e1nsd\u00f3ttir \u2013 vocal<br \/>\nJ\u00f3n Rafnsson \u2013 double bass<br \/>\nEyj\u00f3lfur \u00deorleifsson \u2013 tenor saxophone on tracks 5 and 11<\/p>\n<p style=\"background: white; margin: 0cm 0cm 18.0pt 0cm;\"><span style=\"color: #141412;\">A<br \/>\n1. Santa Baby<br \/>\n2. Mary\u00b4s Boy Child<br \/>\n3. Sleigh Ride<br \/>\n4. \u00dea\u00f0 \u00e1 a\u00f0 gefa b\u00f6rnum brau\u00f0<br \/>\n5. Jingle Bells<br \/>\n6. Hin fyrstu j\u00f3l<\/span><\/p>\n<p style=\"background: white; margin: 0cm 0cm 18.0pt 0cm;\"><span style=\"color: #141412;\">B<br \/>\n1. Santa Claus Is Coming to Town<br \/>\n2. N\u00f3ttin var s\u00fa \u00e1g\u00e6t ein<br \/>\n3. \u00c9g s\u00e1 m\u00f6mmu kyssa j\u00f3lasvein<br \/>\n4. \u00cd Betlehem er barn oss f\u00e6tt<br \/>\n5. Winter Wonderland<br \/>\n6. The Christmas Song<\/span><\/p>\n","protected":false},"excerpt":{"rendered":"<p>J\u00f3l \u2013 Bj\u00f6rn Thoroddsen Trio (JRLP003) Vinyl\u00a0 Order LP direct from JR Music : jon@jrmusic.is price ISK 4.000,- Listen on Spotify Listen on Tidal Also available as CD Available at Music Stores: Pl\u00f6tub\u00fa\u00f0in &#8211; netverslun Lucky Records &#8211; netverslun Smekkleysa \/ Badtaste Hverfisgata 32 12 t\u00f3nar, Sk\u00f3lav\u00f6r\u00f0ust\u00edgur 15 Litla j\u00f3lab\u00fa\u00f0in, Laugarvegur 8 J\u00f3lagar\u00f0urinn \/ The &hellip; <a href=\"https:\/\/jrmusic.is\/en\/jr-utgafa\/jol-lp-vinyl\/\" class=\"more-link\">Continue reading <span class=\"screen-reader-text\">Christmas \/ J\u00f3l (Vinyl)<\/span> <span class=\"meta-nav\">&rarr;<\/span><\/a><\/p>\n","protected":false},"author":3,"featured_media":0,"parent":17,"menu_order":3,"comment_status":"closed","ping_status":"closed","template":"","meta":{"footnotes":""},"class_list":["post-1807","page","type-page","status-publish","hentry"],"_links":{"self":[{"href":"https:\/\/jrmusic.is\/en\/wp-json\/wp\/v2\/pages\/1807","targetHints":{"allow":["GET"]}}],"collection":[{"href":"https:\/\/jrmusic.is\/en\/wp-json\/wp\/v2\/pages"}],"about":[{"href":"https:\/\/jrmusic.is\/en\/wp-json\/wp\/v2\/types\/page"}],"author":[{"embeddable":true,"href":"https:\/\/jrmusic.is\/en\/wp-json\/wp\/v2\/users\/3"}],"replies":[{"embeddable":true,"href":"https:\/\/jrmusic.is\/en\/wp-json\/wp\/v2\/comments?post=1807"}],"version-history":[{"count":42,"href":"https:\/\/jrmusic.is\/en\/wp-json\/wp\/v2\/pages\/1807\/revisions"}],"predecessor-version":[{"id":3129,"href":"https:\/\/jrmusic.is\/en\/wp-json\/wp\/v2\/pages\/1807\/revisions\/3129"}],"up":[{"embeddable":true,"href":"https:\/\/jrmusic.is\/en\/wp-json\/wp\/v2\/pages\/17"}],"wp:attachment":[{"href":"https:\/\/jrmusic.is\/en\/wp-json\/wp\/v2\/media?parent=1807"}],"curies":[{"name":"wp","href":"https:\/\/api.w.org\/{rel}","templated":true}]}}