{"id":1714,"date":"2019-08-01T07:46:40","date_gmt":"2019-08-01T07:46:40","guid":{"rendered":"https:\/\/jrmusic.is\/en\/?page_id=1714"},"modified":"2022-07-30T10:43:44","modified_gmt":"2022-07-30T10:43:44","slug":"buch-und-cd","status":"publish","type":"page","link":"https:\/\/jrmusic.is\/en\/jr-utgafa\/buch-und-cd\/","title":{"rendered":"Volkslieder (Buch, CD und LP)"},"content":{"rendered":"<p>Seit der Gr\u00fcndung des Trios Guitar Islancio im Jahre 1998 haben Bj\u00f6rn Thoroddsen, Gunnar \u00de\u00f3r\u00f0arson und J\u00f3n Rafnsson sich den isl\u00e4ndischen Volksliedern gewidmet, die seit Jahrhunderten gespielt und gesungen werden. Volkslieder sind ein wesentlicher Bestandteil des Kulturerbes und daher ist der Umgang des Trios mit den Liedern von R\u00fccksicht und Respekt gepr\u00e4gt. Zu dritt improvisieren sie mit den Liedern. Einfache Melodien bekommen eine moderne Note, die gleichzeitig isl\u00e4ndisch als auch international klingt. Das Trio genie\u03b2t gro\u03b2e Popularit\u00e4t und tritt auf Konzerten und Musikfestivals rund um die Welt auf.<\/p>\n<p><img loading=\"lazy\" decoding=\"async\" class=\"alignleft\" src=\"https:\/\/www.penninn.is\/sites\/penninn.is\/files\/styles\/product_single\/public\/photoware\/jrmjrcd018.jpg?itok=PiBjH9Mv\" width=\"185\" height=\"185\" \/><strong>Volkslieder (JRCD018)<\/strong><\/p>\n<p>Kaufe ein CD bei JR Music, Island:<br \/>\n<a href=\"mailto:jon@jrmusic.is\">jon@jrmusic.is<br \/>\n<\/a>Preis mit versandkosten<br \/>\nEur 18<br \/>\nUSD 20<br \/>\nGBP 16.50<\/p>\n<p>Kaufe ein CD bei <a href=\"https:\/\/www.hrimnir.shop\/de\/icelandic-folk-songs-arranged-by-guitar-islancio-music-disk\">Hr\u00edmnir<\/a> in Frankfurt, Deutschland<\/p>\n<ol>\n<li>G\u00f3\u00f0a veislu gj\u00f6ra skal &#8211;\u00a0Ein gutes Fest wollen wir feiern<\/li>\n<li>Krummi svaf \u00ed klettagj\u00e1 &#8211;\u00a0Ein Rabe schlief in der Felsschlucht<\/li>\n<li>\u00deorra\u00fer\u00e6ll &#8211;\u00a0Das Ende des harten Winters<\/li>\n<li>V\u00edsur Vatnsenda-R\u00f3su &#8211;\u00a0Die Gedichte von Vatnsenda-R\u00f3sa<\/li>\n<li>Kindur jarma \u00ed kofunum \u2013 Schafe bl\u00f6ken in den St\u00e4llen<\/li>\n<li>H\u00e6ttu a\u00f0 gr\u00e1ta hringan\u00e1 \u2013 H\u00f6r auf zu weinen, liebes M\u00e4dchen<\/li>\n<li>\u00c1 Sprengisandi &#8211;\u00a0Ein Ritt \u00fcber die Sprengisandur-W\u00fcste<\/li>\n<li>V\u00edsur &#8211;\u00a0Reime<\/li>\n<li>Gu\u00f0 gaf m\u00e9r eyra &#8211;\u00a0Gott gab mir Ohren<\/li>\n<li>Krummi krunkar \u00fati &#8211;\u00a0Drau\u03b2en kr\u00e4chzt der Rabe<\/li>\n<li>St\u00f3\u00f0 \u00e9g \u00fati \u00ed tunglslj\u00f3si &#8211;\u00a0Drau\u03b2en bei Mondschein ich stand<\/li>\n<li>D\u00fdrav\u00edsur &#8211;\u00a0Tierreime<\/li>\n<li>\u00d3lafur liljur\u00f3s &#8211;\u00a0\u00d3lafur Lilienrose<\/li>\n<li>S\u00e6ll Jes\u00fas s\u00e6ti &#8211;\u00a0Gepreist sei der liebliche Jesus<\/li>\n<li>Sof\u00f0u unga \u00e1stin m\u00edn &#8211;\u00a0Schlaf, meine junge Liebe<\/li>\n<\/ol>\n<p><img loading=\"lazy\" decoding=\"async\" class=\"alignleft\" src=\"https:\/\/www.penninn.is\/sites\/penninn.is\/files\/styles\/product_single_book\/public\/photoware\/jrm288069.jpg?itok=0iVUjTaz\" width=\"229\" height=\"367\" \/><\/p>\n<p>&nbsp;<\/p>\n<p><strong>Isl\u00e4ndische Volkslieder, arrangiert von Guitar Islancio (JRBK019)<\/strong><\/p>\n<p>Kaufe\u00a0 ein Buch bei JR Music, Island:<br \/>\n<a href=\"mailto:jon@jrmusic.is\">jon@jrmusic.is<br \/>\n<\/a>Preis mit versandkosten<br \/>\nEur 33<br \/>\nUSD 37<br \/>\nGBP 30.50<\/p>\n<p>Kaufe ein Buch bei <a href=\"https:\/\/www.hrimnir.shop\/de\/icelandic-folk-songs-arranged-by-guitar-islancio-music-book\">Hr\u00edmnir<\/a> in Frankfurt, Deutschland<\/p>\n<p>&nbsp;<\/p>\n<p>Playlist on <a href=\"https:\/\/open.spotify.com\/playlist\/6VOlxIQ0pCu3ZUNPHsA4wC\">Spotify<\/a><\/p>\n<ol>\n<li>Austan kaldinn \u00e1 oss bl\u00e9s &#8211;\u00a0Der Ostwind \u00fcber uns bl\u00e4st<\/li>\n<li>\u00c1 Sprengisandi &#8211;\u00a0Ein Ritt \u00fcber die Sprengisandur-W\u00fcste<\/li>\n<li>\u00c1 Sprengisandi (S. Kaldal\u00f3ns) &#8211;\u00a0Ein Ritt \u00fcber die Sprengisandur-W\u00fcste<\/li>\n<li>B\u00ed, b\u00ed og blaka &#8211;\u00a0Kleiner flatternder Vogel<\/li>\n<li>B\u00edum, b\u00edum, bamba &#8211;\u00a0Schlaflied<\/li>\n<li>D\u00fdrav\u00edsur &#8211;\u00a0Tierreime<\/li>\n<li>\u00c9g veit eina br\u00fa\u00f0i sk\u00edna &#8211;\u00a0Ich wei\u03b2 von einer scheinenden Braut<\/li>\n<li>Fagurt gala\u00f0i fuglinn s\u00e1 &#8211;\u00a0Sch\u00f6n gesungen hat jener Hahn<\/li>\n<li>Gilsbakka\u00feula &#8211;\u00a0Gilsbakkagedicht<\/li>\n<li>G\u00f3\u00f0a veislu gj\u00f6ra skal &#8211;\u00a0Ein gutes Fest wollen wir feiern<\/li>\n<li>Gu\u00f0 gaf m\u00e9r eyra &#8211;\u00a0Gott gab mir Ohren<\/li>\n<li>H\u00e6ttu a\u00f0 gr\u00e1ta hringan\u00e1 \u2013 H\u00f6r auf zu weinen, liebes M\u00e4dchen<\/li>\n<li>Kindur jarma \u00ed kofunum \u2013 Schafe bl\u00f6ken in den St\u00e4lle<\/li>\n<li>Krummi krunkar \u00fati &#8211;\u00a0Drau\u03b2en kr\u00e4chzt der Rabe<\/li>\n<li>Krummi svaf \u00ed klettagj\u00e1 &#8211;\u00a0Ein Rabe schlief in der Felsschlucht<\/li>\n<li>\u00d3lafur liljur\u00f3s &#8211;\u00a0\u00d3lafur Lilienrose<\/li>\n<li>Sof\u00f0u unga \u00e1stin m\u00edn &#8211;\u00a0Schlaf, meine junge Liebe<\/li>\n<li>St\u00f3\u00f0 \u00e9g \u00fati \u00ed tunglslj\u00f3si &#8211;\u00a0Drau\u03b2en bei Mondschein ich stand<\/li>\n<li>S\u00e6ll Jes\u00fa s\u00e6ti &#8211;\u00a0Gepreist sei der liebliche Jesus<\/li>\n<li>Ver\u00f6ld fl\u00e1a &#8211;\u00a0Die betr\u00fcgerische Welt<\/li>\n<li>V\u00edsur &#8211;\u00a0Reime<\/li>\n<li>\u00deorra\u00fer\u00e6ll &#8211;\u00a0Das Ende des harten Winters<\/li>\n<\/ol>\n<p><strong>Kaufen &#8220;CD und Buch&#8221;:<\/strong> <a href=\"mailto:jon@jrmusic.is\">jon@jrmusic.is<br \/>\n<\/a>Preis mit versandkosten<br \/>\nEur 44<br \/>\nUSD 49.50<br \/>\nGBP 40.50<\/p>\n<p><a href=\"http:\/\/guitarislancio.is\/?page_id=128\">\u00a0 \u00a0 \u00a0 \u00a0 \u00a0 \u00a0 WWW.GUITARISLANCIO.IS\u00a0<\/a><\/p>\n","protected":false},"excerpt":{"rendered":"<p>Seit der Gr\u00fcndung des Trios Guitar Islancio im Jahre 1998 haben Bj\u00f6rn Thoroddsen, Gunnar \u00de\u00f3r\u00f0arson und J\u00f3n Rafnsson sich den isl\u00e4ndischen Volksliedern gewidmet, die seit Jahrhunderten gespielt und gesungen werden. Volkslieder sind ein wesentlicher Bestandteil des Kulturerbes und daher ist der Umgang des Trios mit den Liedern von R\u00fccksicht und Respekt gepr\u00e4gt. Zu dritt improvisieren &hellip; <a href=\"https:\/\/jrmusic.is\/en\/jr-utgafa\/buch-und-cd\/\" class=\"more-link\">Continue reading <span class=\"screen-reader-text\">Volkslieder (Buch, CD und LP)<\/span> <span class=\"meta-nav\">&rarr;<\/span><\/a><\/p>\n","protected":false},"author":3,"featured_media":0,"parent":17,"menu_order":31,"comment_status":"closed","ping_status":"closed","template":"","meta":{"footnotes":""},"class_list":["post-1714","page","type-page","status-publish","hentry"],"_links":{"self":[{"href":"https:\/\/jrmusic.is\/en\/wp-json\/wp\/v2\/pages\/1714","targetHints":{"allow":["GET"]}}],"collection":[{"href":"https:\/\/jrmusic.is\/en\/wp-json\/wp\/v2\/pages"}],"about":[{"href":"https:\/\/jrmusic.is\/en\/wp-json\/wp\/v2\/types\/page"}],"author":[{"embeddable":true,"href":"https:\/\/jrmusic.is\/en\/wp-json\/wp\/v2\/users\/3"}],"replies":[{"embeddable":true,"href":"https:\/\/jrmusic.is\/en\/wp-json\/wp\/v2\/comments?post=1714"}],"version-history":[{"count":21,"href":"https:\/\/jrmusic.is\/en\/wp-json\/wp\/v2\/pages\/1714\/revisions"}],"predecessor-version":[{"id":2932,"href":"https:\/\/jrmusic.is\/en\/wp-json\/wp\/v2\/pages\/1714\/revisions\/2932"}],"up":[{"embeddable":true,"href":"https:\/\/jrmusic.is\/en\/wp-json\/wp\/v2\/pages\/17"}],"wp:attachment":[{"href":"https:\/\/jrmusic.is\/en\/wp-json\/wp\/v2\/media?parent=1714"}],"curies":[{"name":"wp","href":"https:\/\/api.w.org\/{rel}","templated":true}]}}