{"id":17,"date":"2015-11-19T10:11:12","date_gmt":"2015-11-19T10:11:12","guid":{"rendered":"http:\/\/nytt.jrmusic.is\/?page_id=17"},"modified":"2023-05-10T23:35:40","modified_gmt":"2023-05-10T23:35:40","slug":"jr-utgafa","status":"publish","type":"page","link":"https:\/\/jrmusic.is\/en\/jr-utgafa\/","title":{"rendered":"JR Music releases"},"content":{"rendered":"<p><a href=\"https:\/\/jrmusic.is\/en\/jr-utgafa\/jol\/\"><img loading=\"lazy\" decoding=\"async\" class=\"\" src=\"https:\/\/jrmusic.is\/en\/wp-content\/uploads\/2015\/11\/J%C3%B3l-frontur.jpg\" alt=\"\" width=\"122\" height=\"109\" \/><\/a>\u00a0 \u00a0\u00a0\u00a0<a href=\"https:\/\/jrmusic.is\/en\/jr-utgafa\/passione\/\"><img loading=\"lazy\" decoding=\"async\" class=\"\" src=\"https:\/\/jrmusic.is\/en\/wp-content\/uploads\/2015\/11\/Passione-frontur.jpg\" alt=\"Passione - frontur\" width=\"127\" height=\"113\" \/><\/a>\u00a0 \u00a0 <a href=\"https:\/\/jrmusic.is\/en\/jr-utgafa\/jol-lp-vinyl\/\"><img loading=\"lazy\" decoding=\"async\" class=\"\" src=\"https:\/\/cdn.shopify.com\/s\/files\/1\/0284\/8174\/9051\/products\/3-JRLP003-frontur_300x300.jpg?v=1606141445\" alt=\"Tr\u00ed\u00f3 Bj\u00f6rns Thoroddsen - J\u00f3l\" width=\"116\" height=\"115\" \/><\/a>\u00a0 \u00a0\u00a0<a href=\"https:\/\/jrmusic.is\/en\/jr-utgafa\/delizie-italiane\/\"><img loading=\"lazy\" decoding=\"async\" class=\"\" src=\"https:\/\/jrmusic.is\/en\/wp-content\/uploads\/2015\/11\/Delizie-Italiane-Frontur-300x300.jpg\" alt=\"DI_2008_DelizieItaliane_Album_print.eps\" width=\"118\" height=\"118\" \/><\/a><\/p>\n<p><a href=\"https:\/\/jrmusic.is\/en\/jr-utgafa\/heidanna-ro\/\"><img loading=\"lazy\" decoding=\"async\" class=\"\" src=\"https:\/\/jrmusic.is\/en\/wp-content\/uploads\/2015\/11\/Hei%C3%B0anna-r%C3%B3-frontur-300x300.jpg\" alt=\"Hei\u00f0anna r\u00f3 - frontur\" width=\"116\" height=\"116\" \/><\/a>\u00a0\u00a0 \u00a0\u00a0<a href=\"https:\/\/jrmusic.is\/en\/jr-utgafa\/gitarveizla-bjossa-thor\/\"><img loading=\"lazy\" decoding=\"async\" class=\"\" src=\"https:\/\/jrmusic.is\/en\/wp-content\/uploads\/2015\/11\/guitarfest-frontur-300x296.jpg\" alt=\"guitarfest - frontur\" width=\"120\" height=\"118\" \/><\/a>\u00a0 <a href=\"https:\/\/jrmusic.is\/en\/jr-utgafa\/fusi-halldors\/\"><img loading=\"lazy\" decoding=\"async\" class=\"\" src=\"https:\/\/i.scdn.co\/image\/ab67616d0000b27377323b23f102df94da90ef4e\" alt=\"F\u00fasi Halld\u00f3rs - Vins\u00e6lustu l\u00f6gin - Compilation by Bjorn Thoroddsen, Sigf\u00fas Halld\u00f3rsson | Spotify\" width=\"122\" height=\"122\" \/><\/a>\u00a0 \u00a0 <a href=\"https:\/\/jrmusic.is\/en\/jr-utgafa\/la-vita-con-te\/\"><img loading=\"lazy\" decoding=\"async\" class=\"\" src=\"https:\/\/jrmusic.is\/wp-content\/uploads\/2015\/11\/La-Vita-con-te-frontur.jpg\" alt=\"Delizie Italiane \u2013 La vita con te | JR Music\" width=\"137\" height=\"122\" \/><\/a><\/p>\n<p><a href=\"https:\/\/jrmusic.is\/en\/jr-utgafa\/rain-on-me-rain\/\"><img loading=\"lazy\" decoding=\"async\" class=\"\" src=\"https:\/\/jrmusic.is\/en\/wp-content\/uploads\/2015\/11\/Rain-on-me-rain-frontur.jpg\" alt=\"Rain on me rain - frontur\" width=\"115\" height=\"114\" \/><\/a>\u00a0 \u00a0 \u00a0<a href=\"https:\/\/jrmusic.is\/en\/jr-utgafa\/songs-from-the-top-of-the-world\/\"><img loading=\"lazy\" decoding=\"async\" class=\"\" src=\"https:\/\/jrmusic.is\/en\/wp-content\/uploads\/2015\/11\/songs-from-the-top-of-the-world-frontur-300x300.jpg\" alt=\"songs from the top of the world - frontur\" width=\"121\" height=\"121\" \/><\/a>\u00a0 \u00a0<a href=\"https:\/\/jrmusic.is\/en\/jr-utgafa\/stjarnanna-fjold\/\"><img loading=\"lazy\" decoding=\"async\" class=\"\" src=\"https:\/\/static.heimkaup.is\/images\/products\/96\/42496\/42496-kristjana-arngrimsdottir-stjarnanna-fjold_670x400.jpg\" width=\"137\" height=\"122\" \/><\/a>\u00a0 \u00a0\u00a0<a href=\"http:\/\/nytt.jrmusic.is\/jr-utgafa\/we-ride-polar-bears\/\"><img loading=\"lazy\" decoding=\"async\" class=\"\" src=\"http:\/\/nytt.jrmusic.is\/wp-content\/uploads\/2015\/11\/Frontur-Hot-Eskimos-JRCD013-300x300.jpg\" alt=\"Frontur Hot Eskimos JRCD013\" width=\"125\" height=\"125\" \/><\/a><\/p>\n<p><a href=\"https:\/\/jrmusic.is\/en\/jr-utgafa\/hatidarnott\/\"><img loading=\"lazy\" decoding=\"async\" class=\"\" src=\"https:\/\/static.heimkaup.is\/images\/products\/98\/42498\/42498-andres-thor-jon-rafnsson-og-karl-olgeirsson-hatidarnott_670x400.jpg\" width=\"127\" height=\"115\" \/><\/a> \u00a0\u00a0<a href=\"http:\/\/nytt.jrmusic.is\/jr-utgafa\/jol-i-stofunni\/\"><img loading=\"lazy\" decoding=\"async\" class=\"\" src=\"http:\/\/nytt.jrmusic.is\/wp-content\/uploads\/2015\/11\/j%C3%B3l-%C3%AD-stofunni-frontur-300x300.jpg\" alt=\"jolistofunni.ai\" width=\"113\" height=\"113\" \/><\/a>\u00a0 <a href=\"https:\/\/jrmusic.is\/en\/jr-utgafa\/bjorn-thoroddsen-bjossi\/\"><img loading=\"lazy\" decoding=\"async\" class=\"\" src=\"https:\/\/static.heimkaup.is\/images\/products\/91\/42491\/42491-bjossi-introducing-anna_670x400.jpg\" width=\"137\" height=\"115\" \/>\u00a0\u00a0\u00a0 <\/a><a href=\"https:\/\/jrmusic.is\/en\/jr-utgafa\/helena-eyjolfsdottir\/\"><img loading=\"lazy\" decoding=\"async\" class=\"\" src=\"https:\/\/static.heimkaup.is\/images\/products\/06\/45906\/45906-helena-eyjolfsdottir-helena_670x400.jpg\" width=\"130\" height=\"119\" \/><\/a><\/p>\n<p><a href=\"https:\/\/jrmusic.is\/en\/jr-utgafa\/guitar-islancio-2\/\"><img loading=\"lazy\" decoding=\"async\" class=\"\" src=\"https:\/\/www.penninn.is\/sites\/penninn.is\/files\/styles\/product_single\/public\/photoware\/jrmjrcd018.jpg?itok=PiBjH9Mv\" width=\"134\" height=\"134\" \/><\/a>\u00a0 <img loading=\"lazy\" decoding=\"async\" class=\"\" src=\"https:\/\/guitarislancio.is\/wp-content\/uploads\/2022\/01\/20-JRLP020-frontur-500x511.jpg\" alt=\"20-JRLP020-frontur\" width=\"119\" height=\"122\" \/>\u00a0<a href=\"https:\/\/jrmusic.is\/en\/jr-utgafa\/guitar-islancio-2\/\">\u00a0 \u00a0<\/a><a href=\"https:\/\/jrmusic.is\/en\/jr-utgafa\/songs-from-the-top-of-the-world-vinyll\/\"><img loading=\"lazy\" decoding=\"async\" class=\"\" src=\"https:\/\/cdn.shopify.com\/s\/files\/1\/0284\/8174\/9051\/products\/21-JRLP021-frontur_300x300.jpg?v=1611917812\" alt=\"DJ\u00c4SS (Hot Eskimos) \u2013 Songs From The Top Of The World\" width=\"130\" height=\"125\" \/><\/a><\/p>\n<p><a href=\"https:\/\/jrmusic.is\/en\/jr-utgafa\/djass\/\"><img loading=\"lazy\" decoding=\"async\" class=\"\" src=\"https:\/\/cdn.shopify.com\/s\/files\/1\/0284\/8174\/9051\/products\/DJASS-front-highres_7d21b48a-8f7d-4ea4-b146-5e1e76f7e219_300x300.jpg?v=1641291041\" alt=\"DJ\u00c4SS (Hot Eskimos) \u2013 DJ\u00c4SS\" width=\"142\" height=\"142\" \/><\/a>\u00a0 \u00a0 \u00a0 <a href=\"https:\/\/jrmusic.is\/en\/jr-utgafa\/djass-jrcd023\/\"><img loading=\"lazy\" decoding=\"async\" class=\"\" src=\"https:\/\/cdn.shopify.com\/s\/files\/1\/0284\/8174\/9051\/products\/DJASS-front-highres_7d21b48a-8f7d-4ea4-b146-5e1e76f7e219_300x300.jpg?v=1641291041\" alt=\"DJ\u00c4SS (Hot Eskimos) \u2013 DJ\u00c4SS\" width=\"139\" height=\"139\" \/><\/a><\/p>\n<p>Click on image for more information<br \/>\nAll JR Music releases are on Spotify and most others streaming providers<\/p>\n<p><a href=\"https:\/\/jrmusic.is\/en\/jr-utgafa\/thjodlog-bok\/\"><img loading=\"lazy\" decoding=\"async\" class=\"\" src=\"https:\/\/www.penninn.is\/sites\/penninn.is\/files\/styles\/product_single_book\/public\/photoware\/jrm288069.jpg?itok=0iVUjTaz\" width=\"207\" height=\"332\" \/><\/a><\/p>\n<p>&nbsp;<\/p>\n<p>&nbsp;<\/p>\n<p>&nbsp;<\/p>\n<p>&nbsp;<\/p>\n<p>&nbsp;<\/p>\n","protected":false},"excerpt":{"rendered":"<p>\u00a0 \u00a0\u00a0\u00a0\u00a0 \u00a0 \u00a0 \u00a0\u00a0 \u00a0\u00a0 \u00a0\u00a0\u00a0 \u00a0 \u00a0 \u00a0 \u00a0 \u00a0\u00a0 \u00a0\u00a0 \u00a0\u00a0 \u00a0\u00a0\u00a0 \u00a0\u00a0\u00a0 \u00a0 \u00a0\u00a0 \u00a0 \u00a0 \u00a0 \u00a0 Click on image for more information All JR Music releases are on Spotify and most others streaming providers &nbsp; &nbsp; &nbsp; &nbsp; &nbsp;<\/p>\n","protected":false},"author":3,"featured_media":0,"parent":0,"menu_order":3,"comment_status":"closed","ping_status":"closed","template":"","meta":{"footnotes":""},"class_list":["post-17","page","type-page","status-publish","hentry"],"_links":{"self":[{"href":"https:\/\/jrmusic.is\/en\/wp-json\/wp\/v2\/pages\/17","targetHints":{"allow":["GET"]}}],"collection":[{"href":"https:\/\/jrmusic.is\/en\/wp-json\/wp\/v2\/pages"}],"about":[{"href":"https:\/\/jrmusic.is\/en\/wp-json\/wp\/v2\/types\/page"}],"author":[{"embeddable":true,"href":"https:\/\/jrmusic.is\/en\/wp-json\/wp\/v2\/users\/3"}],"replies":[{"embeddable":true,"href":"https:\/\/jrmusic.is\/en\/wp-json\/wp\/v2\/comments?post=17"}],"version-history":[{"count":93,"href":"https:\/\/jrmusic.is\/en\/wp-json\/wp\/v2\/pages\/17\/revisions"}],"predecessor-version":[{"id":3064,"href":"https:\/\/jrmusic.is\/en\/wp-json\/wp\/v2\/pages\/17\/revisions\/3064"}],"wp:attachment":[{"href":"https:\/\/jrmusic.is\/en\/wp-json\/wp\/v2\/media?parent=17"}],"curies":[{"name":"wp","href":"https:\/\/api.w.org\/{rel}","templated":true}]}}