{"id":1426,"date":"2017-09-03T09:50:10","date_gmt":"2017-09-03T09:50:10","guid":{"rendered":"https:\/\/jrmusic.is\/en\/?page_id=1426"},"modified":"2026-02-12T15:00:46","modified_gmt":"2026-02-12T15:00:46","slug":"thjodlog-bok","status":"publish","type":"page","link":"https:\/\/jrmusic.is\/en\/jr-utgafa\/thjodlog-bok\/","title":{"rendered":"Icelandic Folksongs (Book)"},"content":{"rendered":"<p><strong>&#8220;Icelandic Folksongs, arranged by Guitar Islancio&#8221; (JRBK019)<\/strong><\/p>\n<p><img loading=\"lazy\" decoding=\"async\" class=\"alignleft\" src=\"https:\/\/guitarislancio.is\/wp-content\/uploads\/2021\/11\/islensk-thjodlog-kapa.jpg\" width=\"314\" height=\"419\" \/><\/p>\n<div class=\"wpb_text_column wpb_content_element vc_custom_1641221418541\">\n<div class=\"wpb_wrapper\">\n<p>The book has sheet music for 22 Icelandic folksongs with chord diagrams for the guitar and piano. The poetry text under the melody indicates which part of the song is the original folksong and which part is Guitar Islancio\u2019s addition. The users are therefore not restricted to the trio\u2019s arrangement, which provides a source of ideas about the arrangement of the music. Also, this is not just a book of sheet music . You will also find a lot of lore about the songs in the book. It virtually covers everything known about the songs and their likely origin. In addition, all the poems are full-length. The book, therefore, gives you copious information as well as value as a keepsake.<\/p>\n<\/div>\n<\/div>\n<div class=\"wpb_text_column wpb_content_element\">\n<div class=\"wpb_wrapper\">\n<p>All text in the book is in Icelandic, English, and German.<\/p>\n<ol>\n<li>Austan kaldinn \u00e1 oss bl\u00e9s \u2013 The East Wind Blows<\/li>\n<li>\u00c1 Sprengisandi \u2013 Riding over the Desert<\/li>\n<li>\u00c1 Sprengisandi \u2013 Riding over the Desert (S. Kaldal\u00f3ns)<\/li>\n<li>B\u00ed, b\u00ed og blaka \u2013 Little Bird and Light of Wing<\/li>\n<li>B\u00edum, b\u00edum, bamba \u2013 Lullaby<\/li>\n<li>D\u00fdrav\u00edsur \u2013 Animal Verses<\/li>\n<li>\u00c9g veit eina br\u00fa\u00f0i sk\u00edna \u2013 I Know of a Shining Bride<\/li>\n<li>Fagurt gala\u00f0i fuglinn s\u00e1 \u2013 Beautiful was the Rooster\u00b4s Crow<\/li>\n<li>Gilsbakka\u00feula \u2013 Gilsbakki Rhymes<\/li>\n<li>G\u00f3\u00f0a veislu gj\u00f6ra skal \u2013 A Merry Feast Shall Now Be Made<\/li>\n<li>Gu\u00f0 gaf m\u00e9r eyra \u2013 God Gave Me Ears<\/li>\n<li>H\u00e6ttu a\u00f0 gr\u00e1ta hringan\u00e1 \u2013 Stop Crying Now, My Dear Girl<\/li>\n<li>Kindur jarma \u00ed kofunum \u2013 Sheep are Bleating in their Pens<\/li>\n<li>Krummi krunkar \u00fati \u2013 Outside Cronks the Raven<\/li>\n<li>Krummi svaf \u00ed klettagj\u00e1 \u2013 The Raven Slept in a Ravine<\/li>\n<li>\u00d3lafur liljur\u00f3s \u2013 Olafur Lilyrose<\/li>\n<li>Sof\u00f0u unga \u00e1stin m\u00edn \u2013 Sleep My Tiny Dear<\/li>\n<li>St\u00f3\u00f0 \u00e9g \u00fati \u00ed tunglslj\u00f3si \u2013 As I Stood in the Moonlight<\/li>\n<li>S\u00e6ll Jes\u00fa s\u00e6ti \u2013 All Hail Sweet Jesus<\/li>\n<li>Ver\u00f6ld fl\u00e1a \u2013 Deceitful World<\/li>\n<li>V\u00edsur \u2013 Rhymes<\/li>\n<li>\u00deorra\u00fer\u00e6ll \u2013 Close of Winter Hardship<\/li>\n<\/ol>\n<p>Listen to all the songs on <a href=\"https:\/\/open.spotify.com\/playlist\/6VOlxIQ0pCu3ZUNPHsA4wC\">Spotify\u00a0<\/a><\/p>\n<\/div>\n<\/div>\n<div><u>The Book is available at the following stores<br \/>\n<\/u><\/div>\n<div class=\"wpb_text_column wpb_content_element vc_custom_1641721511821\">\n<div class=\"wpb_wrapper\">\n<p>ICELAND<br \/>\nT\u00f3nast\u00f6\u00f0in, Skipholt 50d, Reykjavik \u2013\u00a0<a href=\"https:\/\/www.tonastodin.is\/notur\/gitar\/islensk-thjodlog-i-utsetningum-guitar-islancio\/\">WEBSTORE<\/a><br \/>\nLucky Records, Rau\u00f0ar\u00e1rst\u00edgur 10, Reykjavik \u2013\u00a0<a href=\"https:\/\/luckyrecords.is\/product\/guitar-islancio-islensk-thjodlog-bok\/?v=0bfc16cc12ef\">WEBSTORE<\/a><br \/>\nHlj\u00f3\u00f0f\u00e6rah\u00fasi\u00f0, S\u00ed\u00f0um\u00fali 20, Reykjavik<br \/>\nHlj\u00f3\u00f0f\u00e6raverslunin R\u00edn, Grens\u00e1svegur 12, Reykjavik<br \/>\nPenninn Akureyri<\/p>\n<p>SWEDEN<br \/>\nNotlagret, Bor\u00e5s \u2013\u00a0<a href=\"https:\/\/www.notlagret.se\/Produkt\/Isl%C3%A4ndska-folkvisor-arrangerade-av-Guitar-Islancio\">WEBSTORE<\/a><br \/>\nGottfrid Johansson Musik AB, Stockholm \u2013\u00a0<a href=\"https:\/\/www.gottfridjohansson.se\/produkt\/noter\/gitarr-noter\/icelandic-folksongs-arranged-for-guitar-by-guitar-islancio\/\">WEBSTORE<\/a><\/p>\n<p>GERMANY<br \/>\nPankebuch, Berlin \u2013 WEBSTORE<br \/>\nBunt Buchhandlung, K\u00f6ln \u2013\u00a0<a href=\"https:\/\/antiquariat.buntbuchhandlung.de\/suche\/ergebnisse?kn=islancio\">WEBSTORE<\/a><br \/>\nHr\u00edmnir, Frankfurt \u2013\u00a0<a href=\"https:\/\/www.hrimnir.shop\/icelandic-folk-songs-arranged-by-guitar-islancio-music-book?___from_store=de&amp;___store=en\">WEBSTORE<\/a><\/p>\n<p>Order direct from\u00a0<a href=\"mailto:jon@jrmusic.is\">jon@jrmusic.is<\/a>\u00a0kr. Icel. kr. 5.000,- + Shipping<\/p>\n<p>Bj\u00f6rn Thoroddsen, Gunnar Th\u00f3rdarson and J\u00f3n Rafnsson founded the trio Guitar Islancio in 1998. They have devoted themselves to folksongs that people have played and sung through the centuries. Folksongs are an inseparable part of cultural heritage that the trio approaches attentively and respectfully. While performing the songs, the threesome improvises. Simple tunes take on a modern nuance that is at once Icelandic and international.<\/p>\n<\/div>\n<\/div>\n<p><a href=\"https:\/\/guitarislancio.is\/\">Guitar Islancio <\/a>homepage<\/p>\n","protected":false},"excerpt":{"rendered":"<p>&#8220;Icelandic Folksongs, arranged by Guitar Islancio&#8221; (JRBK019) The book has sheet music for 22 Icelandic folksongs with chord diagrams for the guitar and piano. The poetry text under the melody indicates which part of the song is the original folksong and which part is Guitar Islancio\u2019s addition. The users are therefore not restricted to the &hellip; <a href=\"https:\/\/jrmusic.is\/en\/jr-utgafa\/thjodlog-bok\/\" class=\"more-link\">Continue reading <span class=\"screen-reader-text\">Icelandic Folksongs (Book)<\/span> <span class=\"meta-nav\">&rarr;<\/span><\/a><\/p>\n","protected":false},"author":3,"featured_media":0,"parent":17,"menu_order":19,"comment_status":"closed","ping_status":"closed","template":"","meta":{"footnotes":""},"class_list":["post-1426","page","type-page","status-publish","hentry"],"_links":{"self":[{"href":"https:\/\/jrmusic.is\/en\/wp-json\/wp\/v2\/pages\/1426","targetHints":{"allow":["GET"]}}],"collection":[{"href":"https:\/\/jrmusic.is\/en\/wp-json\/wp\/v2\/pages"}],"about":[{"href":"https:\/\/jrmusic.is\/en\/wp-json\/wp\/v2\/types\/page"}],"author":[{"embeddable":true,"href":"https:\/\/jrmusic.is\/en\/wp-json\/wp\/v2\/users\/3"}],"replies":[{"embeddable":true,"href":"https:\/\/jrmusic.is\/en\/wp-json\/wp\/v2\/comments?post=1426"}],"version-history":[{"count":42,"href":"https:\/\/jrmusic.is\/en\/wp-json\/wp\/v2\/pages\/1426\/revisions"}],"predecessor-version":[{"id":3216,"href":"https:\/\/jrmusic.is\/en\/wp-json\/wp\/v2\/pages\/1426\/revisions\/3216"}],"up":[{"embeddable":true,"href":"https:\/\/jrmusic.is\/en\/wp-json\/wp\/v2\/pages\/17"}],"wp:attachment":[{"href":"https:\/\/jrmusic.is\/en\/wp-json\/wp\/v2\/media?parent=1426"}],"curies":[{"name":"wp","href":"https:\/\/api.w.org\/{rel}","templated":true}]}}