{"id":1380,"date":"2017-07-17T10:31:29","date_gmt":"2017-07-17T10:31:29","guid":{"rendered":"https:\/\/jrmusic.is\/en\/?page_id=1380"},"modified":"2022-07-31T12:22:23","modified_gmt":"2022-07-31T12:22:23","slug":"hatidarnott","status":"publish","type":"page","link":"https:\/\/jrmusic.is\/en\/jr-verkefni\/hatidarnott\/","title":{"rendered":"The Christmas Trio"},"content":{"rendered":"<p><img loading=\"lazy\" decoding=\"async\" class=\"alignleft\" src=\"https:\/\/static.heimkaup.is\/images\/products\/98\/42498\/42498-andres-thor-jon-rafnsson-og-karl-olgeirsson-hatidarnott_670x400.jpg\" width=\"271\" height=\"244\" \/><br \/>\nAndr\u00e9s Thor &#8211; guitar<br \/>\nKarl Olgeirsson &#8211; piano<br \/>\nJ\u00f3n Rafnsson &#8211; bass<\/p>\n<p>This trio plays Christmas songs and hymns that have accompanied Icelandic Christmas celebrations throughout the decades.<\/p>\n<p>Listen on <a href=\"https:\/\/open.spotify.com\/album\/5v1v35idmesnKlQtigEQua\">Spotify<\/a><\/p>\n<p>Andr\u00e9s Thor, Karl and J\u00f3n will play several concerts during Advent 2022.\u00a0 At the concerts they play the CD \u201c<a href=\"https:\/\/jrmusic.is\/en\/jr-utgafa\/hatidarnott\/\">H\u00e1t\u00ed\u00f0arn\u00f3tt \/ Holy Christmas night<\/a>\u201d from beginning to end, and since the arrangements are on the quieter side, the mood is both comfortable and relaxing.<\/p>\n<ol>\n<li>H\u00e1t\u00ed\u00f0 fer a\u00f0 h\u00f6ndum ein<\/li>\n<li>Sj\u00e1 himins opnast hli\u00f0<\/li>\n<li>Opin standa himins hli\u00f0<\/li>\n<li>\u00dea\u00f0 \u00e1 a\u00f0 gefa b\u00f6rnum brau\u00f0<\/li>\n<li>F\u00f6gur er foldin<\/li>\n<li>\u00cd dag er glatt \u00ed d\u00f6prum hj\u00f6rtum<\/li>\n<li>N\u00f3ttin var s\u00fa \u00e1g\u00e6t ein<\/li>\n<li>J\u00f3lin alls sta\u00f0ar<\/li>\n<li>Fr\u00e1 lj\u00f3sanna h\u00e1sal<\/li>\n<li>J\u00f3lasveinar ganga um g\u00f3lf<\/li>\n<li>Lei\u00f0in til Betlehem<\/li>\n<li>\u00dea\u00f0 aldin \u00fat er sprungi\u00f0<\/li>\n<li>Heims um b\u00f3l<\/li>\n<\/ol>\n","protected":false},"excerpt":{"rendered":"<p>Andr\u00e9s Thor &#8211; guitar Karl Olgeirsson &#8211; piano J\u00f3n Rafnsson &#8211; bass This trio plays Christmas songs and hymns that have accompanied Icelandic Christmas celebrations throughout the decades. Listen on Spotify Andr\u00e9s Thor, Karl and J\u00f3n will play several concerts during Advent 2022.\u00a0 At the concerts they play the CD \u201cH\u00e1t\u00ed\u00f0arn\u00f3tt \/ Holy Christmas night\u201d &hellip; <a href=\"https:\/\/jrmusic.is\/en\/jr-verkefni\/hatidarnott\/\" class=\"more-link\">Continue reading <span class=\"screen-reader-text\">The Christmas Trio<\/span> <span class=\"meta-nav\">&rarr;<\/span><\/a><\/p>\n","protected":false},"author":3,"featured_media":0,"parent":1297,"menu_order":4,"comment_status":"closed","ping_status":"closed","template":"","meta":{"footnotes":""},"class_list":["post-1380","page","type-page","status-publish","hentry"],"_links":{"self":[{"href":"https:\/\/jrmusic.is\/en\/wp-json\/wp\/v2\/pages\/1380","targetHints":{"allow":["GET"]}}],"collection":[{"href":"https:\/\/jrmusic.is\/en\/wp-json\/wp\/v2\/pages"}],"about":[{"href":"https:\/\/jrmusic.is\/en\/wp-json\/wp\/v2\/types\/page"}],"author":[{"embeddable":true,"href":"https:\/\/jrmusic.is\/en\/wp-json\/wp\/v2\/users\/3"}],"replies":[{"embeddable":true,"href":"https:\/\/jrmusic.is\/en\/wp-json\/wp\/v2\/comments?post=1380"}],"version-history":[{"count":26,"href":"https:\/\/jrmusic.is\/en\/wp-json\/wp\/v2\/pages\/1380\/revisions"}],"predecessor-version":[{"id":2991,"href":"https:\/\/jrmusic.is\/en\/wp-json\/wp\/v2\/pages\/1380\/revisions\/2991"}],"up":[{"embeddable":true,"href":"https:\/\/jrmusic.is\/en\/wp-json\/wp\/v2\/pages\/1297"}],"wp:attachment":[{"href":"https:\/\/jrmusic.is\/en\/wp-json\/wp\/v2\/media?parent=1380"}],"curies":[{"name":"wp","href":"https:\/\/api.w.org\/{rel}","templated":true}]}}