{"id":1374,"date":"2017-07-17T09:48:13","date_gmt":"2017-07-17T09:48:13","guid":{"rendered":"https:\/\/jrmusic.is\/en\/?page_id=1374"},"modified":"2022-08-16T09:56:37","modified_gmt":"2022-08-16T09:56:37","slug":"delizie-italiane","status":"publish","type":"page","link":"https:\/\/jrmusic.is\/en\/jr-verkefni\/delizie-italiane\/","title":{"rendered":"Delizie Italiane"},"content":{"rendered":"<p><img loading=\"lazy\" decoding=\"async\" class=\"alignleft\" src=\"https:\/\/jrmusic.is\/en\/wp-content\/uploads\/2015\/11\/DSC_0091-604x270.jpg\" width=\"559\" height=\"250\" \/><\/p>\n<p>&nbsp;<\/p>\n<p>&nbsp;<\/p>\n<p>&nbsp;<\/p>\n<p>&nbsp;<\/p>\n<p>&nbsp;<\/p>\n<p>Delizie Italiane plays at Library Bistro\/Bar at the &#8220;Lj\u00f3san\u00f3tt 2022 Festival&#8221; in Keflavik\/Reykjanesbaer on Friday Sept 2 and Saturday Sept 3 from 19.00 to 22.00 PM<br \/>\nTable reservation &#8211; tel: 4215220 and <a class=\"xFAlBc\" href=\"https:\/\/www.dineout.is\/library\/?lng=en\">librarybistro.is<\/a><\/p>\n<p>Delizie Italiane consists of Leone Tinganelli (vocals and guitar), J\u00f3n Elvar Hafsteinsson (guitar and vocals) and J\u00f3n Rafnsson (double bass and vocals). The trio has been active since the year2000 and released 3 CDs. The basis of the trio&#8217;s musical program is Italian music, but they have also done a bit of playing well-known Icelandic songs and translating their lyrics into Italian, &#8211; songs such as Bl\u00e1u augun \u00feinn, Braggabl\u00fas, \u00dea\u00f0 er gott a\u00f0 elska, Komdu \u00ed kv\u00f6ld, Draumur um N\u00ednu and Tv\u00e6r stj\u00f6rnur got Italian lyrics on the trio&#8217;s third CD, La vita con te\/Life with you.<\/p>\n<p>The trio has released three CDs, &#8220;Passione&#8221;, &#8220;Delizie Italiane&#8221; and &#8220;La vita con te&#8221;, all of which have received good reviews and truly reflect the atmosphere that characterizes the trio<\/p>\n<p><a href=\"https:\/\/jrmusic.is\/en\/delizie-italiane\/geisladiskar\/\">CDs<\/a><\/p>\n<p>Delizie Italiane<br \/>\n\u2013 Leone Tinganelli : vocal and guitar<br \/>\n\u2013 J\u00f3n Elvar Hafsteinsson : guitar and vocal<br \/>\n\u2013 J\u00f3n Rafnsson : double bass and vocal<\/p>\n","protected":false},"excerpt":{"rendered":"<p>&nbsp; &nbsp; &nbsp; &nbsp; &nbsp; Delizie Italiane plays at Library Bistro\/Bar at the &#8220;Lj\u00f3san\u00f3tt 2022 Festival&#8221; in Keflavik\/Reykjanesbaer on Friday Sept 2 and Saturday Sept 3 from 19.00 to 22.00 PM Table reservation &#8211; tel: 4215220 and librarybistro.is Delizie Italiane consists of Leone Tinganelli (vocals and guitar), J\u00f3n Elvar Hafsteinsson (guitar and vocals) and J\u00f3n &hellip; <a href=\"https:\/\/jrmusic.is\/en\/jr-verkefni\/delizie-italiane\/\" class=\"more-link\">Continue reading <span class=\"screen-reader-text\">Delizie Italiane<\/span> <span class=\"meta-nav\">&rarr;<\/span><\/a><\/p>\n","protected":false},"author":3,"featured_media":0,"parent":1297,"menu_order":1,"comment_status":"closed","ping_status":"closed","template":"","meta":{"footnotes":""},"class_list":["post-1374","page","type-page","status-publish","hentry"],"_links":{"self":[{"href":"https:\/\/jrmusic.is\/en\/wp-json\/wp\/v2\/pages\/1374","targetHints":{"allow":["GET"]}}],"collection":[{"href":"https:\/\/jrmusic.is\/en\/wp-json\/wp\/v2\/pages"}],"about":[{"href":"https:\/\/jrmusic.is\/en\/wp-json\/wp\/v2\/types\/page"}],"author":[{"embeddable":true,"href":"https:\/\/jrmusic.is\/en\/wp-json\/wp\/v2\/users\/3"}],"replies":[{"embeddable":true,"href":"https:\/\/jrmusic.is\/en\/wp-json\/wp\/v2\/comments?post=1374"}],"version-history":[{"count":11,"href":"https:\/\/jrmusic.is\/en\/wp-json\/wp\/v2\/pages\/1374\/revisions"}],"predecessor-version":[{"id":3011,"href":"https:\/\/jrmusic.is\/en\/wp-json\/wp\/v2\/pages\/1374\/revisions\/3011"}],"up":[{"embeddable":true,"href":"https:\/\/jrmusic.is\/en\/wp-json\/wp\/v2\/pages\/1297"}],"wp:attachment":[{"href":"https:\/\/jrmusic.is\/en\/wp-json\/wp\/v2\/media?parent=1374"}],"curies":[{"name":"wp","href":"https:\/\/api.w.org\/{rel}","templated":true}]}}