{"id":1309,"date":"2017-07-16T18:30:56","date_gmt":"2017-07-16T18:30:56","guid":{"rendered":"https:\/\/jrmusic.is\/en\/?page_id=1309"},"modified":"2022-07-31T12:03:47","modified_gmt":"2022-07-31T12:03:47","slug":"omar-einarsson-jon-rafnsson-duo","status":"publish","type":"page","link":"https:\/\/jrmusic.is\/en\/jr-verkefni\/omar-einarsson-jon-rafnsson-duo\/","title":{"rendered":"\u00d3mar Einarsson Trio"},"content":{"rendered":"<p><img loading=\"lazy\" decoding=\"async\" class=\"alignleft\" src=\"https:\/\/www.kopavogur.is\/static\/calendar\/images\/lg\/salurinn-trio-o-800x600.jpg\" alt=\"Tr\u00ed\u00f3 \u00d3mars Einarssonar | Sumarjazz \u00ed Salnum | K\u00f3pavogsb\u00e6r\" width=\"402\" height=\"302\" \/>Guitarist \u00d3mar Einarsson and bassist J\u00f3n Rafnsson have worked together for almost 30 years. They often perform as a duo, but for the past few years, drummer Erik Qvick has been playing with them, which gives the music a pleasant texture and more possibilities for material selection. The music program is characterized by their quality arrangements of well-known jazz songs as well as original songs.<\/p>\n<p>\u00d3mar Einarsson &#8211; guitar<br \/>\nJ\u00f3n Rafnsson &#8211; bass<br \/>\nErik Qvick &#8211; drums<\/p>\n<p>Bookings:<br \/>\n\u00d3mar Einarsson &#8211; 8220716 &#8211;\u00a0nv@centrum.is<br \/>\nJ\u00f3n Rafnsson &#8211; 8633177 &#8211; jon@jrmusic.is<\/p>\n","protected":false},"excerpt":{"rendered":"<p>Guitarist \u00d3mar Einarsson and bassist J\u00f3n Rafnsson have worked together for almost 30 years. They often perform as a duo, but for the past few years, drummer Erik Qvick has been playing with them, which gives the music a pleasant texture and more possibilities for material selection. The music program is characterized by their quality &hellip; <a href=\"https:\/\/jrmusic.is\/en\/jr-verkefni\/omar-einarsson-jon-rafnsson-duo\/\" class=\"more-link\">Continue reading <span class=\"screen-reader-text\">\u00d3mar Einarsson Trio<\/span> <span class=\"meta-nav\">&rarr;<\/span><\/a><\/p>\n","protected":false},"author":3,"featured_media":0,"parent":1297,"menu_order":1,"comment_status":"closed","ping_status":"closed","template":"","meta":{"footnotes":""},"class_list":["post-1309","page","type-page","status-publish","hentry"],"_links":{"self":[{"href":"https:\/\/jrmusic.is\/en\/wp-json\/wp\/v2\/pages\/1309","targetHints":{"allow":["GET"]}}],"collection":[{"href":"https:\/\/jrmusic.is\/en\/wp-json\/wp\/v2\/pages"}],"about":[{"href":"https:\/\/jrmusic.is\/en\/wp-json\/wp\/v2\/types\/page"}],"author":[{"embeddable":true,"href":"https:\/\/jrmusic.is\/en\/wp-json\/wp\/v2\/users\/3"}],"replies":[{"embeddable":true,"href":"https:\/\/jrmusic.is\/en\/wp-json\/wp\/v2\/comments?post=1309"}],"version-history":[{"count":22,"href":"https:\/\/jrmusic.is\/en\/wp-json\/wp\/v2\/pages\/1309\/revisions"}],"predecessor-version":[{"id":2987,"href":"https:\/\/jrmusic.is\/en\/wp-json\/wp\/v2\/pages\/1309\/revisions\/2987"}],"up":[{"embeddable":true,"href":"https:\/\/jrmusic.is\/en\/wp-json\/wp\/v2\/pages\/1297"}],"wp:attachment":[{"href":"https:\/\/jrmusic.is\/en\/wp-json\/wp\/v2\/media?parent=1309"}],"curies":[{"name":"wp","href":"https:\/\/api.w.org\/{rel}","templated":true}]}}