{"id":1297,"date":"2017-07-16T18:08:39","date_gmt":"2017-07-16T18:08:39","guid":{"rendered":"https:\/\/jrmusic.is\/en\/?page_id=1297"},"modified":"2022-07-30T21:46:54","modified_gmt":"2022-07-30T21:46:54","slug":"jr-verkefni","status":"publish","type":"page","link":"https:\/\/jrmusic.is\/en\/jr-verkefni\/","title":{"rendered":"JR projects"},"content":{"rendered":"<ol>\n<li><a href=\"https:\/\/jrmusic.is\/en\/jr-verkefni\/nat-king-cole-thor-breidfjord\/\">The Nat King Cole Trio &#8211; Thor Brei\u00f0fj\u00f6r\u00f0<\/a><\/li>\n<li><a href=\"https:\/\/jrmusic.is\/en\/jr-verkefni\/omar-einarsson-jon-rafnsson-duo\/\">\u00d3mar Einarsson Trio<\/a><\/li>\n<li><a href=\"https:\/\/jrmusic.is\/en\/jr-verkefni\/helena-eyjolfsdottir\/\">Helena Eyj\u00f3lfsd\u00f3ttir\u00a0<\/a><\/li>\n<li><a href=\"https:\/\/jrmusic.is\/en\/jr-verkefni\/kristjana-arngrimsdottir\/\">Kristjana Arngr\u00edmsd\u00f3ttir<\/a><\/li>\n<li><a href=\"https:\/\/jrmusic.is\/en\/jr-verkefni\/bjorn-thoroddsen\/\">Bj\u00f6rn Thoroddsen<\/a><\/li>\n<li><a href=\"https:\/\/jrmusic.is\/en\/jr-verkefni\/trio-bjorns-thoroddsen-og-andrea-gylfadottir\/\">Bj\u00f6rn Thoroddsen Trio &amp; Andrea Gylfad\u00f3ttir<\/a><\/li>\n<li><a href=\"https:\/\/jrmusic.is\/en\/jr-verkefni\/bjorn-thoroddsen-luther\/\">Bj\u00f6rn Thoroddsen &amp; Luther<\/a><\/li>\n<li><a href=\"https:\/\/jrmusic.is\/en\/jr-verkefni\/trio-nor\/\">Trio NOR<\/a><\/li>\n<li><a href=\"https:\/\/jrmusic.is\/en\/jr-verkefni\/thor-breidfjord\/\">Thor Brei\u00f0fj\u00f6r\u00f0<\/a><\/li>\n<li><a href=\"https:\/\/jrmusic.is\/en\/jr-verkefni\/thor-breidfjord-islenska-galasveitin\/\">Thor Brei\u00f0fj\u00f6r\u00f0 &amp; the Gala Orchestra<\/a><\/li>\n<li><a href=\"https:\/\/jrmusic.is\/en\/jr-verkefni\/delizie-italiane\/\">Delizie Italiane<\/a><\/li>\n<li><a href=\"https:\/\/jrmusic.is\/en\/jr-verkefni\/hot-eskimos\/\">DJ\u00c4SS<\/a><\/li>\n<li><a href=\"https:\/\/jrmusic.is\/en\/jr-verkefni\/guitar-islancio\/\">Guitar Islancio<\/a><\/li>\n<li><a href=\"https:\/\/jrmusic.is\/en\/jr-verkefni\/hatidarnott\/\">H\u00e1t\u00ed\u00f0arn\u00f3tt &#8211; Christmas Trio<\/a><\/li>\n<li><a href=\"https:\/\/jrmusic.is\/en\/jr-verkefni\/svare-thoroddsen-trio\/\">Svare \/ Thoroddsen Trio<\/a><\/li>\n<\/ol>\n","protected":false},"excerpt":{"rendered":"<p>The Nat King Cole Trio &#8211; Thor Brei\u00f0fj\u00f6r\u00f0 \u00d3mar Einarsson Trio Helena Eyj\u00f3lfsd\u00f3ttir\u00a0 Kristjana Arngr\u00edmsd\u00f3ttir Bj\u00f6rn Thoroddsen Bj\u00f6rn Thoroddsen Trio &amp; Andrea Gylfad\u00f3ttir Bj\u00f6rn Thoroddsen &amp; Luther Trio NOR Thor Brei\u00f0fj\u00f6r\u00f0 Thor Brei\u00f0fj\u00f6r\u00f0 &amp; the Gala Orchestra Delizie Italiane DJ\u00c4SS Guitar Islancio H\u00e1t\u00ed\u00f0arn\u00f3tt &#8211; Christmas Trio Svare \/ Thoroddsen Trio<\/p>\n","protected":false},"author":3,"featured_media":0,"parent":0,"menu_order":9,"comment_status":"closed","ping_status":"closed","template":"","meta":{"footnotes":""},"class_list":["post-1297","page","type-page","status-publish","hentry"],"_links":{"self":[{"href":"https:\/\/jrmusic.is\/en\/wp-json\/wp\/v2\/pages\/1297","targetHints":{"allow":["GET"]}}],"collection":[{"href":"https:\/\/jrmusic.is\/en\/wp-json\/wp\/v2\/pages"}],"about":[{"href":"https:\/\/jrmusic.is\/en\/wp-json\/wp\/v2\/types\/page"}],"author":[{"embeddable":true,"href":"https:\/\/jrmusic.is\/en\/wp-json\/wp\/v2\/users\/3"}],"replies":[{"embeddable":true,"href":"https:\/\/jrmusic.is\/en\/wp-json\/wp\/v2\/comments?post=1297"}],"version-history":[{"count":35,"href":"https:\/\/jrmusic.is\/en\/wp-json\/wp\/v2\/pages\/1297\/revisions"}],"predecessor-version":[{"id":2954,"href":"https:\/\/jrmusic.is\/en\/wp-json\/wp\/v2\/pages\/1297\/revisions\/2954"}],"wp:attachment":[{"href":"https:\/\/jrmusic.is\/en\/wp-json\/wp\/v2\/media?parent=1297"}],"curies":[{"name":"wp","href":"https:\/\/api.w.org\/{rel}","templated":true}]}}