{"id":11,"date":"2015-11-19T10:07:34","date_gmt":"2015-11-19T10:07:34","guid":{"rendered":"http:\/\/nytt.jrmusic.is\/?page_id=11"},"modified":"2026-04-22T18:40:57","modified_gmt":"2026-04-22T18:40:57","slug":"helstu-hljodritanir","status":"publish","type":"page","link":"https:\/\/jrmusic.is\/en\/jon-rafnsson\/helstu-hljodritanir\/","title":{"rendered":"Selected recordings"},"content":{"rendered":"<p>Guitar Islancio I (1999) <a href=\"https:\/\/open.spotify.com\/album\/2KYi2cLqrZ1LpuV0ONIJlD\">on Spotify<\/a><br \/>\nGuitar Islancio II (2000)\u00a0 <a href=\"https:\/\/open.spotify.com\/album\/3l8oP21ojzY90P2seGmXF8\">on Spotify<\/a><br \/>\nGuitar Islancio III (2001) <a href=\"https:\/\/open.spotify.com\/album\/4LZZkoMbJdrZaBgIH57F59\">\u00a0on Spotify<\/a><br \/>\nGuitar Islancio \u2013 Scandinavian Songs (2004)\u00a0 <a href=\"https:\/\/open.spotify.com\/album\/1RNrjd779aVRfVnGyiQJ2w\">on Spotify<\/a><br \/>\nGuitar Islancio \u2013 Icelandic Folk (2005)\u00a0 <a href=\"https:\/\/open.spotify.com\/album\/1lAwSZUQM1RPji0usO4PcP\">on Spotify<\/a><br \/>\nGuitar Islancio \u2013 Connections (2001) <a href=\"https:\/\/open.spotify.com\/album\/1lAwSZUQM1RPji0usO4PcP\">on Spotify<\/a><br \/>\nGuitar Islancio \u2013 Best of (2008)\u00a0 <a href=\"https:\/\/open.spotify.com\/album\/0NUz6VlgKAr5TEj2FH73PQ\">on Spotify<\/a><br \/>\nGuitar Islancio \u2013 \u00dej\u00f3\u00f0l\u00f6g \/ Folksongs \/ Volkslieder (2017 &#8211; JRCD018) <a href=\"https:\/\/open.spotify.com\/album\/5oP20n1QJ4tXZKPrS4qchr\">on Spotify<\/a><\/p>\n<p>Bj\u00f6rn Thoroddsen Trio \u2013 J\u00f3l\/Christmas (JRCD001 and JRLP003) <a href=\"https:\/\/open.spotify.com\/album\/3kIsGiwCHyRzt6ChYX1yhe\">on Spotify<\/a><br \/>\nBj\u00f6rn Thoroddsen Trio &amp; Andrea Gylfad\u00f3ttir \u2013 Vorvindar\/Spring Winds <a href=\"https:\/\/open.spotify.com\/album\/64wsXiT6K5lbMT8ssID9bL\">on Spotify<\/a><br \/>\nBj\u00f6rn Thoroddsen Trio &amp; Andrea Gylfad\u00f3ttir \u2013 Vorv\u00edsur\/Rhymes of Spring\u00a0 <a href=\"https:\/\/open.spotify.com\/album\/37j8coWqR5LWmvvKWQVTE2\">on Spotify<\/a><br \/>\nBj\u00f6rn Thoroddsen Trio &amp;Andrea Gylfad\u00f3ttir \u2013 Hei\u00f0anna r\u00f3\/Serenity of the Highland Moors\u00a0 (JRCD005)\u00a0 <a href=\"https:\/\/open.spotify.com\/album\/3crW8ZLfysnYffv37kikay\">on Spotify<\/a><\/p>\n<p>Bj\u00f6rn Thoroddsen \u2013 Friday Night @ Hringbraut (JRCD029) <a href=\"https:\/\/open.spotify.com\/album\/4CZqJc2MR5whJzJ6RJuu7B\">on Spotify<\/a><br \/>\nBj\u00f6rn Thoroddsen \u2013 Jazz in Reykjavik\u00a0 <a href=\"https:\/\/open.spotify.com\/album\/3Ur8kAESWI75ha4MSdp7Qa\">on Spotify<\/a><br \/>\nBj\u00f6rn Thoroddsen \u2013 Luther <a href=\"https:\/\/open.spotify.com\/album\/6bv8IfRYWFWo8CZdgZyBV1\">on Spotify<\/a><br \/>\nBj\u00f6rn Thoroddsen \u2013 Guitarfest 2009 (JRCD006)\u00a0 <a href=\"https:\/\/open.spotify.com\/album\/2d6HdhUKohDXeA7oC24bao\">on Spotify<\/a><br \/>\nBj\u00f6rn Thoroddsen \u2013 F\u00fasi Halld\u00f3rs \/ The most popular songs (JRCD008) <a href=\"https:\/\/open.spotify.com\/album\/70lbyMAbi1fCmRL9jmOEjC\">on Spotify<\/a><\/p>\n<p>Delizie Italiane \u2013 Passione (JRCD002) <a href=\"https:\/\/open.spotify.com\/album\/1W3UPsQOpX9qkBRKjunIeC\">on Spotify<\/a><br \/>\nDelizie Italiane \u2013 Delizie Italiane (JRCD004) <a href=\"https:\/\/open.spotify.com\/album\/42eG1qNbiKCoTWUnQ5COLp\">onSpotify<\/a><br \/>\nDelizie Italiane \u2013 La vita con te \/The life with you (JRCD009) <a href=\"https:\/\/open.spotify.com\/album\/3GN7qdHjo7ROsZN0eLNFJF\">on Spotify<\/a><\/p>\n<p>DJ\u00c4SS \u2013 Songs from the top of the world (JRCD011 and JRLP021)\u00a0 <a href=\"https:\/\/open.spotify.com\/album\/5ThyC2v87mVbjoUSc7HjWL\">on Spotify<\/a><br \/>\nDJ\u00c4SS \u2013 We Ride Polar Bears (JRCD013) <a href=\"https:\/\/open.spotify.com\/album\/2lxku7C14K09OzXK1yQIZ4\">on Spotify<\/a><br \/>\nDJ\u00c4SS \u2013 DJ\u00c4SS (JRLP022 and JRCD023)\u00a0 <a href=\"https:\/\/open.spotify.com\/album\/1SvPcQ7DHM94KrOIGes05n\">on Spotify <\/a><br \/>\nDJ\u00c4SS \u2013 Tilbrig\u00f0i um Gunnar \u00de\u00f3r\u00f0arson\u00a0\/ Variations on Gunnar Th\u00f3rdarson\u00a0 (JRLP027 and JRCD028) <a href=\"https:\/\/open.spotify.com\/album\/7n4zd0gJIlFiJ2hk29xz3r\">on Spotify<\/a><\/p>\n<p>Andr\u00e9s Thor, \u00a0Karl Olgeirsson, J\u00f3n Rafnsson \u2013 H\u00e1t\u00ed\u00f0arn\u00f3tt \/Holy Christmas Night (JRCD014) <a href=\"https:\/\/open.spotify.com\/album\/5v1v35idmesnKlQtigEQua\">on Spotify\u00a0<\/a><\/p>\n<p>\u00de\u00f3r Brei\u00f0fj\u00f6r\u00f0 \u2013 J\u00f3l \u00ed stofunni\/Christmas in the living room\u00a0 (JRCD015) <a href=\"https:\/\/open.spotify.com\/album\/5lElR3meNoUbsnnJYl7EcV\">on Spotify<\/a><\/p>\n<p>Svare \/ Thoroddsen Trio \u2013 Jazz Airs\u00a0 <a href=\"https:\/\/open.spotify.com\/album\/4J2h4aUzrD3uBWTUFypLB0\">on Spotify<\/a><br \/>\nSvare \/ Thoroddsen Trio \u2013 Sweet and Lovely\u00a0 <a href=\"https:\/\/open.spotify.com\/album\/4lAzzMxRVzyLIRKnEGsEY4\">on Spotify<\/a><br \/>\nSvare \/ Thoroddsen Trio \u2013 Radio Jazz (A collection of songs from the Trio\u00b4s previous CDs)<\/p>\n<p>Arne Forchammer Quartett \u2013 Danish \/ Icelandic Jazz Live in Reykjavik<\/p>\n<p>Gunnar Gunnarsson \u2013 H\u00fam\u00a0 <a href=\"https:\/\/open.spotify.com\/album\/39n35KufUSYZOPW3eUXsjS\">on Spotify<\/a><br \/>\nGunnar Gunnarsson \u2013 Hr\u00edm\u00a0 <a href=\"https:\/\/open.spotify.com\/album\/3Z0XdeVWgqmO2sx27iakuY\">on Spotify<\/a><\/p>\n<p>Anna P\u00e1l\u00edna og A\u00f0alsteinn \u00c1sberg \u2013 Fjall og fjara\u00a0 <a href=\"https:\/\/open.spotify.com\/album\/5jeA6aoR3gIZ0HicNa5ks0\">on Spotify<\/a><br \/>\nAnna P\u00e1l\u00edna \u00c1rnad\u00f3ttir \u2013 Bl\u00e1fuglinn <a href=\"https:\/\/open.spotify.com\/album\/1GvXbn0Mu2vs7v1R95bDAQ\">on Spotify<\/a><br \/>\nAnna P\u00e1l\u00edna \u00c1rnad\u00f3ttir \u2013 Bezt<br \/>\nAnna P\u00e1l\u00edna \u00c1rnad\u00f3ttir \u2013 L\u00edfinu \u00e9g \u00feakka<\/p>\n<p>Margr\u00e9t Eir \u2013 MEIR\u00a0 <a href=\"https:\/\/open.spotify.com\/album\/5SrLvIAKPSWYnL2IWgx1l2\">on Spotify<\/a><\/p>\n<p>Kristjana Arngr\u00edmsd\u00f3ttir \u2013 \u00dev\u00edl\u00edk er \u00e1stin <a href=\"https:\/\/open.spotify.com\/album\/2sjsjuEsvlDHI1r2gjqvGh\">on Spotify<\/a><br \/>\nKristjana Arngr\u00edmsd\u00f3ttir \u2013 \u00cd h\u00faminu \u00a0<a href=\"https:\/\/open.spotify.com\/album\/3Q2vNCQHBogBcFkiT0IVG1\">on Spotify<\/a><br \/>\nKristjana Arngr\u00edmsd\u00f3ttir \u2013 Stjarnanna fj\u00f6ld (JRCD012)\u00a0 <a href=\"https:\/\/open.spotify.com\/album\/6jSSu6ponsFba0rgff3Ah6\">on Spotify<\/a><\/p>\n<p>Inga Eydal \u2013 \u00c1starlj\u00f3\u00f0i\u00f0 mitt <a href=\"https:\/\/open.spotify.com\/album\/0Cde4sp59TGH9gt97oqXcl\">on Spotify<\/a><\/p>\n<p>\u00c1lftager\u00f0isbr\u00e6\u00f0ur \u2013 \u00c1lftirnar kvaka<\/p>\n<p>\u00d3lafur \u00de\u00f3rarinsson (Labbi) \u2013 L\u00edti\u00f0 lj\u00f3s \/ k\u00e6rleiksdiskur<\/p>\n<p>Helena Eyj\u00f3lfsd\u00f3ttir \u2013 Helena (JRCD017) <a href=\"https:\/\/open.spotify.com\/album\/4SapuvsupuHDlRnN8fmzMo\">on Spotify<\/a><\/p>\n<p>K\u00f3r Akraneskirkju &#8211; \u00de\u00fdtur \u00ed str\u00e1um<\/p>\n<p>Kirst\u00edn Erna Bl\u00f6ndal \u2013 FA\u00d0MUR \u2026.sorgin og l\u00edfi\u00f0<br \/>\nKirst\u00edn Erna Bl\u00f6ndal og \u00d6rn Arnarson \u2013 S\u00f6gur og s\u00f6ngvar \u00e1 a\u00f0ventu og j\u00f3lum<br \/>\nKirst\u00edn Erna Bl\u00f6ndal \u2013 \u201cHjarta\u00f0 j\u00e1ti, elski, treysti\u201d S\u00e1lmar Sigurbj\u00f6rns Einarssonar, Biskups<\/p>\n<p>Laufey Gu\u00f0r\u00ed\u00f0ur Geirlaugsd\u00f3ttir \u2013 Lofs\u00f6ngur til \u00fe\u00edn<\/p>\n<p>Valgeir og Didd\u00fa \u2013 Fuglar t\u00edmans\u00a0 <a href=\"https:\/\/open.spotify.com\/album\/7ghvtBq4EpBzUIEZIairdr\">on Spotify<\/a><\/p>\n<p>Ragnar Bjarnason \u2013 Vertu ekki a\u00f0 horfa \/ Afm\u00e6lis\u00fatg\u00e1fa\u00a0 <a href=\"https:\/\/open.spotify.com\/album\/1Mqky4y2r3XAJ5dPZShHsm\">on Spotify<\/a><\/p>\n<p>Geirmundur Valt\u00fdsson \u2013 L\u00e1tum s\u00f6nginn hlj\u00f3ma\u00a0 <a href=\"https:\/\/open.spotify.com\/album\/2E1TrAWtNIC5SGpakGpJ8V\">on Spotify<\/a><\/p>\n<p>Helga M\u00f6ller \u2013 H\u00e1t\u00ed\u00f0arskap \/ Christmas moods <a href=\"https:\/\/open.spotify.com\/album\/32MvyjqctpsYBCRYxzoHBb\">on Spotify<\/a><\/p>\n<p>P\u00e1ll R\u00f3sinkranz \u2013 Christmas Songs <a href=\"https:\/\/open.spotify.com\/album\/50gtz5sq4k44lmxPhU5NUQ\">on Spotify<\/a><\/p>\n<p>&nbsp;<\/p>\n","protected":false},"excerpt":{"rendered":"<p>Guitar Islancio I (1999) on Spotify Guitar Islancio II (2000)\u00a0 on Spotify Guitar Islancio III (2001) \u00a0on Spotify Guitar Islancio \u2013 Scandinavian Songs (2004)\u00a0 on Spotify Guitar Islancio \u2013 Icelandic Folk (2005)\u00a0 on Spotify Guitar Islancio \u2013 Connections (2001) on Spotify Guitar Islancio \u2013 Best of (2008)\u00a0 on Spotify Guitar Islancio \u2013 \u00dej\u00f3\u00f0l\u00f6g \/ Folksongs &hellip; <a href=\"https:\/\/jrmusic.is\/en\/jon-rafnsson\/helstu-hljodritanir\/\" class=\"more-link\">Continue reading <span class=\"screen-reader-text\">Selected recordings<\/span> <span class=\"meta-nav\">&rarr;<\/span><\/a><\/p>\n","protected":false},"author":3,"featured_media":0,"parent":7,"menu_order":2,"comment_status":"closed","ping_status":"closed","template":"","meta":{"footnotes":""},"class_list":["post-11","page","type-page","status-publish","hentry"],"_links":{"self":[{"href":"https:\/\/jrmusic.is\/en\/wp-json\/wp\/v2\/pages\/11","targetHints":{"allow":["GET"]}}],"collection":[{"href":"https:\/\/jrmusic.is\/en\/wp-json\/wp\/v2\/pages"}],"about":[{"href":"https:\/\/jrmusic.is\/en\/wp-json\/wp\/v2\/types\/page"}],"author":[{"embeddable":true,"href":"https:\/\/jrmusic.is\/en\/wp-json\/wp\/v2\/users\/3"}],"replies":[{"embeddable":true,"href":"https:\/\/jrmusic.is\/en\/wp-json\/wp\/v2\/comments?post=11"}],"version-history":[{"count":36,"href":"https:\/\/jrmusic.is\/en\/wp-json\/wp\/v2\/pages\/11\/revisions"}],"predecessor-version":[{"id":3267,"href":"https:\/\/jrmusic.is\/en\/wp-json\/wp\/v2\/pages\/11\/revisions\/3267"}],"up":[{"embeddable":true,"href":"https:\/\/jrmusic.is\/en\/wp-json\/wp\/v2\/pages\/7"}],"wp:attachment":[{"href":"https:\/\/jrmusic.is\/en\/wp-json\/wp\/v2\/media?parent=11"}],"curies":[{"name":"wp","href":"https:\/\/api.w.org\/{rel}","templated":true}]}}