{"id":1096,"date":"2016-12-09T08:14:14","date_gmt":"2016-12-09T08:14:14","guid":{"rendered":"https:\/\/jrmusic.is\/en\/?page_id=1096"},"modified":"2022-07-30T09:58:59","modified_gmt":"2022-07-30T09:58:59","slug":"helena-eyjolfsdottir","status":"publish","type":"page","link":"https:\/\/jrmusic.is\/en\/jr-utgafa\/helena-eyjolfsdottir\/","title":{"rendered":"Helena Eyj\u00f3lfsd\u00f3ttir (CD)"},"content":{"rendered":"<p><img loading=\"lazy\" decoding=\"async\" class=\"alignleft\" src=\"http:\/\/goevent-images.s3.amazonaws.com\/ifpi-2015\/dd59cc5a\/web\/xl_artist_420_20161208055227_d9e1bf7c.jpg\" alt=\"HELENA EYJ\u00d3LFSD\u00d3TTIR - HELENA\" width=\"272\" height=\"261\" \/><strong>Helena (JRCD017)<br \/>\n<\/strong><strong> &#8211; Helena Eyj\u00f3lfsd\u00f3ttir<\/strong><\/p>\n<p>Order CD direct from JR Music: <a href=\"mailto:jon@jrmusic.is\">jon@jrmusic.is<br \/>\n<\/a>Price ISK 2.500,-<strong>\u00a0<\/strong><\/p>\n<p>Listen on <a href=\"https:\/\/open.spotify.com\/album\/4SapuvsupuHDlRnN8fmzMo\">Spotify\u00a0<\/a><\/p>\n<p>&nbsp;<\/p>\n<p>&nbsp;<\/p>\n<p>A new CD from the legendary Icelandic singer, Helena Eyj\u00f3lfsd\u00f3ttir. 6 new songs and 5 covers, \u2013 some of her favorite songs through the years, here with Icelandic lyrics.<\/p>\n<p>Saman \u00e1 n\u00fd (Lag: Karl Olgeirsson Texti: Bragi Valdimar Sk\u00falason)<br \/>\nEnginn veit\u00a0 (Lag: Manuel Alejandro, Ana Magdalena\u00a0 Texti: Hermann Ingi Arason)<br \/>\nAugun bl\u00ed\u00f0\u00a0 (Lag og texti: J\u00f3hann G. J\u00f3hannsson)<br \/>\nL\u00faka af mold\u00a0 (Lag og texti: Magn\u00fas Eir\u00edksson)<br \/>\nUndurfagra l\u00edf\u00a0 (Lag: Ingvi \u00de\u00f3r Korm\u00e1ksson\u00a0 Texti: Bragi Bergmann)<br \/>\nReykur (Lag: Karl Olgeirsson og Trausti \u00d6rn Einarsson\u00a0\u00a0 Texti: Karl Olgeirsson)<br \/>\nManstu?\u00a0 (Lag: Ingvi \u00de\u00f3r Korm\u00e1ksson\u00a0\u00a0 Texti: Bragi Bergmann)<br \/>\nGlitra gullin sk\u00fd\u00a0 (Lag: Victor\u00a0 Young\u00a0\u00a0 Texti: Eir\u00edkur Karl Eir\u00edksson)<br \/>\nA\u00f0 eil\u00edfu\u00a0 (Lag: Boz Scaggs\u00a0\u00a0 Texti: Bragi Bergmann)<br \/>\nR\u00f3s\u00a0 (Lag: Amanda McBroom\u00a0\u00a0\u00a0 Texti: \u00d3mar Ragnarsson)<br \/>\n\u00cd r\u00f6kkurr\u00f3\u00a0 (Lag: Al Nevins, Morty Nevins, Artie Dunn\u00a0\u00a0 Texti: J\u00f3n Sigur\u00f0sson)<\/p>\n<p>.<\/p>\n","protected":false},"excerpt":{"rendered":"<p>Helena (JRCD017) &#8211; Helena Eyj\u00f3lfsd\u00f3ttir Order CD direct from JR Music: jon@jrmusic.is Price ISK 2.500,-\u00a0 Listen on Spotify\u00a0 &nbsp; &nbsp; A new CD from the legendary Icelandic singer, Helena Eyj\u00f3lfsd\u00f3ttir. 6 new songs and 5 covers, \u2013 some of her favorite songs through the years, here with Icelandic lyrics. Saman \u00e1 n\u00fd (Lag: Karl Olgeirsson &hellip; <a href=\"https:\/\/jrmusic.is\/en\/jr-utgafa\/helena-eyjolfsdottir\/\" class=\"more-link\">Continue reading <span class=\"screen-reader-text\">Helena Eyj\u00f3lfsd\u00f3ttir (CD)<\/span> <span class=\"meta-nav\">&rarr;<\/span><\/a><\/p>\n","protected":false},"author":3,"featured_media":0,"parent":17,"menu_order":17,"comment_status":"closed","ping_status":"closed","template":"","meta":{"footnotes":""},"class_list":["post-1096","page","type-page","status-publish","hentry"],"_links":{"self":[{"href":"https:\/\/jrmusic.is\/en\/wp-json\/wp\/v2\/pages\/1096","targetHints":{"allow":["GET"]}}],"collection":[{"href":"https:\/\/jrmusic.is\/en\/wp-json\/wp\/v2\/pages"}],"about":[{"href":"https:\/\/jrmusic.is\/en\/wp-json\/wp\/v2\/types\/page"}],"author":[{"embeddable":true,"href":"https:\/\/jrmusic.is\/en\/wp-json\/wp\/v2\/users\/3"}],"replies":[{"embeddable":true,"href":"https:\/\/jrmusic.is\/en\/wp-json\/wp\/v2\/comments?post=1096"}],"version-history":[{"count":30,"href":"https:\/\/jrmusic.is\/en\/wp-json\/wp\/v2\/pages\/1096\/revisions"}],"predecessor-version":[{"id":2918,"href":"https:\/\/jrmusic.is\/en\/wp-json\/wp\/v2\/pages\/1096\/revisions\/2918"}],"up":[{"embeddable":true,"href":"https:\/\/jrmusic.is\/en\/wp-json\/wp\/v2\/pages\/17"}],"wp:attachment":[{"href":"https:\/\/jrmusic.is\/en\/wp-json\/wp\/v2\/media?parent=1096"}],"curies":[{"name":"wp","href":"https:\/\/api.w.org\/{rel}","templated":true}]}}