{"id":107,"date":"2015-11-19T12:46:14","date_gmt":"2015-11-19T12:46:14","guid":{"rendered":"http:\/\/nytt.jrmusic.is\/?page_id=107"},"modified":"2022-07-31T07:46:00","modified_gmt":"2022-07-31T07:46:00","slug":"trio-bjorns-thoroddsen-og-andrea-gylfadottir","status":"publish","type":"page","link":"https:\/\/jrmusic.is\/en\/jr-verkefni\/trio-bjorns-thoroddsen-og-andrea-gylfadottir\/","title":{"rendered":"Bj\u00f6rn Thoroddsen Trio &#038; Andrea Gylfad\u00f3ttir"},"content":{"rendered":"<p><img loading=\"lazy\" decoding=\"async\" class=\"alignleft\" src=\"http:\/\/www.mbl.is\/myndir\/gagnasafn\/2009\/04\/23\/GGNK42G3.jpg\" alt=\"Tr\u00ed\u00f3 og Andrea Bj\u00f6rn Thoroddsen, J\u00f3n Rafnsson, J\u00f3hann Hj\u00f6rleifsson og Andrea Gylfad\u00f3ttir.\" width=\"301\" height=\"251\" \/>\u00c1 \u00feremur geisladiskum flytja tr\u00ed\u00f3 Bj\u00f6rns Thoroddsen og Andrea Gylfad\u00f3ttir \u00feekkt s\u00f6ngl\u00f6g og lj\u00f3\u00f0 \u00ed bland vi\u00f0 \u00feekkt d\u00e6gurl\u00f6g sem endurspegla hinn sanna \u00edslenska sveital\u00edfsanda s\u00ed\u00f0ustu aldar, &#8211; \u00a0l\u00f6g sem fylgt hafa \u00edslensku \u00fej\u00f3\u00f0inni \u00ed \u00e1ratugi, yfirfull af vor-, sumar- og sveitar\u00f3mant\u00edk og hafa fyrir l\u00f6ngu fest sig \u00ed sessi h\u00e9r \u00e1 landi, hvort sem \u00feau eru \u00edslensk e\u00f0a ekki.<\/p>\n<p>&nbsp;<\/p>\n<p>&nbsp;<\/p>\n<p style=\"text-align: left;\"><img loading=\"lazy\" decoding=\"async\" class=\"alignleft\" src=\"https:\/\/m.media-amazon.com\/images\/I\/71k5MQTeQnL._AC_UY218_.jpg\" alt=\"Vorvindar\" width=\"206\" height=\"200\" \/><\/p>\n<p style=\"text-align: left;\"><strong>&#8220;Vorvindar&#8221; (2006)<\/strong>\u00a0H\u00e9r lei\u00f0ir Bj\u00f6rn tr\u00ed\u00f3i\u00f0 sitt \u00e1samt<br \/>\nAndreu \u00ed m\u00f6rgum af fallegustu s\u00f6ngl\u00f6gum s\u00ed\u00f0ustu aldar og \u00fe\u00e1 frekar fr\u00e1 fyrriparti aldarinnar og m\u00e1 til d\u00e6mis nefna l\u00f6g eins og Vorvindar gla\u00f0ir, Draumur hjar\u00f0sveinsins, Hl\u00ed\u00f0in m\u00edn fr\u00ed\u00f0a, Sveitin milli sanda, \u00d6mmub\u00e6n og Bl\u00e1tt l\u00edti\u00f0 bl\u00f3m eitt er.<\/p>\n<p>Hlusta \u00e1 <a href=\"https:\/\/open.spotify.com\/album\/64wsXiT6K5lbMT8ssID9bL\">Spotify<\/a><\/p>\n<p>&nbsp;<\/p>\n<p>&nbsp;<\/p>\n<p><img loading=\"lazy\" decoding=\"async\" class=\"alignleft\" src=\"https:\/\/www.mbl.is\/myndir\/gagnasafn\/2007\/06\/28\/G2FFNO1D.jpg\" alt=\"Mynd \u00far Gagnasafni (grein 1152745\" width=\"203\" height=\"180\" \/><\/p>\n<p><strong>&#8220;Vorv\u00edsur&#8221; (2007)\u00a0<\/strong>\u00c1 \u00feessum diski kve\u00f0ur vi\u00f0 a\u00f0eins kr\u00f6ftugri t\u00f3n en \u00e1 \u00feeim fyrri eins og heyra m\u00e1 strax \u00ed upphafslaginu, L\u00f3an er komin. \u00d6nnur l\u00f6g \u00e1 disknum er m.a. Smaladrengurinn, Dalakofinn, M\u00e9r um hug og hjarta n\u00fa, Sprettur, Geng \u00e9g fram \u00e1 gn\u00edpur og Heyl\u00f3uv\u00edsa auk fleiri laga.<\/p>\n<p>Hlusta \u00e1 <a href=\"https:\/\/open.spotify.com\/album\/37j8coWqR5LWmvvKWQVTE2\">Spotify<\/a><\/p>\n<p>&nbsp;<\/p>\n<p><img loading=\"lazy\" decoding=\"async\" class=\"alignleft\" src=\"https:\/\/jrmusic.is\/en\/wp-content\/uploads\/2015\/11\/Hei%C3%B0anna-r%C3%B3-frontur-300x300.jpg\" alt=\"Hei\u00f0anna r\u00f3 - frontur\" width=\"206\" height=\"206\" \/><\/p>\n<p><strong>&#8220;Hei\u00f0anna r\u00f3&#8221; (2009)\u00a0<\/strong>Sumar- og sveitastemmningin er allsr\u00e1\u00f0andi h\u00e9r og l\u00f6g eins og Fram \u00ed hei\u00f0anna r\u00f3, R\u00e9ttarsamba, \u00d3li rokkari, \u00d3 f\u00f6gur er vor f\u00f3sturj\u00f6r\u00f0, Kv\u00f6ldi\u00f0 er fagurt, Hva\u00f0 er svo glatt, Fyrir handan fj\u00f6llin h\u00e1u, \u00cd gr\u00e6num m\u00f3 o.fl. pr\u00fd\u00f0a \u00feessa pl\u00f6tu sem hlj\u00f3\u00f0ritu\u00f0 var \u00ed litlum sveitab\u00e6 \u00e1 h\u00f6fu\u00f0borgarsv\u00e6\u00f0inu &#8230;&#8230;.\u00a0<a href=\"https:\/\/jrmusic.is\/en\/jr-utgafa\/heidanna-ro\/\">meira<\/a><\/p>\n<p>Hlusta \u00e1 <a href=\"https:\/\/open.spotify.com\/album\/3crW8ZLfysnYffv37kikay\">Spotify<\/a><\/p>\n<p>&nbsp;<\/p>\n<p>Diskarnir fengu allir feiknag\u00f3\u00f0ar vi\u00f0t\u00f6kur og \u00feau Bj\u00f6rn, Andrea, J\u00f3n og J\u00f3hann hafa, allt fr\u00e1 \u00fatkomu fyrsta disksins, haldi\u00f0 t\u00f3nleika v\u00ed\u00f0a um land og m.a. veri\u00f0 virk \u00ed grunnsk\u00f3la- verkefninu &#8220;T\u00f3nlist fyrir alla&#8221; \u00ed mikilli \u00fe\u00f6kk kennara sem eru \u00e1n\u00e6g\u00f0ir me\u00f0 \u00fe\u00e1 vir\u00f0ingu sem \u00feau hafa s\u00fdnt \u00feessum l\u00f6gum \u00ed n\u00e1lgun og \u00fatsetningum og hafa sumir haft \u00e1 or\u00f0i a\u00f0 \u00feessir diskar \u00e6ttu allir a\u00f0 vera til \u00ed hverjum einasta grunnsk\u00f3la landsins.<\/p>\n<p><strong>Umsagnir \u00far dagbl\u00f6\u00f0um og netmi\u00f0lum<\/strong><br \/>\n<a href=\"http:\/\/www.siglo.is\/is\/frettir\/getAllItems\/1\/trio_bjorns_thoroddsen_og_andrea_gylfadottir\">\u00dej\u00f3\u00f0lagah\u00e1t\u00ed\u00f0in \u00e1 Siglufir\u00f0i<\/a><a href=\"http:\/\/www.akurskoli.is\/frettir\/trio-bjorns-thoroddsen-og-andrea-gylfadottir\/31\/\"><br \/>\n<\/a><a href=\"http:\/\/www.mbl.is\/greinasafn\/grein\/1152745\/?item_num=15&amp;searchid=4f07bb9a55303bfa135d35235b843c86845eddc1\">Morgunbla\u00f0i\u00f0<br \/>\n<\/a><a href=\"http:\/\/www.mbl.is\/greinasafn\/grein\/1085833\/?item_num=21&amp;searchid=4f07bb9a55303bfa135d35235b843c86845eddc1\">Morgunbla\u00f0i\u00f0<br \/>\n<\/a><a href=\"http:\/\/www.mbl.is\/greinasafn\/grein\/1084510\/?item_num=60&amp;dags=2006-05-26\">Morgunbla\u00f0i\u00f0<br \/>\n<\/a><\/p>\n<p><strong>Nokkur or\u00f0 um tilur\u00f0 \u00feessa verkefnis<\/strong><br \/>\n\u00dea\u00f0 var flj\u00f3tlega upp \u00far s\u00ed\u00f0ustu aldam\u00f3tum sem J\u00f3n Rafnsson \u00e1m\u00e1lga\u00f0i \u00fea\u00f0 vi\u00f0 Bj\u00f6rn Thoroddsen, f\u00e9laga sinn, hvort hann v\u00e6ri ekki til \u00ed a\u00f0 gr\u00faska a\u00f0eins me\u00f0 s\u00e9r \u00ed lagasafni sem alla jafna er kalla\u00f0 &#8220;fj\u00e1rl\u00f6gin&#8221; og var gefi\u00f0 \u00fat \u00ed tveimur bindum \u00e1rin 1915 og 1916. \u00dea\u00f0 voru \u00feeir Sigf\u00fas Einarsson, d\u00f3mkirkjuorganleikari og Halld\u00f3r J\u00f3nasson sem s\u00f6fnu\u00f0u \u00feessum l\u00f6gum og \u00fatbjuggu til prentunar og \u00fatg\u00e1fu. Um \u00fe\u00f3 nokkurt skei\u00f0 haf\u00f0i \u00feetta lagasafn ekki veri\u00f0 f\u00e1anlegt, en \u00e1ri\u00f0 1982 komu b\u00e6\u00f0i bindin \u00fat \u00ed einni b\u00f3k ,\u00a0\u00f3breytt og \u00ed upphaflegum raddsetningum Sigf\u00fasar,\u00a0undir nafninu &#8220;\u00cdslenskt s\u00f6ngvasafn&#8221;. \u00deeir Bj\u00f6rn og J\u00f3n voru a\u00f0eins b\u00fanir a\u00f0 m\u00e1ta nokkur af \u00feessum l\u00f6gum, en skri\u00f0ur komst \u00fe\u00f3 ekki \u00e1 vinnuna fyrr en hausti\u00f0 2005 \u00feegar \u00de\u00f3runn Sigur\u00f0ard\u00f3ttir, \u00fe\u00e1verandi framkv\u00e6mdastj\u00f3ri listah\u00e1t\u00ed\u00f0ar \u00ed Reykjav\u00edk, haf\u00f0i samband vi\u00f0 \u00fe\u00e1, &#8211; h\u00fan haf\u00f0i heyrt af \u00feessum hugmyndum og bau\u00f0 \u00feeim f\u00e9l\u00f6gum a\u00f0 vera me\u00f0 t\u00f3nleika \u00e1 listah\u00e1t\u00ed\u00f0inni vori\u00f0 2006. Og \u00fea\u00f0 var r\u00e1\u00f0ist \u00ed a\u00f0 velja l\u00f6gin, en \u00fear var \u00feeim innan handar Rafn Valgar\u00f0sson, fa\u00f0ir J\u00f3ns og \u00fe\u00f3 svo a\u00f0 l\u00f6gin v\u00e6ru miki\u00f0 til s\u00f3tt \u00ed fyrrnefndar b\u00e6kur, var n\u00fa samt \u00e1kve\u00f0i\u00f0 a\u00f0 hafa lagavali\u00f0 d\u00e1l\u00edti\u00f0 opi\u00f0 og fara a\u00f0eins \u00fat fyrir &#8220;fj\u00e1rl\u00f6gin&#8221;, en halda \u00fe\u00f3 trygg\u00f0 vi\u00f0 \u00feennan fallega, r\u00f3mant\u00edska s\u00f6nglagast\u00edl. Og hlj\u00f3msveitin, &#8211; j\u00fa, \u00fea\u00f0 l\u00e1 n\u00fa bara beinast vi\u00f0 a\u00f0 Bj\u00f6rn nota\u00f0ist vi\u00f0 tr\u00ed\u00f3i\u00f0 sitt, sem \u00e1 \u00feessum t\u00edma var auk hans, skipa\u00f0 \u00feeim J\u00f3ni Rafnssyni \u00e1 bassa og J\u00f3hanni Hj\u00f6rleifssyni \u00e1 trommur og \u00feeirra draumas\u00f6ngkona \u00ed verkefni\u00f0 var Andrea Gylfad\u00f3ttir, sem leist vel \u00e1 \u00feessar hugmyndir og var meira en til \u00ed a\u00f0 vera me\u00f0. Fyrsti diskurinn, Vorvindar, kom \u00fat \u00ed ma\u00ed 2006 \u00ed sambandi vi\u00f0 \u00e1\u00f0urnefnda listah\u00e1t\u00ed\u00f0art\u00f3nleika og \u00fear sem lagalistinn var ekki h\u00e1lfna\u00f0ur var bara \u00e1kve\u00f0i\u00f0 a\u00f0 gera a\u00f0ra pl\u00f6tu og helst \u00fe\u00e1 \u00feri\u00f0ju og \u00fea\u00f0 var gert, &#8211; Vorv\u00edsur komu \u00fat 2007 og Hei\u00f0anna r\u00f3 2009 &#8230;.. og \u00feannig er n\u00fa s\u00fa saga.<\/p>\n<p><strong>B\u00f3kanir:<br \/>\n<\/strong>J\u00f3n Rafnsson : 8633177 \u2013 <a href=\"mailto:jon@jrmusic.is\">jon@jrmusic.is<br \/>\n<\/a>Bj\u00f6rn Thoroddsen :\u00a08921483 \u2013 <a href=\"mailto:bjornthoroddsen@gmail.com\">bjornthoroddsen@gmail.com<\/a><\/p>\n<p><a href=\"https:\/\/jrmusic.is\/en\/\">Tilbaka \u00e1 fors\u00ed\u00f0u<\/a><\/p>\n","protected":false},"excerpt":{"rendered":"<p>\u00c1 \u00feremur geisladiskum flytja tr\u00ed\u00f3 Bj\u00f6rns Thoroddsen og Andrea Gylfad\u00f3ttir \u00feekkt s\u00f6ngl\u00f6g og lj\u00f3\u00f0 \u00ed bland vi\u00f0 \u00feekkt d\u00e6gurl\u00f6g sem endurspegla hinn sanna \u00edslenska sveital\u00edfsanda s\u00ed\u00f0ustu aldar, &#8211; \u00a0l\u00f6g sem fylgt hafa \u00edslensku \u00fej\u00f3\u00f0inni \u00ed \u00e1ratugi, yfirfull af vor-, sumar- og sveitar\u00f3mant\u00edk og hafa fyrir l\u00f6ngu fest sig \u00ed sessi h\u00e9r \u00e1 landi, hvort sem &hellip; <a href=\"https:\/\/jrmusic.is\/en\/jr-verkefni\/trio-bjorns-thoroddsen-og-andrea-gylfadottir\/\" class=\"more-link\">Continue reading <span class=\"screen-reader-text\">Bj\u00f6rn Thoroddsen Trio &#038; Andrea Gylfad\u00f3ttir<\/span> <span class=\"meta-nav\">&rarr;<\/span><\/a><\/p>\n","protected":false},"author":3,"featured_media":0,"parent":1297,"menu_order":6,"comment_status":"closed","ping_status":"closed","template":"","meta":{"footnotes":""},"class_list":["post-107","page","type-page","status-publish","hentry"],"_links":{"self":[{"href":"https:\/\/jrmusic.is\/en\/wp-json\/wp\/v2\/pages\/107","targetHints":{"allow":["GET"]}}],"collection":[{"href":"https:\/\/jrmusic.is\/en\/wp-json\/wp\/v2\/pages"}],"about":[{"href":"https:\/\/jrmusic.is\/en\/wp-json\/wp\/v2\/types\/page"}],"author":[{"embeddable":true,"href":"https:\/\/jrmusic.is\/en\/wp-json\/wp\/v2\/users\/3"}],"replies":[{"embeddable":true,"href":"https:\/\/jrmusic.is\/en\/wp-json\/wp\/v2\/comments?post=107"}],"version-history":[{"count":71,"href":"https:\/\/jrmusic.is\/en\/wp-json\/wp\/v2\/pages\/107\/revisions"}],"predecessor-version":[{"id":2965,"href":"https:\/\/jrmusic.is\/en\/wp-json\/wp\/v2\/pages\/107\/revisions\/2965"}],"up":[{"embeddable":true,"href":"https:\/\/jrmusic.is\/en\/wp-json\/wp\/v2\/pages\/1297"}],"wp:attachment":[{"href":"https:\/\/jrmusic.is\/en\/wp-json\/wp\/v2\/media?parent=107"}],"curies":[{"name":"wp","href":"https:\/\/api.w.org\/{rel}","templated":true}]}}