{"id":105,"date":"2015-11-19T12:45:44","date_gmt":"2015-11-19T12:45:44","guid":{"rendered":"http:\/\/nytt.jrmusic.is\/?page_id=105"},"modified":"2026-03-22T16:06:03","modified_gmt":"2026-03-22T16:06:03","slug":"bjorn-thoroddsen-luther","status":"publish","type":"page","link":"https:\/\/jrmusic.is\/en\/jr-verkefni\/bjorn-thoroddsen-luther\/","title":{"rendered":"Bj\u00f6rn Thoroddsen &#038; Luther"},"content":{"rendered":"<p><img decoding=\"async\" class=\"alignleft\" src=\"https:\/\/encrypted-tbn2.gstatic.com\/images?q=tbn:ANd9GcQ2J2UpyM65s2ME-mXutZaYwxdcpVo_SqVrj53h8phgegjD43EG\" alt=\"Myndani\u00f0ursta\u00f0a fyrir bj\u00f6rn thoroddsen\" \/><img loading=\"lazy\" decoding=\"async\" class=\"alignleft\" src=\"https:\/\/encrypted-tbn1.gstatic.com\/images?q=tbn:ANd9GcSAz267jfAWNv4LptsQH5Wuoxr4ZBEvr8EsXA-bKFzqyIixDsWPvg\" alt=\"Myndani\u00f0ursta\u00f0a fyrir bj\u00f6rn thoroddsen\" width=\"232\" height=\"232\" \/>Around the turn of the last century, Bj\u00f6rn Thoroddsen began collecting notes containing several hymns composed by Martin Luther (1483\u20131546) in the early 16th century. It is known that Luther made use of the primary music of his time and was in contact with some of the leading composers active in the era. He was unafraid to modify and renew older music, and there are examples of him reworking a hymn tune believed to have been composed around the year 1000.<\/p>\n<p>Bj\u00f6rn follows a similar path: he reworks some of Luther\u2019s pieces, adapts them to our own time, and makes some of them his own. In 2004, Bj\u00f6rn released the album \u201cLuther\u201d, which contains 10 hymns. The album was very well received, by audiences and by critics alike. As one review noted: \u201c\u2026on this album, Bj\u00f6rn draws on music composed by the founder of the Lutheran Church, Martin Luther himself, who was a highly capable composer mostly focused on hymns. Some of these can be found in the Icelandic Hymnal, while others are less well known. Bj\u00f6rn essentially reworks many of these pieces, building on the foundation that Luther created. One could say that a bridge has been built here between the Middle Ages and the modern era.\u201d<\/p>\n<ol>\n<li>\u00cd dau\u00f0ans h\u00f6ndum Drottinn l\u00e1<br \/>\nChrist lag in Todesbanden \/ Christ lay in the bonds of death<\/li>\n<li>N\u00fa h\u00e9\u00f0an \u00e1 burt \u00ed fri\u00f0i \u00e9g fer<br \/>\nMit Fried und Freud &#8230;. \/ In peace and joy I now depart<\/li>\n<li>Vor Gu\u00f0 er borg \u00e1 bjargi traust<br \/>\nEin\u00b4feste Burg ist unser Gott \/ A mighty fortress is our God<\/li>\n<li>Endurlausnari var Jes\u00fas Kristur er dau\u00f0an sigra\u00f0i<br \/>\nJesus Christus unser Heiland der den Tod \u00fcberwand<br \/>\nOur Redeemer Jesus Christ, who triumphed over death<\/li>\n<li>Af himnum ofan bo\u00f0skap ber<br \/>\nVom Himmel hoch, da komme ich her \/ From Heaven above to earth I come<\/li>\n<li>Herra Gu\u00f0 \u00ed himnar\u00edki<br \/>\nDies sind die heiligen zehn Gebut \/ The Lord God in Heaven<\/li>\n<li>Impromptu Luther<\/li>\n<li>Svo v\u00edtt um heim sem s\u00f3lin er<br \/>\nChristum wir sollen loben schon \/ As far as light of sun doth shine<\/li>\n<li>\u00cd miskunn, Gu\u00f0 vor<br \/>\nEs wollt\u00b4 uns Gott gen\u00e4dig sei \/ May God unto us gracious be<\/li>\n<li>Gloria<\/li>\n<\/ol>\n<p>Listen on\u00a0<a href=\"https:\/\/open.spotify.com\/album\/6bv8IfRYWFWo8CZdgZyBV1\">Spotify<\/a><br \/>\nListen on <a href=\"https:\/\/tidal.com\/album\/260251214\">Tidal<\/a><\/p>\n<p>Bj\u00f6rn Thoroddsen &#8211; guitar<br \/>\nRichard Gillis &#8211; trumpet<br \/>\nStef\u00e1n S. Stef\u00e1nsson &#8211; saxophone<br \/>\nJ\u00f3n Rafnsson &#8211; bass<br \/>\nEric Qvik &#8211; drums<\/p>\n<p>Recorded at BT Studio<br \/>\nMixing by Gunnar Sm\u00e1ri Helgason<br \/>\nAll arrangements by Bj\u00f6rn Thoroddsen and Richard Gillis<\/p>\n<p>Released in 2004<\/p>\n","protected":false},"excerpt":{"rendered":"<p>Around the turn of the last century, Bj\u00f6rn Thoroddsen began collecting notes containing several hymns composed by Martin Luther (1483\u20131546) in the early 16th century. It is known that Luther made use of the primary music of his time and was in contact with some of the leading composers active in the era. He was &hellip; <a href=\"https:\/\/jrmusic.is\/en\/jr-verkefni\/bjorn-thoroddsen-luther\/\" class=\"more-link\">Continue reading <span class=\"screen-reader-text\">Bj\u00f6rn Thoroddsen &#038; Luther<\/span> <span class=\"meta-nav\">&rarr;<\/span><\/a><\/p>\n","protected":false},"author":3,"featured_media":0,"parent":1297,"menu_order":7,"comment_status":"closed","ping_status":"closed","template":"","meta":{"footnotes":""},"class_list":["post-105","page","type-page","status-publish","hentry"],"_links":{"self":[{"href":"https:\/\/jrmusic.is\/en\/wp-json\/wp\/v2\/pages\/105","targetHints":{"allow":["GET"]}}],"collection":[{"href":"https:\/\/jrmusic.is\/en\/wp-json\/wp\/v2\/pages"}],"about":[{"href":"https:\/\/jrmusic.is\/en\/wp-json\/wp\/v2\/types\/page"}],"author":[{"embeddable":true,"href":"https:\/\/jrmusic.is\/en\/wp-json\/wp\/v2\/users\/3"}],"replies":[{"embeddable":true,"href":"https:\/\/jrmusic.is\/en\/wp-json\/wp\/v2\/comments?post=105"}],"version-history":[{"count":18,"href":"https:\/\/jrmusic.is\/en\/wp-json\/wp\/v2\/pages\/105\/revisions"}],"predecessor-version":[{"id":3261,"href":"https:\/\/jrmusic.is\/en\/wp-json\/wp\/v2\/pages\/105\/revisions\/3261"}],"up":[{"embeddable":true,"href":"https:\/\/jrmusic.is\/en\/wp-json\/wp\/v2\/pages\/1297"}],"wp:attachment":[{"href":"https:\/\/jrmusic.is\/en\/wp-json\/wp\/v2\/media?parent=105"}],"curies":[{"name":"wp","href":"https:\/\/api.w.org\/{rel}","templated":true}]}}